{"id":13575,"date":"2020-04-20T07:50:33","date_gmt":"2020-04-20T07:50:33","guid":{"rendered":"https:\/\/qubyx.com\/product\/qubyx-perfectlum-4\/"},"modified":"2020-04-20T07:50:33","modified_gmt":"2020-04-20T07:50:33","slug":"qubyx-perfectlum-4","status":"publish","type":"product","link":"https:\/\/qubyx.com\/fr\/product\/qubyx-perfectlum-4\/","title":{"rendered":"QUBYX Perfectlum 4"},"content":{"rendered":"<p>Logiciel d\u2019\u00e9talonnage PerfectLum : con\u00e7u pour la pr\u00e9cision et la compatibilit\u00e9<\/p>\n<p>Le logiciel d\u2019\u00e9talonnage PerfectLum non seulement respecte, mais d\u00e9passe les normes m\u00e9dicales telles que NEMA DICOM partie 14 GSDF, NY PDM, AAPM TG18, DIN 6868-157, DIN 6868-57, ACR et NYC PDM. Con\u00e7u pour calibrer pratiquement n\u2019importe quel \u00e9cran, PerfectLum prend en charge une vaste gamme de dispositifs de mesure et de cartes graphiques. Apr\u00e8s chaque \u00e9talonnage ou test QA, un rapport complet est g\u00e9n\u00e9r\u00e9, documentant le processus m\u00e9ticuleux et les r\u00e9sultats.  <\/p>\n<p>Licence par station de travail : PerfectLum est vendu exclusivement par station de travail, garantissant que toutes les fonctionnalit\u00e9s sont incluses pour chaque station d\u00e9di\u00e9e. Une seule licence est suffisamment polyvalente pour calibrer jusqu\u2019\u00e0 6 \u00e9crans, ce qui en fait une solution id\u00e9ale pour les environnements individuels et multi-\u00e9crans. <\/p>\n<p>Compatibilit\u00e9 multiplateforme : Adoptant la polyvalence, PerfectLum est enti\u00e8rement compatible avec les syst\u00e8mes d\u2019exploitation Mac et Windows, offrant une int\u00e9gration fluide dans votre flux de travail existant.<\/p>\n<p>R\u00e9ductions sur le volume : QUBYX valorise ses clients et propose des r\u00e9ductions importantes pour les achats en volume. Pour un devis personnalis\u00e9 qui refl\u00e8te vos besoins sp\u00e9cifiques, veuillez nous contacter directement. <\/p>\n<p>Gestion \u00e0 distance : Gr\u00e2ce aux capacit\u00e9s int\u00e9gr\u00e9es de gestion \u00e0 distance, les administrateurs syst\u00e8me peuvent facilement surveiller et contr\u00f4ler les \u00e9crans de plusieurs \u00e9tablissements m\u00e9dicaux depuis un emplacement centralis\u00e9, garantissant uniformit\u00e9 et contr\u00f4le qualit\u00e9.<\/p>\n<p>Plan de maintenance : Am\u00e9liorez votre exp\u00e9rience de support avec le Plan d\u2019Entretien PerfectLum, con\u00e7u pour offrir une assistance plus avanc\u00e9e et prioritaire, assurant ainsi le bon d\u00e9roulement de vos op\u00e9rations.<\/p>\n","protected":false},"excerpt":{"rendered":"<p>Installation sans effort et plan d\u2019entretien complet<\/p>\n<p>Installation facile : PerfectLum4 est con\u00e7u pour une configuration sans tracas sur les plateformes Windows et Mac OS. Notre processus d\u2019installation intuitif vous garantit de commencer une calibration de pr\u00e9cision sans d\u00e9lai. <\/p>\n<p>Plan de maintenance : Suivez le plan de maintenance de PerfectLum4, qui garantit un acc\u00e8s gratuit \u00e0 toutes les derni\u00e8res mises \u00e0 jour, packs de service et nouveaut\u00e9s. B\u00e9n\u00e9ficiez de correctifs, am\u00e9liorations et am\u00e9liorations continues de programmes, afin de garantir que votre logiciel reste \u00e0 la pointe des technologies de calibration d\u2019\u00e9cran. <\/p>\n","protected":false},"featured_media":6982,"template":"","meta":{"_acf_changed":false,"om_disable_all_campaigns":false,"_monsterinsights_skip_tracking":false,"_monsterinsights_sitenote_active":false,"_monsterinsights_sitenote_note":"","_monsterinsights_sitenote_category":0,"_uf_show_specific_survey":0,"_uf_disable_surveys":false,"site-sidebar-layout":"default","site-content-layout":"","ast-site-content-layout":"default","site-content-style":"default","site-sidebar-style":"default","ast-global-header-display":"","ast-banner-title-visibility":"","ast-main-header-display":"","ast-hfb-above-header-display":"","ast-hfb-below-header-display":"","ast-hfb-mobile-header-display":"","site-post-title":"","ast-breadcrumbs-content":"","ast-featured-img":"","footer-sml-layout":"","ast-disable-related-posts":"","theme-transparent-header-meta":"default","adv-header-id-meta":"","stick-header-meta":"","header-above-stick-meta":"","header-main-stick-meta":"","header-below-stick-meta":"","astra-migrate-meta-layouts":"default","ast-page-background-enabled":"default","ast-page-background-meta":{"desktop":{"background-color":"var(--ast-global-color-4)","background-image":"","background-repeat":"repeat","background-position":"center center","background-size":"auto","background-attachment":"scroll","background-type":"","background-media":"","overlay-type":"","overlay-color":"","overlay-opacity":"","overlay-gradient":""},"tablet":{"background-color":"","background-image":"","background-repeat":"repeat","background-position":"center center","background-size":"auto","background-attachment":"scroll","background-type":"","background-media":"","overlay-type":"","overlay-color":"","overlay-opacity":"","overlay-gradient":""},"mobile":{"background-color":"","background-image":"","background-repeat":"repeat","background-position":"center center","background-size":"auto","background-attachment":"scroll","background-type":"","background-media":"","overlay-type":"","overlay-color":"","overlay-opacity":"","overlay-gradient":""}},"ast-content-background-meta":{"desktop":{"background-color":"var(--ast-global-color-5)","background-image":"","background-repeat":"repeat","background-position":"center center","background-size":"auto","background-attachment":"scroll","background-type":"","background-media":"","overlay-type":"","overlay-color":"","overlay-opacity":"","overlay-gradient":""},"tablet":{"background-color":"var(--ast-global-color-5)","background-image":"","background-repeat":"repeat","background-position":"center center","background-size":"auto","background-attachment":"scroll","background-type":"","background-media":"","overlay-type":"","overlay-color":"","overlay-opacity":"","overlay-gradient":""},"mobile":{"background-color":"var(--ast-global-color-5)","background-image":"","background-repeat":"repeat","background-position":"center center","background-size":"auto","background-attachment":"scroll","background-type":"","background-media":"","overlay-type":"","overlay-color":"","overlay-opacity":"","overlay-gradient":""}}},"product_brand":[],"product_cat":[4187],"product_tag":[],"class_list":{"0":"post-13575","1":"product","2":"type-product","3":"status-publish","4":"has-post-thumbnail","6":"product_cat-logiciel","7":"desktop-align-left","8":"tablet-align-left","9":"mobile-align-left","11":"first","12":"instock","13":"downloadable","14":"virtual","15":"purchasable","16":"product-type-simple"},"acf":[],"_links":{"self":[{"href":"https:\/\/qubyx.com\/fr\/wp-json\/wp\/v2\/product\/13575","targetHints":{"allow":["GET"]}}],"collection":[{"href":"https:\/\/qubyx.com\/fr\/wp-json\/wp\/v2\/product"}],"about":[{"href":"https:\/\/qubyx.com\/fr\/wp-json\/wp\/v2\/types\/product"}],"wp:featuredmedia":[{"embeddable":true,"href":"https:\/\/qubyx.com\/fr\/wp-json\/wp\/v2\/media\/6982"}],"wp:attachment":[{"href":"https:\/\/qubyx.com\/fr\/wp-json\/wp\/v2\/media?parent=13575"}],"wp:term":[{"taxonomy":"product_brand","embeddable":true,"href":"https:\/\/qubyx.com\/fr\/wp-json\/wp\/v2\/product_brand?post=13575"},{"taxonomy":"product_cat","embeddable":true,"href":"https:\/\/qubyx.com\/fr\/wp-json\/wp\/v2\/product_cat?post=13575"},{"taxonomy":"product_tag","embeddable":true,"href":"https:\/\/qubyx.com\/fr\/wp-json\/wp\/v2\/product_tag?post=13575"}],"curies":[{"name":"wp","href":"https:\/\/api.w.org\/{rel}","templated":true}]}}