{"id":13545,"date":"2020-04-06T16:51:35","date_gmt":"2020-04-06T16:51:35","guid":{"rendered":"https:\/\/qubyx.com\/product\/perfectlum-et-capteur-s1\/"},"modified":"2020-04-06T16:51:35","modified_gmt":"2020-04-06T16:51:35","slug":"perfectlum-et-capteur-s1","status":"publish","type":"product","link":"https:\/\/qubyx.com\/fr\/product\/perfectlum-et-capteur-s1\/","title":{"rendered":"PerfectLum et capteur S1"},"content":{"rendered":"<p>Le logiciel de calibration et de contr\u00f4le qualit\u00e9 PerfectLum, fourni avec le colorim\u00e8tre PerfectLum S1, garantit la conformit\u00e9 aux normes m\u00e9dicales telles que NEMA DICOM partie 14 GSDF, NY PDM, AAPM TG18, AAPM TG 270, DIN 6868-157, DIN 6868-57, ACR et NYC PDM. PerfectLum peut calibrer presque n\u2019importe quel \u00e9cran. Il prend en chargement une large gamme de dispositifs de mesure et de cartes graphiques et g\u00e9n\u00e8re un rapport complet pour chaque \u00e9talonnage ou test QA.  <\/p>\n<p>PerfectLum est vendu par station de travail avec toutes les fonctionnalit\u00e9s incluses. Une licence peut \u00eatre utilis\u00e9e pour calibrer jusqu\u2019\u00e0 six \u00e9crans. QUBYX propose des r\u00e9ductions importantes pour les achats en volume. Contactez-nous pour recevoir un devis.   <\/p>\n<p>PerfectLum dispose \u00e9galement d\u2019une gestion \u00e0 distance int\u00e9gr\u00e9e, permettant aux administrateurs syst\u00e8me de surveiller et de contr\u00f4ler les affichages situ\u00e9s dans plusieurs \u00e9tablissements m\u00e9dicaux depuis un point central de surveillance. Pour un support plus avanc\u00e9 et prioritaire, envisagez de souscrire le plan d\u2019entretien PerfectLum. <\/p>\n<p>et ce n\u2019est pas un bundle avec un iMac mais avec le capteur. Je t\u2019avais envoy\u00e9 des photos du capteur. Veuillez le poser.  <\/p>\n<p>Quand j\u2019ai ajout\u00e9 un dossier et que j\u2019arrive \u00e0 celui-ci, je veux que le plan d\u2019entretien soit propos\u00e9.<\/p>\n","protected":false},"excerpt":{"rendered":"<p>PerfectLum 4 fourni avec la luminance et le colorim\u00e8tre pr\u00e9cis PerfectLum S1 Installation et maintenance<\/p>\n<p>faciles Compatible avec Windows et Mac<\/p>\n<p>Notre plan de maintenance garantit un acc\u00e8s gratuit \u00e0 toutes les derni\u00e8res mises \u00e0 jour, packs de service et nouvelles versions de PerfectLum 4 int\u00e9grant correctifs, am\u00e9liorations ou am\u00e9liorations de programmes.<\/p>\n<p>De retour en stock<\/p>\n","protected":false},"featured_media":9603,"template":"","meta":{"_acf_changed":false,"om_disable_all_campaigns":false,"_monsterinsights_skip_tracking":false,"_monsterinsights_sitenote_active":false,"_monsterinsights_sitenote_note":"","_monsterinsights_sitenote_category":0,"_uf_show_specific_survey":0,"_uf_disable_surveys":false,"site-sidebar-layout":"default","site-content-layout":"","ast-site-content-layout":"default","site-content-style":"default","site-sidebar-style":"default","ast-global-header-display":"","ast-banner-title-visibility":"","ast-main-header-display":"","ast-hfb-above-header-display":"","ast-hfb-below-header-display":"","ast-hfb-mobile-header-display":"","site-post-title":"","ast-breadcrumbs-content":"","ast-featured-img":"","footer-sml-layout":"","ast-disable-related-posts":"","theme-transparent-header-meta":"default","adv-header-id-meta":"","stick-header-meta":"","header-above-stick-meta":"","header-main-stick-meta":"","header-below-stick-meta":"","astra-migrate-meta-layouts":"default","ast-page-background-enabled":"default","ast-page-background-meta":{"desktop":{"background-color":"var(--ast-global-color-4)","background-image":"","background-repeat":"repeat","background-position":"center center","background-size":"auto","background-attachment":"scroll","background-type":"","background-media":"","overlay-type":"","overlay-color":"","overlay-opacity":"","overlay-gradient":""},"tablet":{"background-color":"","background-image":"","background-repeat":"repeat","background-position":"center center","background-size":"auto","background-attachment":"scroll","background-type":"","background-media":"","overlay-type":"","overlay-color":"","overlay-opacity":"","overlay-gradient":""},"mobile":{"background-color":"","background-image":"","background-repeat":"repeat","background-position":"center center","background-size":"auto","background-attachment":"scroll","background-type":"","background-media":"","overlay-type":"","overlay-color":"","overlay-opacity":"","overlay-gradient":""}},"ast-content-background-meta":{"desktop":{"background-color":"var(--ast-global-color-5)","background-image":"","background-repeat":"repeat","background-position":"center center","background-size":"auto","background-attachment":"scroll","background-type":"","background-media":"","overlay-type":"","overlay-color":"","overlay-opacity":"","overlay-gradient":""},"tablet":{"background-color":"var(--ast-global-color-5)","background-image":"","background-repeat":"repeat","background-position":"center center","background-size":"auto","background-attachment":"scroll","background-type":"","background-media":"","overlay-type":"","overlay-color":"","overlay-opacity":"","overlay-gradient":""},"mobile":{"background-color":"var(--ast-global-color-5)","background-image":"","background-repeat":"repeat","background-position":"center center","background-size":"auto","background-attachment":"scroll","background-type":"","background-media":"","overlay-type":"","overlay-color":"","overlay-opacity":"","overlay-gradient":""}}},"product_brand":[],"product_cat":[4187,4189],"product_tag":[],"class_list":{"0":"post-13545","1":"product","2":"type-product","3":"status-publish","4":"has-post-thumbnail","6":"product_cat-logiciel","7":"product_cat-materiel","8":"desktop-align-left","9":"tablet-align-left","10":"mobile-align-left","12":"first","13":"instock","14":"downloadable","15":"shipping-taxable","16":"purchasable","17":"product-type-simple"},"acf":[],"_links":{"self":[{"href":"https:\/\/qubyx.com\/fr\/wp-json\/wp\/v2\/product\/13545","targetHints":{"allow":["GET"]}}],"collection":[{"href":"https:\/\/qubyx.com\/fr\/wp-json\/wp\/v2\/product"}],"about":[{"href":"https:\/\/qubyx.com\/fr\/wp-json\/wp\/v2\/types\/product"}],"wp:featuredmedia":[{"embeddable":true,"href":"https:\/\/qubyx.com\/fr\/wp-json\/wp\/v2\/media\/9603"}],"wp:attachment":[{"href":"https:\/\/qubyx.com\/fr\/wp-json\/wp\/v2\/media?parent=13545"}],"wp:term":[{"taxonomy":"product_brand","embeddable":true,"href":"https:\/\/qubyx.com\/fr\/wp-json\/wp\/v2\/product_brand?post=13545"},{"taxonomy":"product_cat","embeddable":true,"href":"https:\/\/qubyx.com\/fr\/wp-json\/wp\/v2\/product_cat?post=13545"},{"taxonomy":"product_tag","embeddable":true,"href":"https:\/\/qubyx.com\/fr\/wp-json\/wp\/v2\/product_tag?post=13545"}],"curies":[{"name":"wp","href":"https:\/\/api.w.org\/{rel}","templated":true}]}}