{"id":13637,"date":"2025-10-01T12:19:26","date_gmt":"2025-10-01T12:19:26","guid":{"rendered":"https:\/\/qubyx.com\/outils-qubyx-os\/"},"modified":"2025-12-15T19:06:41","modified_gmt":"2025-12-15T19:06:41","slug":"outils-qubyx-os","status":"publish","type":"page","link":"https:\/\/qubyx.com\/fr\/outils-qubyx-os\/","title":{"rendered":"Outils QUBYX OS"},"content":{"rendered":"\t\t<div data-elementor-type=\"wp-page\" data-elementor-id=\"13637\" class=\"elementor elementor-13637 elementor-11040\" data-elementor-post-type=\"page\">\n\t\t\t\t\t\t<section class=\"elementor-section elementor-top-section elementor-element elementor-element-8a5f710 elementor-section-height-min-height elementor-section-boxed elementor-section-height-default elementor-section-items-middle\" data-id=\"8a5f710\" data-element_type=\"section\" data-e-type=\"section\" data-settings=\"{&quot;background_background&quot;:&quot;classic&quot;}\">\n\t\t\t\t\t\t<div class=\"elementor-container elementor-column-gap-no\">\n\t\t\t\t\t<div class=\"elementor-column elementor-col-100 elementor-top-column elementor-element elementor-element-602936f\" data-id=\"602936f\" data-element_type=\"column\" data-e-type=\"column\">\n\t\t\t<div class=\"elementor-widget-wrap elementor-element-populated\">\n\t\t\t\t\t\t<section class=\"elementor-section elementor-inner-section elementor-element elementor-element-ae76388 elementor-section-boxed elementor-section-height-default elementor-section-height-default\" data-id=\"ae76388\" data-element_type=\"section\" data-e-type=\"section\">\n\t\t\t\t\t\t<div class=\"elementor-container elementor-column-gap-default\">\n\t\t\t\t\t<div class=\"elementor-column elementor-col-100 elementor-inner-column elementor-element elementor-element-756ba57\" data-id=\"756ba57\" data-element_type=\"column\" data-e-type=\"column\">\n\t\t\t<div class=\"elementor-widget-wrap elementor-element-populated\">\n\t\t\t\t\t\t<div class=\"elementor-element elementor-element-295f59e elementor-widget elementor-widget-heading\" data-id=\"295f59e\" data-element_type=\"widget\" data-e-type=\"widget\" data-widget_type=\"heading.default\">\n\t\t\t\t<div class=\"elementor-widget-container\">\n\t\t\t\t\t<h2 class=\"elementor-heading-title elementor-size-default\">Outils QUBYX OS<\/h2>\t\t\t\t<\/div>\n\t\t\t\t<\/div>\n\t\t\t\t<div class=\"elementor-element elementor-element-1c0d3c8 elementor-icon-list--layout-inline elementor-list-item-link-full_width elementor-widget elementor-widget-icon-list\" data-id=\"1c0d3c8\" data-element_type=\"widget\" data-e-type=\"widget\" data-widget_type=\"icon-list.default\">\n\t\t\t\t<div class=\"elementor-widget-container\">\n\t\t\t\t\t\t\t<ul class=\"elementor-icon-list-items elementor-inline-items\">\n\t\t\t\t\t\t\t<li class=\"elementor-icon-list-item elementor-inline-item\">\n\t\t\t\t\t\t\t\t\t\t\t<a href=\"https:\/\/qubyx.com\/fr\/\">\n\n\t\t\t\t\t\t\t\t\t\t\t<span class=\"elementor-icon-list-text\">Domicile<\/span>\n\t\t\t\t\t\t\t\t\t\t\t<\/a>\n\t\t\t\t\t\t\t\t\t<\/li>\n\t\t\t\t\t\t\t\t<li class=\"elementor-icon-list-item elementor-inline-item\">\n\t\t\t\t\t\t\t\t\t\t\t<span class=\"elementor-icon-list-icon\">\n\t\t\t\t\t\t\t<svg xmlns=\"http:\/\/www.w3.org\/2000\/svg\" width=\"24\" height=\"25\" viewBox=\"0 0 24 25\" fill=\"none\"><path d=\"M16.0002 12.5001C16.0009 12.6317 15.9757 12.7621 15.926 12.884C15.8762 13.0058 15.8029 13.1166 15.7102 13.2101L9.71019 19.2101C9.52188 19.3984 9.26649 19.5042 9.00019 19.5042C8.73388 19.5042 8.47849 19.3984 8.29019 19.2101C8.10188 19.0218 7.99609 18.7664 7.99609 18.5001C7.99609 18.2338 8.10188 17.9784 8.29019 17.7901L13.5902 12.5001L8.30019 7.21006C8.13636 7.01876 8.05075 6.77268 8.06047 6.52101C8.07019 6.26933 8.17453 6.03059 8.35262 5.8525C8.53072 5.6744 8.76946 5.57007 9.02113 5.56035C9.27281 5.55063 9.51888 5.63623 9.71018 5.80006L15.7102 11.8001C15.8949 11.9863 15.9991 12.2377 16.0002 12.5001Z\" fill=\"white\"><\/path><\/svg>\t\t\t\t\t\t<\/span>\n\t\t\t\t\t\t\t\t\t\t<span class=\"elementor-icon-list-text\">Outils QUBYX OS<\/span>\n\t\t\t\t\t\t\t\t\t<\/li>\n\t\t\t\t\t\t<\/ul>\n\t\t\t\t\t\t<\/div>\n\t\t\t\t<\/div>\n\t\t\t\t\t<\/div>\n\t\t<\/div>\n\t\t\t\t\t<\/div>\n\t\t<\/section>\n\t\t\t\t\t<\/div>\n\t\t<\/div>\n\t\t\t\t\t<\/div>\n\t\t<\/section>\n\t\t\t\t<section class=\"elementor-section elementor-top-section elementor-element elementor-element-e5c25d1 elementor-section-boxed elementor-section-height-default elementor-section-height-default\" data-id=\"e5c25d1\" data-element_type=\"section\" data-e-type=\"section\">\n\t\t\t\t\t\t<div class=\"elementor-container elementor-column-gap-no\">\n\t\t\t\t\t<div class=\"elementor-column elementor-col-100 elementor-top-column elementor-element elementor-element-4f11fe9\" data-id=\"4f11fe9\" data-element_type=\"column\" data-e-type=\"column\">\n\t\t\t<div class=\"elementor-widget-wrap elementor-element-populated\">\n\t\t\t\t\t\t<section class=\"elementor-section elementor-inner-section elementor-element elementor-element-adfc780 elementor-section-boxed elementor-section-height-default elementor-section-height-default\" data-id=\"adfc780\" data-element_type=\"section\" data-e-type=\"section\">\n\t\t\t\t\t\t<div class=\"elementor-container elementor-column-gap-default\">\n\t\t\t\t\t<div class=\"elementor-column elementor-col-100 elementor-inner-column elementor-element elementor-element-74a9d4e\" data-id=\"74a9d4e\" data-element_type=\"column\" data-e-type=\"column\">\n\t\t\t<div class=\"elementor-widget-wrap elementor-element-populated\">\n\t\t\t\t\t\t<div class=\"elementor-element elementor-element-9164e24 elementor-widget elementor-widget-heading\" data-id=\"9164e24\" data-element_type=\"widget\" data-e-type=\"widget\" data-widget_type=\"heading.default\">\n\t\t\t\t<div class=\"elementor-widget-container\">\n\t\t\t\t\t<h2 class=\"elementor-heading-title elementor-size-default\">Atteindre la pr\u00e9cision des couleurs d\u2019affichage ind\u00e9pendamment | Outils open source QUBYX  \n<\/h2>\t\t\t\t<\/div>\n\t\t\t\t<\/div>\n\t\t\t\t<div class=\"elementor-element elementor-element-de1ae87 forbidden elementor-widget elementor-widget-text-editor\" data-id=\"de1ae87\" data-element_type=\"widget\" data-e-type=\"widget\" data-widget_type=\"text-editor.default\">\n\t\t\t\t<div class=\"elementor-widget-container\">\n\t\t\t\t\t\t\t\t\t<h3><strong>Introduction<\/strong><\/h3><p>Depuis des d\u00e9cennies, la gestion professionnelle des couleurs est limit\u00e9e par du mat\u00e9riel propri\u00e9taire co\u00fbteux<br>et des \u00e9cosyst\u00e8mes logiciels ferm\u00e9s. Ces limitations cr\u00e9ent de fortes barri\u00e8res \u00e0 l\u2019entr\u00e9e et \u00e0 la fermeture<br>des industries en d\u00e9pendances rigides et co\u00fbteuses envers les fournisseurs. <\/p><p><strong>QUBYX OS Tools<\/strong> brise ce cycle. Notre framework open source vous donne un contr\u00f4le total<br>votre pipeline couleur \u2014 sur pratiquement n\u2019importe quel \u00e9cran, avec une transparence et une scalabilit\u00e9 totales.<br>Avec elle, vous pouvez : <\/p><p>\u2022 G\u00e9n\u00e9rer des profils ICC avanc\u00e9s de liaison de dispositif avec des LUTs 3D int\u00e9gr\u00e9es.<br>\u2022 Combiner les conversions de couleur source-destination en un seul fichier optimis\u00e9.<br>\u2022 Obtenir des r\u00e9sultats fluides, pr\u00e9cis et reproductibles \u2014 selon vos propres termes, \u00e0 une fraction de<br>Le prix.<\/p><h3><strong>Gagnez en ind\u00e9pendance, maintenez la qualit\u00e9<\/strong><\/h3><p>QUBYX OS Tools d\u00e9mocratise la gestion des couleurs haut de gamme en rempla\u00e7ant le mat\u00e9riel restrictif<br>avec une calibration logicielle sophistiqu\u00e9e et une g\u00e9n\u00e9ration de profils.<\/p><p><strong>\u2022 R\u00e9sultats de niveau entreprise :<\/strong> Des rivaux ont ferm\u00e9 des \u00e9cosyst\u00e8mes verrouill\u00e9s mat\u00e9riellement.<br><strong>\u2022 Mise \u00e0 l\u2019\u00e9chelle rentable :<\/strong> \u00c9largissez les flux de travail critiques sur les couleurs sans que les co\u00fbts explosent.<br><strong>\u2022 D\u00e9ploiement universel :<\/strong> Op\u00e9rer dans des environnements o\u00f9 se trouvent des dispositifs propri\u00e9taires<br>peu pratique.<br><strong>\u2022 \u00c0 l\u2019\u00e9preuve de l\u2019avenir :<\/strong> Prot\u00e9gez les flux de travail contre l\u2019arr\u00eat par les fournisseurs ou les produits<br>obsolescence.<\/p><h3><strong>Pourquoi cet outil est-il unique<\/strong><\/h3><p><strong>\u2022 Verrouillage du fournisseur<\/strong><br>R\u00e9duisez la d\u00e9pendance aux syst\u00e8mes d\u2019\u00e9talonnage propri\u00e9taires. Construire un pipeline flexible aliment\u00e9 par<br>Intelligence logicielle. <br><strong>\u2022 Profils unifi\u00e9s de liaison d\u2019appareil<\/strong><br>G\u00e9n\u00e9rez des fichiers .icc optimis\u00e9s qui g\u00e8rent la couleur de la source \u00e0 la destination en une \u00e9tape pr\u00e9cise,<br>minimisant la perte de pr\u00e9cision.<br><strong>\u2022 Alimentation LUT 3D int\u00e9gr\u00e9e<\/strong><br>Faites des looks cr\u00e9atifs complexes, des \u00e9mulations de film ou des transformations techniques directement dans le<br>Profil.<br><strong>\u2022 Open Source &amp; Fiable<\/strong><br>Sous la licence GNU. Auditez, inspectez et adaptez le code pour qu\u2019il corresponde exactement \u00e0 votre<br>exigences. <\/p><h3><strong>Pour qui c\u2019est<\/strong><\/h3><p><strong>\u2022 PACS et cr\u00e9ateurs de logiciels m\u00e9dicaux<\/strong><br>Assurez une pr\u00e9cision conforme au DICOM sur diff\u00e9rents \u00e9crans sans vous enfermer sur un seul<br>Vendeur.<br><strong>\u2022 Diffusion et t\u00e9l\u00e9vision<\/strong><br>Maintenir une couleur coh\u00e9rente pour le mastering et la relecture entre les suites d\u2019\u00e9diteurs et le client<br>Moniteurs.<br><strong>\u2022 Studios photo et vid\u00e9o<\/strong><br>Standardisez les transformations personnalis\u00e9es sur les \u00e9crans pro et grand public.<br><strong>\u2022 D\u00e9fense, Marine et A\u00e9rospatiale<\/strong><br>Construire des profils certifi\u00e9s pour les salles de contr\u00f4le, stations sonar et simulateurs fonctionnant sur<br>Mat\u00e9riel robuste.<br><strong>\u2022 Scientifiques et ing\u00e9nieurs de la couleur<\/strong><br>Int\u00e9grer des pipelines de transformation pr\u00e9cise dans des applications propri\u00e9taires ou commerciales.<br><strong>\u2022 Op\u00e9rateurs de presses num\u00e9riques<\/strong><br>Consolidez les flux de travail couleur \u00e9cran \u00e0 impression en plusieurs \u00e9tapes en un lien unique et robuste.<\/p><h3><strong>Commencez d\u00e8s aujourd\u2019hui<\/strong><\/h3><p>Prenez le contr\u00f4le de votre flux de travail couleur et de votre budget.<br><strong>\u2022 Obtenir le code et la documentation<\/strong><br>Clonez le d\u00e9p\u00f4t et plongez dans la documentation compl\u00e8te.<br>\u2022 Clone git https:\/\/github.com\/QUBYX-LLC\/your-repo-name.git<br><strong>\u2022 Explorer des tutoriels<\/strong><br>Visitez notre GitHub pour des guides pratiques, des r\u00e9f\u00e9rences API et des profils d\u2019exemple.<br><strong>\u2022 Soutien \u00e0 l\u2019entreprise<\/strong><br>Mener des op\u00e9rations critiques ? QUBYX fournit un support commercial et une certification<br>et d\u00e9veloppement personnalis\u00e9 pour des secteurs comme la sant\u00e9, la d\u00e9fense et<br>A\u00e9rospatiale. <\/p><h3><strong>Ressources suppl\u00e9mentaires<\/strong><\/h3><p><strong>\u2022 Guide complet des profils ICC \u2013<\/strong> Apprenez les bases de la couleur moderne<br>la direction.<br><strong>\u2022 Plong\u00e9e approfondie dans les LUTs 3D \u2013<\/strong> Comprenez comment les LUTs transforment \u00e0 la fois la cr\u00e9ativit\u00e9 et la technique<br>Flux de travail.<\/p><p>Bient\u00f4t : g\u00e9n\u00e9ration acc\u00e9l\u00e9r\u00e9e de profils par GPU, \u00e9diteurs bas\u00e9s sur interface graphique, et support \u00e9tendu pour<br>Technologies d\u2019affichage de nouvelle g\u00e9n\u00e9ration.<\/p>\t\t\t\t\t\t\t\t<\/div>\n\t\t\t\t<\/div>\n\t\t\t\t\t<\/div>\n\t\t<\/div>\n\t\t\t\t\t<\/div>\n\t\t<\/section>\n\t\t\t\t<section class=\"elementor-section elementor-inner-section elementor-element elementor-element-b1fd510 elementor-section-boxed elementor-section-height-default elementor-section-height-default\" data-id=\"b1fd510\" data-element_type=\"section\" data-e-type=\"section\">\n\t\t\t\t\t\t<div class=\"elementor-container elementor-column-gap-default\">\n\t\t\t\t\t<div class=\"elementor-column elementor-col-50 elementor-inner-column elementor-element elementor-element-87a601b\" data-id=\"87a601b\" data-element_type=\"column\" data-e-type=\"column\">\n\t\t\t<div class=\"elementor-widget-wrap elementor-element-populated\">\n\t\t\t\t\t\t<div class=\"elementor-element elementor-element-6c20d29 elementor-widget elementor-widget-image\" data-id=\"6c20d29\" data-element_type=\"widget\" data-e-type=\"widget\" data-widget_type=\"image.default\">\n\t\t\t\t<div class=\"elementor-widget-container\">\n\t\t\t\t\t\t\t\t\t\t\t\t\t\t\t<img fetchpriority=\"high\" decoding=\"async\" width=\"1024\" height=\"1024\" src=\"https:\/\/qubyx.com\/wp-content\/uploads\/2025\/10\/image-9-1-1024x1024.webp\" class=\"attachment-large size-large wp-image-13639\" alt=\"\" srcset=\"https:\/\/qubyx.com\/wp-content\/uploads\/2025\/10\/image-9-1-1024x1024.webp 1024w, https:\/\/qubyx.com\/wp-content\/uploads\/2025\/10\/image-9-1-300x300.webp 300w, https:\/\/qubyx.com\/wp-content\/uploads\/2025\/10\/image-9-1-150x150.webp 150w, https:\/\/qubyx.com\/wp-content\/uploads\/2025\/10\/image-9-1-768x768.webp 768w, https:\/\/qubyx.com\/wp-content\/uploads\/2025\/10\/image-9-1-600x600.webp 600w, https:\/\/qubyx.com\/wp-content\/uploads\/2025\/10\/image-9-1-100x100.webp 100w, https:\/\/qubyx.com\/wp-content\/uploads\/2025\/10\/image-9-1.webp 1536w\" sizes=\"(max-width: 1024px) 100vw, 1024px\" \/>\t\t\t\t\t\t\t\t\t\t\t\t\t\t\t<\/div>\n\t\t\t\t<\/div>\n\t\t\t\t\t<\/div>\n\t\t<\/div>\n\t\t\t\t<div class=\"elementor-column elementor-col-50 elementor-inner-column elementor-element elementor-element-cc725cd\" data-id=\"cc725cd\" data-element_type=\"column\" data-e-type=\"column\">\n\t\t\t<div class=\"elementor-widget-wrap elementor-element-populated\">\n\t\t\t\t\t\t<div class=\"elementor-element elementor-element-844f853 elementor-widget elementor-widget-image\" data-id=\"844f853\" data-element_type=\"widget\" data-e-type=\"widget\" data-widget_type=\"image.default\">\n\t\t\t\t<div class=\"elementor-widget-container\">\n\t\t\t\t\t\t\t\t\t\t\t\t\t\t\t<img decoding=\"async\" width=\"1024\" height=\"1024\" src=\"https:\/\/qubyx.com\/wp-content\/uploads\/2025\/10\/image-10-1-1024x1024.webp\" class=\"attachment-large size-large wp-image-13638\" alt=\"\" srcset=\"https:\/\/qubyx.com\/wp-content\/uploads\/2025\/10\/image-10-1-1024x1024.webp 1024w, https:\/\/qubyx.com\/wp-content\/uploads\/2025\/10\/image-10-1-300x300.webp 300w, https:\/\/qubyx.com\/wp-content\/uploads\/2025\/10\/image-10-1-150x150.webp 150w, https:\/\/qubyx.com\/wp-content\/uploads\/2025\/10\/image-10-1-768x768.webp 768w, https:\/\/qubyx.com\/wp-content\/uploads\/2025\/10\/image-10-1-600x600.webp 600w, https:\/\/qubyx.com\/wp-content\/uploads\/2025\/10\/image-10-1-100x100.webp 100w, https:\/\/qubyx.com\/wp-content\/uploads\/2025\/10\/image-10-1.webp 1536w\" sizes=\"(max-width: 1024px) 100vw, 1024px\" \/>\t\t\t\t\t\t\t\t\t\t\t\t\t\t\t<\/div>\n\t\t\t\t<\/div>\n\t\t\t\t\t<\/div>\n\t\t<\/div>\n\t\t\t\t\t<\/div>\n\t\t<\/section>\n\t\t\t\t\t<\/div>\n\t\t<\/div>\n\t\t\t\t\t<\/div>\n\t\t<\/section>\n\t\t\t\t<\/div>\n\t\t","protected":false},"excerpt":{"rendered":"<p>Outils QUBYX OS Domicile Outils QUBYX OS Atteindre la pr\u00e9cision des couleurs d\u2019affichage ind\u00e9pendamment | Outils open source QUBYX Introduction [&hellip;]<\/p>\n","protected":false},"author":1,"featured_media":0,"parent":0,"menu_order":0,"comment_status":"closed","ping_status":"closed","template":"","meta":{"_acf_changed":false,"om_disable_all_campaigns":false,"_monsterinsights_skip_tracking":false,"_monsterinsights_sitenote_active":false,"_monsterinsights_sitenote_note":"","_monsterinsights_sitenote_category":0,"_uf_show_specific_survey":0,"_uf_disable_surveys":false,"site-sidebar-layout":"no-sidebar","site-content-layout":"","ast-site-content-layout":"full-width-container","site-content-style":"default","site-sidebar-style":"default","ast-global-header-display":"","ast-banner-title-visibility":"","ast-main-header-display":"","ast-hfb-above-header-display":"","ast-hfb-below-header-display":"","ast-hfb-mobile-header-display":"","site-post-title":"","ast-breadcrumbs-content":"","ast-featured-img":"disabled","footer-sml-layout":"","ast-disable-related-posts":"","theme-transparent-header-meta":"default","adv-header-id-meta":"","stick-header-meta":"","header-above-stick-meta":"","header-main-stick-meta":"","header-below-stick-meta":"","astra-migrate-meta-layouts":"default","ast-page-background-enabled":"default","ast-page-background-meta":{"desktop":{"background-color":"var(--ast-global-color-4)","background-image":"","background-repeat":"repeat","background-position":"center center","background-size":"auto","background-attachment":"scroll","background-type":"","background-media":"","overlay-type":"","overlay-color":"","overlay-opacity":"","overlay-gradient":""},"tablet":{"background-color":"","background-image":"","background-repeat":"repeat","background-position":"center center","background-size":"auto","background-attachment":"scroll","background-type":"","background-media":"","overlay-type":"","overlay-color":"","overlay-opacity":"","overlay-gradient":""},"mobile":{"background-color":"","background-image":"","background-repeat":"repeat","background-position":"center center","background-size":"auto","background-attachment":"scroll","background-type":"","background-media":"","overlay-type":"","overlay-color":"","overlay-opacity":"","overlay-gradient":""}},"ast-content-background-meta":{"desktop":{"background-color":"var(--ast-global-color-5)","background-image":"","background-repeat":"repeat","background-position":"center center","background-size":"auto","background-attachment":"scroll","background-type":"","background-media":"","overlay-type":"","overlay-color":"","overlay-opacity":"","overlay-gradient":""},"tablet":{"background-color":"var(--ast-global-color-5)","background-image":"","background-repeat":"repeat","background-position":"center center","background-size":"auto","background-attachment":"scroll","background-type":"","background-media":"","overlay-type":"","overlay-color":"","overlay-opacity":"","overlay-gradient":""},"mobile":{"background-color":"var(--ast-global-color-5)","background-image":"","background-repeat":"repeat","background-position":"center center","background-size":"auto","background-attachment":"scroll","background-type":"","background-media":"","overlay-type":"","overlay-color":"","overlay-opacity":"","overlay-gradient":""}},"footnotes":""},"class_list":["post-13637","page","type-page","status-publish","hentry"],"acf":[],"_links":{"self":[{"href":"https:\/\/qubyx.com\/fr\/wp-json\/wp\/v2\/pages\/13637","targetHints":{"allow":["GET"]}}],"collection":[{"href":"https:\/\/qubyx.com\/fr\/wp-json\/wp\/v2\/pages"}],"about":[{"href":"https:\/\/qubyx.com\/fr\/wp-json\/wp\/v2\/types\/page"}],"author":[{"embeddable":true,"href":"https:\/\/qubyx.com\/fr\/wp-json\/wp\/v2\/users\/1"}],"replies":[{"embeddable":true,"href":"https:\/\/qubyx.com\/fr\/wp-json\/wp\/v2\/comments?post=13637"}],"version-history":[{"count":1,"href":"https:\/\/qubyx.com\/fr\/wp-json\/wp\/v2\/pages\/13637\/revisions"}],"predecessor-version":[{"id":13640,"href":"https:\/\/qubyx.com\/fr\/wp-json\/wp\/v2\/pages\/13637\/revisions\/13640"}],"wp:attachment":[{"href":"https:\/\/qubyx.com\/fr\/wp-json\/wp\/v2\/media?parent=13637"}],"curies":[{"name":"wp","href":"https:\/\/api.w.org\/{rel}","templated":true}]}}