{"id":12987,"date":"2025-06-16T06:30:56","date_gmt":"2025-06-16T06:30:56","guid":{"rendered":"https:\/\/qubyx.com\/mqsa-et-perfectlum\/"},"modified":"2025-12-15T18:55:30","modified_gmt":"2025-12-15T18:55:30","slug":"mqsa-et-perfectlum","status":"publish","type":"page","link":"https:\/\/qubyx.com\/fr\/mqsa-et-perfectlum\/","title":{"rendered":"MQSA et PerfectLum"},"content":{"rendered":"\t\t<div data-elementor-type=\"wp-page\" data-elementor-id=\"12987\" class=\"elementor elementor-12987 elementor-10439\" data-elementor-post-type=\"page\">\n\t\t\t\t\t\t<section class=\"elementor-section elementor-top-section elementor-element elementor-element-52cd3b0b elementor-section-height-min-height elementor-section-boxed elementor-section-height-default elementor-section-items-middle\" data-id=\"52cd3b0b\" data-element_type=\"section\" data-e-type=\"section\" data-settings=\"{&quot;background_background&quot;:&quot;classic&quot;}\">\n\t\t\t\t\t\t<div class=\"elementor-container elementor-column-gap-no\">\n\t\t\t\t\t<div class=\"elementor-column elementor-col-100 elementor-top-column elementor-element elementor-element-50455ae9\" data-id=\"50455ae9\" data-element_type=\"column\" data-e-type=\"column\">\n\t\t\t<div class=\"elementor-widget-wrap elementor-element-populated\">\n\t\t\t\t\t\t<section class=\"elementor-section elementor-inner-section elementor-element elementor-element-704d2550 elementor-section-boxed elementor-section-height-default elementor-section-height-default\" data-id=\"704d2550\" data-element_type=\"section\" data-e-type=\"section\">\n\t\t\t\t\t\t<div class=\"elementor-container elementor-column-gap-default\">\n\t\t\t\t\t<div class=\"elementor-column elementor-col-100 elementor-inner-column elementor-element elementor-element-6c1df36e\" data-id=\"6c1df36e\" data-element_type=\"column\" data-e-type=\"column\">\n\t\t\t<div class=\"elementor-widget-wrap elementor-element-populated\">\n\t\t\t\t\t\t<div class=\"elementor-element elementor-element-3533121b elementor-icon-list--layout-inline elementor-list-item-link-full_width elementor-widget elementor-widget-icon-list\" data-id=\"3533121b\" data-element_type=\"widget\" data-e-type=\"widget\" data-widget_type=\"icon-list.default\">\n\t\t\t\t<div class=\"elementor-widget-container\">\n\t\t\t\t\t\t\t<ul class=\"elementor-icon-list-items elementor-inline-items\">\n\t\t\t\t\t\t\t<li class=\"elementor-icon-list-item elementor-inline-item\">\n\t\t\t\t\t\t\t\t\t\t\t<a href=\"https:\/\/qubyx.com\/fr\/\">\n\n\t\t\t\t\t\t\t\t\t\t\t<span class=\"elementor-icon-list-text\">Domicile<\/span>\n\t\t\t\t\t\t\t\t\t\t\t<\/a>\n\t\t\t\t\t\t\t\t\t<\/li>\n\t\t\t\t\t\t\t\t<li class=\"elementor-icon-list-item elementor-inline-item\">\n\t\t\t\t\t\t\t\t\t\t\t<span class=\"elementor-icon-list-icon\">\n\t\t\t\t\t\t\t<svg xmlns=\"http:\/\/www.w3.org\/2000\/svg\" width=\"24\" height=\"25\" viewBox=\"0 0 24 25\" fill=\"none\"><path d=\"M16.0002 12.5001C16.0009 12.6317 15.9757 12.7621 15.926 12.884C15.8762 13.0058 15.8029 13.1166 15.7102 13.2101L9.71019 19.2101C9.52188 19.3984 9.26649 19.5042 9.00019 19.5042C8.73388 19.5042 8.47849 19.3984 8.29019 19.2101C8.10188 19.0218 7.99609 18.7664 7.99609 18.5001C7.99609 18.2338 8.10188 17.9784 8.29019 17.7901L13.5902 12.5001L8.30019 7.21006C8.13636 7.01876 8.05075 6.77268 8.06047 6.52101C8.07019 6.26933 8.17453 6.03059 8.35262 5.8525C8.53072 5.6744 8.76946 5.57007 9.02113 5.56035C9.27281 5.55063 9.51888 5.63623 9.71018 5.80006L15.7102 11.8001C15.8949 11.9863 15.9991 12.2377 16.0002 12.5001Z\" fill=\"white\"><\/path><\/svg>\t\t\t\t\t\t<\/span>\n\t\t\t\t\t\t\t\t\t\t<span class=\"elementor-icon-list-text\"><\/span>\n\t\t\t\t\t\t\t\t\t<\/li>\n\t\t\t\t\t\t<\/ul>\n\t\t\t\t\t\t<\/div>\n\t\t\t\t<\/div>\n\t\t\t\t\t<\/div>\n\t\t<\/div>\n\t\t\t\t\t<\/div>\n\t\t<\/section>\n\t\t\t\t\t<\/div>\n\t\t<\/div>\n\t\t\t\t\t<\/div>\n\t\t<\/section>\n\t\t\t\t<section class=\"elementor-section elementor-top-section elementor-element elementor-element-ef77ff3 elementor-section-boxed elementor-section-height-default elementor-section-height-default\" data-id=\"ef77ff3\" data-element_type=\"section\" data-e-type=\"section\">\n\t\t\t\t\t\t<div class=\"elementor-container elementor-column-gap-default\">\n\t\t\t\t\t<div class=\"elementor-column elementor-col-100 elementor-top-column elementor-element elementor-element-8819a89\" data-id=\"8819a89\" data-element_type=\"column\" data-e-type=\"column\">\n\t\t\t<div class=\"elementor-widget-wrap elementor-element-populated\">\n\t\t\t\t\t\t<div class=\"elementor-element elementor-element-df2a8c9 elementor-widget elementor-widget-text-editor\" data-id=\"df2a8c9\" data-element_type=\"widget\" data-e-type=\"widget\" data-widget_type=\"text-editor.default\">\n\t\t\t\t<div class=\"elementor-widget-container\">\n\t\t\t\t\t\t\t\t\t<p><span style=\"font-weight: 400;\">Assurez-vous que vos expositions mammographiques respectent les normes f\u00e9d\u00e9rales gr\u00e2ce \u00e0 notre guide sur la MQSA et PerfectLum. Ici, nous expliquons ce que signifie MQSA, pourquoi il est important pour vos \u00e9crans, et comment utiliser PerfectLum pour se conformer \u00e0 ces normes. <\/span><\/p>\t\t\t\t\t\t\t\t<\/div>\n\t\t\t\t<\/div>\n\t\t\t\t<div class=\"elementor-element elementor-element-ffc1c7d elementor-widget elementor-widget-heading\" data-id=\"ffc1c7d\" data-element_type=\"widget\" data-e-type=\"widget\" data-widget_type=\"heading.default\">\n\t\t\t\t<div class=\"elementor-widget-container\">\n\t\t\t\t\t<h6 class=\"elementor-heading-title elementor-size-default\">Qu\u2019est-ce que la MQSA ?<\/h6>\t\t\t\t<\/div>\n\t\t\t\t<\/div>\n\t\t\t\t<div class=\"elementor-element elementor-element-3a7128c elementor-widget elementor-widget-text-editor\" data-id=\"3a7128c\" data-element_type=\"widget\" data-e-type=\"widget\" data-widget_type=\"text-editor.default\">\n\t\t\t\t<div class=\"elementor-widget-container\">\n\t\t\t\t\t\t\t\t\t<p><span style=\"font-weight: 400;\">La <\/span><b>Loi sur les normes de qualit\u00e9 de la mammographie (MQSA)<\/b><span style=\"font-weight: 400;\"> est une loi f\u00e9d\u00e9rale adopt\u00e9e en 1992. Son objectif est de garantir que chaque femme aux \u00c9tats-Unis ait acc\u00e8s \u00e0 des services de mammographie de haute qualit\u00e9 pour la d\u00e9tection pr\u00e9coce du cancer du sein. Pour y parvenir, la MQSA :<\/span><\/p><ul><li style=\"font-weight: 400;\" aria-level=\"1\"><b>\u00c9tablit des normes :<\/b><span style=\"font-weight: 400;\"> \u00c9tablit les crit\u00e8res nationaux d\u2019accr\u00e9ditation, de certification et d\u2019inspection des \u00e9tablissements de mammographie.<\/span><\/li><li style=\"font-weight: 400;\" aria-level=\"1\"><b>Garantie de la qualit\u00e9 :<\/b><span style=\"font-weight: 400;\"> Impose aux installations d\u2019utiliser des \u00e9quipements respectant des normes strictes de qualit\u00e9.<\/span><\/li><li style=\"font-weight: 400;\" aria-level=\"1\"><b>R\u00e9gule le personnel :<\/b><span style=\"font-weight: 400;\"> Exige que les technologues et les m\u00e9decins interpr\u00e8tes disposent de la formation et des qualifications appropri\u00e9es.<\/span><\/li><li style=\"font-weight: 400;\" aria-level=\"1\"><b>Impose des inspections :<\/b><span style=\"font-weight: 400;\"> Exige des inspections r\u00e9guli\u00e8res pour garantir la conformit\u00e9.<\/span><\/li><\/ul><p><span style=\"font-weight: 400;\">Les principales exigences pour les installations comprennent :<\/span><\/p><ul><li style=\"font-weight: 400;\" aria-level=\"1\"><b>Accr\u00e9ditation :<\/b><span style=\"font-weight: 400;\"> Les \u00e9tablissements doivent \u00eatre accr\u00e9dit\u00e9s par un organisme approuv\u00e9 par la FDA.<\/span><\/li><li style=\"font-weight: 400;\" aria-level=\"1\"><b>Certification :<\/b><span style=\"font-weight: 400;\"> Les \u00e9tablissements doivent \u00eatre certifi\u00e9s par la FDA ou par une agence d\u2019\u00c9tat agissant en son nom.<\/span><\/li><li style=\"font-weight: 400;\" aria-level=\"1\"><b>Inspections r\u00e9guli\u00e8res :<\/b><span style=\"font-weight: 400;\"> Les inspections annuelles confirment le respect continu des normes MQSA.<\/span><\/li><li style=\"font-weight: 400;\" aria-level=\"1\"><b>Personnel qualifi\u00e9 et \u00e9quipements \u00e0 jour :<\/b><span style=\"font-weight: 400;\"> Tout le personnel et le mat\u00e9riel doivent respecter les normes de qualit\u00e9 d\u00e9finies.<\/span><\/li><\/ul><p><span style=\"font-weight: 400;\">Pour l\u2019accr\u00e9ditation, les \u00e9tablissements collaborent souvent avec des organisations de confiance comme l\u2019American <\/span><b>College of Radiology (ACR<\/b><span style=\"font-weight: 400;\">).<\/span><\/p><p><i><span style=\"font-weight: 400;\">Informations de contact ACR :<\/span><\/i> <b>The American College of Radiology<\/b><span style=\"font-weight: 400;\"> 1891 Preston White Dr. Reston, VA 20191 1-800-227-6440<\/span><\/p>\t\t\t\t\t\t\t\t<\/div>\n\t\t\t\t<\/div>\n\t\t\t\t<div class=\"elementor-element elementor-element-34e97e2 elementor-widget elementor-widget-image\" data-id=\"34e97e2\" data-element_type=\"widget\" data-e-type=\"widget\" data-widget_type=\"image.default\">\n\t\t\t\t<div class=\"elementor-widget-container\">\n\t\t\t\t\t\t\t\t\t\t\t\t\t\t\t<img fetchpriority=\"high\" decoding=\"async\" width=\"1066\" height=\"846\" src=\"https:\/\/qubyx.com\/wp-content\/uploads\/2025\/06\/Bildschirmfoto-2025-06-15-um-13.59.22.png\" class=\"attachment-full size-full wp-image-12988\" alt=\"\" srcset=\"https:\/\/qubyx.com\/wp-content\/uploads\/2025\/06\/Bildschirmfoto-2025-06-15-um-13.59.22.png 1066w, https:\/\/qubyx.com\/wp-content\/uploads\/2025\/06\/Bildschirmfoto-2025-06-15-um-13.59.22-300x238.png 300w, https:\/\/qubyx.com\/wp-content\/uploads\/2025\/06\/Bildschirmfoto-2025-06-15-um-13.59.22-1024x813.png 1024w, https:\/\/qubyx.com\/wp-content\/uploads\/2025\/06\/Bildschirmfoto-2025-06-15-um-13.59.22-768x610.png 768w, https:\/\/qubyx.com\/wp-content\/uploads\/2025\/06\/Bildschirmfoto-2025-06-15-um-13.59.22-600x476.png 600w\" sizes=\"(max-width: 1066px) 100vw, 1066px\" \/>\t\t\t\t\t\t\t\t\t\t\t\t\t\t\t<\/div>\n\t\t\t\t<\/div>\n\t\t\t\t<div class=\"elementor-element elementor-element-90616a0 elementor-widget elementor-widget-heading\" data-id=\"90616a0\" data-element_type=\"widget\" data-e-type=\"widget\" data-widget_type=\"heading.default\">\n\t\t\t\t<div class=\"elementor-widget-container\">\n\t\t\t\t\t<h6 class=\"elementor-heading-title elementor-size-default\">Que signifie MQSA pour vos \u00e9crans ?<\/h6>\t\t\t\t<\/div>\n\t\t\t\t<\/div>\n\t\t\t\t<div class=\"elementor-element elementor-element-50b8e59 elementor-widget elementor-widget-text-editor\" data-id=\"50b8e59\" data-element_type=\"widget\" data-e-type=\"widget\" data-widget_type=\"text-editor.default\">\n\t\t\t\t<div class=\"elementor-widget-container\">\n\t\t\t\t\t\t\t\t\t<p><span style=\"font-weight: 400;\">Selon les directives de la MQSA, les affichages mamographiques sont des \u00e9l\u00e9ments essentiels \u00e0 l\u2019\u00e9valuation pr\u00e9cise des mammographies. Ces normes signifient que : <\/span><\/p><ul><li style=\"font-weight: 400;\" aria-level=\"1\"><b>Assurance qualit\u00e9 (QA) :<\/b><span style=\"font-weight: 400;\"> Les \u00e9crans n\u00e9cessitent des tests QA r\u00e9guliers pour maintenir une qualit\u00e9 d\u2019image coh\u00e9rente et fiable.<\/span><\/li><li style=\"font-weight: 400;\" aria-level=\"1\"><b>Alignement du fabricant :<\/b><span style=\"font-weight: 400;\"> Les protocoles de test doivent suivre soit les normes recommand\u00e9es par l\u2019unit\u00e9 de mammographie, soit les directives alternatives approuv\u00e9es.<\/span><\/li><\/ul><p><b>Documentation compl\u00e8te :<\/b><span style=\"font-weight: 400;\"> Des enregistrements d\u00e9taill\u00e9s des donn\u00e9es de test et de toute mesure corrective sont n\u00e9cessaires pour les inspections annuelles MQSA.<\/span><\/p>\t\t\t\t\t\t\t\t<\/div>\n\t\t\t\t<\/div>\n\t\t\t\t<div class=\"elementor-element elementor-element-e1d2c34 elementor-widget elementor-widget-heading\" data-id=\"e1d2c34\" data-element_type=\"widget\" data-e-type=\"widget\" data-widget_type=\"heading.default\">\n\t\t\t\t<div class=\"elementor-widget-container\">\n\t\t\t\t\t<h6 class=\"elementor-heading-title elementor-size-default\">MQSA utilisant PerfectLum<\/h6>\t\t\t\t<\/div>\n\t\t\t\t<\/div>\n\t\t\t\t<div class=\"elementor-element elementor-element-828fbd9 elementor-widget elementor-widget-text-editor\" data-id=\"828fbd9\" data-element_type=\"widget\" data-e-type=\"widget\" data-widget_type=\"text-editor.default\">\n\t\t\t\t<div class=\"elementor-widget-container\">\n\t\t\t\t\t\t\t\t\t<p><span style=\"font-weight: 400;\">PerfectLum est con\u00e7u pour simplifier votre processus d\u2019assurance qualit\u00e9 d\u2019affichage et simplifier la conformit\u00e9. Voici comment : <\/span><\/p><h3><b>1. R\u00e9alisation du test QA<\/b><\/h3><p><span style=\"font-weight: 400;\">Utilisez le test int\u00e9gr\u00e9 ACR Quality Assurance disponible dans PerfectLum :<\/span><\/p><ol><li style=\"font-weight: 400;\" aria-level=\"1\"><b>Configuration :<\/b><ul><li style=\"font-weight: 400;\" aria-level=\"2\"><span style=\"font-weight: 400;\">Connectez un colorim\u00e8tre (comme le PerfectLum S1) \u00e0 votre \u00e9cran.<\/span><\/li><\/ul><\/li><li style=\"font-weight: 400;\" aria-level=\"1\"><b>Lancement de PerfectLum :<\/b><ul><li style=\"font-weight: 400;\" aria-level=\"2\"><span style=\"font-weight: 400;\">Ouvre l\u2019application PerfectLum.<\/span><\/li><\/ul><\/li><li style=\"font-weight: 400;\" aria-level=\"1\"><b>Section QA d\u2019acc\u00e8s :<\/b><ul><li style=\"font-weight: 400;\" aria-level=\"2\"><span style=\"font-weight: 400;\">Acc\u00e9dez \u00e0 la <\/span> section <b>Assurance Qualit\u00e9 de la TPA<\/b><span style=\"font-weight: 400;\">.<\/span><\/li><\/ul><\/li><li style=\"font-weight: 400;\" aria-level=\"1\"><b>S\u00e9lectionnez les param\u00e8tres de test :<\/b><ul><li style=\"font-weight: 400;\" aria-level=\"2\"><span style=\"font-weight: 400;\">Choisissez <\/span><b>l\u2019ACR<\/b><span style=\"font-weight: 400;\"> comme m\u00e9thode de test et <\/span><b>la mammographie<\/b><span style=\"font-weight: 400;\"> comme cat\u00e9gorie.<\/span><\/li><\/ul><\/li><li style=\"font-weight: 400;\" aria-level=\"1\"><b>Ex\u00e9cutez le test :<\/b><ul><li style=\"font-weight: 400;\" aria-level=\"2\"><span style=\"font-weight: 400;\">Cliquez sur \u00ab Effectuer le test d\u2019acceptation \u00bb et suivez l\u2019assistant guid\u00e9.<\/span><\/li><\/ul><\/li><\/ol><h3><b>2. Synchronisation et reporting des donn\u00e9es<\/b><\/h3><p><span style=\"font-weight: 400;\">PerfectLum est enti\u00e8rement int\u00e9gr\u00e9 au serveur QA PerfectLum. Une fois connect\u00e9es, toutes les donn\u00e9es de test QA sont automatiquement synchronis\u00e9es avec le serveur, garantissant un d\u00e9p\u00f4t centralis\u00e9 et s\u00e9curis\u00e9 pour tous vos r\u00e9sultats de test. Cette int\u00e9gration fluide facilite la r\u00e9alisation de :  <\/span><\/p><ul><li style=\"font-weight: 400;\" aria-level=\"1\"><b>Acc\u00e9dez aux donn\u00e9es consolid\u00e9es :<\/b><span style=\"font-weight: 400;\"> Gardez toutes vos donn\u00e9es de test au m\u00eame endroit.<\/span><\/li><li style=\"font-weight: 400;\" aria-level=\"1\"><b>Rapports d\u2019exportation :<\/b><span style=\"font-weight: 400;\"> Exportez sans effort des rapports complets depuis le serveur QA, simplifiant ainsi la pr\u00e9paration de la documentation pour votre inspection annuelle MQSA.<\/span><\/li><\/ul><h3><b>3. Pr\u00e9paration de l\u2019inspection annuelle MQSA<\/b><\/h3><p><span style=\"font-weight: 400;\">En plus d\u2019effectuer r\u00e9guli\u00e8rement des tests QA et de synchroniser les donn\u00e9es, assurez-vous de compiler les informations suivantes :<\/span><\/p><ul><li style=\"font-weight: 400;\" aria-level=\"1\"><b>Donn\u00e9es de test QC :<\/b><ul><li style=\"font-weight: 400;\" aria-level=\"2\"><span style=\"font-weight: 400;\">Completez les donn\u00e9es de test telles que sp\u00e9cifi\u00e9es dans le manuel QC du fabricant de votre unit\u00e9 de mammographie ou dans le manuel ACR DM QC lorsque vous utilisez la norme alternative.<\/span><\/li><\/ul><\/li><li style=\"font-weight: 400;\" aria-level=\"1\"><b>Dossiers d\u2019\u00e9quipement hors site :<\/b><ul><li style=\"font-weight: 400;\" aria-level=\"2\"><span style=\"font-weight: 400;\">Donn\u00e9es de test QC pour tout dispositif ou \u00e9quipement d\u2019affichage situ\u00e9 hors site.<\/span><\/li><\/ul><\/li><li style=\"font-weight: 400;\" aria-level=\"1\"><b>Documentation des actions correctives :<\/b><ul><li style=\"font-weight: 400;\" aria-level=\"2\"><span style=\"font-weight: 400;\">Dossiers d\u00e9taill\u00e9s de toutes les mesures correctives mises en \u0153uvre apr\u00e8s les tests QA.<\/span><\/li><\/ul><\/li><\/ul><h3><b>4. Pourquoi choisir le test ACR ?<\/b><\/h3><p><span style=\"font-weight: 400;\">L\u2019utilisation du Manuel de Contr\u00f4le de Qualit\u00e9 de la Mammographie Num\u00e9rique ACR pour les Syst\u00e8mes de Mammographie Num\u00e9rique Champ Complet (et son suppl\u00e9ment pour les Syst\u00e8mes de Mammographie de Tomosynth\u00e8se Mammaire Num\u00e9rique) constitue une alternative \u00e9prouv\u00e9e. Approuv\u00e9e par la FDA en tant que norme alternative #2423, cette m\u00e9thode fournit : <\/span><\/p><ul><li style=\"font-weight: 400;\" aria-level=\"1\"><b>Normes flexibles :<\/b><span style=\"font-weight: 400;\"> Les \u00e9tablissements peuvent choisir entre les recommandations du fabricant ou la norme alternative ACR.<\/span><\/li><li style=\"font-weight: 400;\" aria-level=\"1\"><b>Validit\u00e9 permanente :<\/b><span style=\"font-weight: 400;\"> La norme alternative ACR n\u2019a pas de limite de temps, offrant une approche coh\u00e9rente de l\u2019assurance qualit\u00e9.<\/span><\/li><\/ul><p><span style=\"font-weight: 400;\">Gr\u00e2ce aux tests ACR int\u00e9gr\u00e9s et \u00e0 la synchronisation des serveurs QA de PerfectLum, vous pouvez vous assurer que vos \u00e9crans r\u00e9pondent en permanence aux exigences ACR et simplifier votre documentation de conformit\u00e9.<\/span><\/p>\t\t\t\t\t\t\t\t<\/div>\n\t\t\t\t<\/div>\n\t\t\t\t\t<\/div>\n\t\t<\/div>\n\t\t\t\t\t<\/div>\n\t\t<\/section>\n\t\t\t\t<\/div>\n\t\t","protected":false},"excerpt":{"rendered":"<p>Domicile Assurez-vous que vos expositions mammographiques respectent les normes f\u00e9d\u00e9rales gr\u00e2ce \u00e0 notre guide sur la MQSA et PerfectLum. Ici, [&hellip;]<\/p>\n","protected":false},"author":1,"featured_media":0,"parent":0,"menu_order":0,"comment_status":"closed","ping_status":"closed","template":"","meta":{"_acf_changed":false,"om_disable_all_campaigns":false,"_monsterinsights_skip_tracking":false,"_monsterinsights_sitenote_active":false,"_monsterinsights_sitenote_note":"","_monsterinsights_sitenote_category":0,"_uf_show_specific_survey":0,"_uf_disable_surveys":false,"site-sidebar-layout":"no-sidebar","site-content-layout":"","ast-site-content-layout":"full-width-container","site-content-style":"default","site-sidebar-style":"default","ast-global-header-display":"","ast-banner-title-visibility":"","ast-main-header-display":"","ast-hfb-above-header-display":"","ast-hfb-below-header-display":"","ast-hfb-mobile-header-display":"","site-post-title":"disabled","ast-breadcrumbs-content":"","ast-featured-img":"disabled","footer-sml-layout":"","ast-disable-related-posts":"","theme-transparent-header-meta":"","adv-header-id-meta":"","stick-header-meta":"","header-above-stick-meta":"","header-main-stick-meta":"","header-below-stick-meta":"","astra-migrate-meta-layouts":"default","ast-page-background-enabled":"default","ast-page-background-meta":{"desktop":{"background-color":"var(--ast-global-color-4)","background-image":"","background-repeat":"repeat","background-position":"center center","background-size":"auto","background-attachment":"scroll","background-type":"","background-media":"","overlay-type":"","overlay-color":"","overlay-opacity":"","overlay-gradient":""},"tablet":{"background-color":"","background-image":"","background-repeat":"repeat","background-position":"center center","background-size":"auto","background-attachment":"scroll","background-type":"","background-media":"","overlay-type":"","overlay-color":"","overlay-opacity":"","overlay-gradient":""},"mobile":{"background-color":"","background-image":"","background-repeat":"repeat","background-position":"center center","background-size":"auto","background-attachment":"scroll","background-type":"","background-media":"","overlay-type":"","overlay-color":"","overlay-opacity":"","overlay-gradient":""}},"ast-content-background-meta":{"desktop":{"background-color":"var(--ast-global-color-5)","background-image":"","background-repeat":"repeat","background-position":"center center","background-size":"auto","background-attachment":"scroll","background-type":"","background-media":"","overlay-type":"","overlay-color":"","overlay-opacity":"","overlay-gradient":""},"tablet":{"background-color":"var(--ast-global-color-5)","background-image":"","background-repeat":"repeat","background-position":"center center","background-size":"auto","background-attachment":"scroll","background-type":"","background-media":"","overlay-type":"","overlay-color":"","overlay-opacity":"","overlay-gradient":""},"mobile":{"background-color":"var(--ast-global-color-5)","background-image":"","background-repeat":"repeat","background-position":"center center","background-size":"auto","background-attachment":"scroll","background-type":"","background-media":"","overlay-type":"","overlay-color":"","overlay-opacity":"","overlay-gradient":""}},"footnotes":""},"class_list":["post-12987","page","type-page","status-publish","hentry"],"acf":[],"_links":{"self":[{"href":"https:\/\/qubyx.com\/fr\/wp-json\/wp\/v2\/pages\/12987","targetHints":{"allow":["GET"]}}],"collection":[{"href":"https:\/\/qubyx.com\/fr\/wp-json\/wp\/v2\/pages"}],"about":[{"href":"https:\/\/qubyx.com\/fr\/wp-json\/wp\/v2\/types\/page"}],"author":[{"embeddable":true,"href":"https:\/\/qubyx.com\/fr\/wp-json\/wp\/v2\/users\/1"}],"replies":[{"embeddable":true,"href":"https:\/\/qubyx.com\/fr\/wp-json\/wp\/v2\/comments?post=12987"}],"version-history":[{"count":1,"href":"https:\/\/qubyx.com\/fr\/wp-json\/wp\/v2\/pages\/12987\/revisions"}],"predecessor-version":[{"id":12989,"href":"https:\/\/qubyx.com\/fr\/wp-json\/wp\/v2\/pages\/12987\/revisions\/12989"}],"wp:attachment":[{"href":"https:\/\/qubyx.com\/fr\/wp-json\/wp\/v2\/media?parent=12987"}],"curies":[{"name":"wp","href":"https:\/\/api.w.org\/{rel}","templated":true}]}}