{"id":12569,"date":"2024-12-09T06:29:24","date_gmt":"2024-12-09T06:29:24","guid":{"rendered":"https:\/\/qubyx.com\/declaration-de-confidentialite\/"},"modified":"2025-12-15T18:52:42","modified_gmt":"2025-12-15T18:52:42","slug":"declaration-de-confidentialite","status":"publish","type":"page","link":"https:\/\/qubyx.com\/fr\/declaration-de-confidentialite\/","title":{"rendered":"D\u00e9claration de confidentialit\u00e9"},"content":{"rendered":"\t\t<div data-elementor-type=\"wp-page\" data-elementor-id=\"12569\" class=\"elementor elementor-12569 elementor-8033\" data-elementor-post-type=\"page\">\n\t\t\t\t\t\t<section class=\"elementor-section elementor-top-section elementor-element elementor-element-5cc96f55 elementor-section-height-min-height elementor-section-boxed elementor-section-height-default elementor-section-items-middle\" data-id=\"5cc96f55\" data-element_type=\"section\" data-e-type=\"section\" data-settings=\"{&quot;background_background&quot;:&quot;classic&quot;}\">\n\t\t\t\t\t\t<div class=\"elementor-container elementor-column-gap-no\">\n\t\t\t\t\t<div class=\"elementor-column elementor-col-100 elementor-top-column elementor-element elementor-element-4bb35cbe\" data-id=\"4bb35cbe\" data-element_type=\"column\" data-e-type=\"column\">\n\t\t\t<div class=\"elementor-widget-wrap elementor-element-populated\">\n\t\t\t\t\t\t<section class=\"elementor-section elementor-inner-section elementor-element elementor-element-2174f0b8 elementor-section-boxed elementor-section-height-default elementor-section-height-default\" data-id=\"2174f0b8\" data-element_type=\"section\" data-e-type=\"section\">\n\t\t\t\t\t\t<div class=\"elementor-container elementor-column-gap-default\">\n\t\t\t\t\t<div class=\"elementor-column elementor-col-100 elementor-inner-column elementor-element elementor-element-4b5faa66\" data-id=\"4b5faa66\" data-element_type=\"column\" data-e-type=\"column\">\n\t\t\t<div class=\"elementor-widget-wrap elementor-element-populated\">\n\t\t\t\t\t\t<div class=\"elementor-element elementor-element-715882af elementor-widget elementor-widget-heading\" data-id=\"715882af\" data-element_type=\"widget\" data-e-type=\"widget\" data-widget_type=\"heading.default\">\n\t\t\t\t<div class=\"elementor-widget-container\">\n\t\t\t\t\t<h2 class=\"elementor-heading-title elementor-size-default\">D\u00e9claration de confidentialit\u00e9<\/h2>\t\t\t\t<\/div>\n\t\t\t\t<\/div>\n\t\t\t\t<div class=\"elementor-element elementor-element-698fda0 elementor-icon-list--layout-inline elementor-list-item-link-full_width elementor-widget elementor-widget-icon-list\" data-id=\"698fda0\" data-element_type=\"widget\" data-e-type=\"widget\" data-widget_type=\"icon-list.default\">\n\t\t\t\t<div class=\"elementor-widget-container\">\n\t\t\t\t\t\t\t<ul class=\"elementor-icon-list-items elementor-inline-items\">\n\t\t\t\t\t\t\t<li class=\"elementor-icon-list-item elementor-inline-item\">\n\t\t\t\t\t\t\t\t\t\t\t<a href=\"https:\/\/qubyx.com\/fr\/\">\n\n\t\t\t\t\t\t\t\t\t\t\t<span class=\"elementor-icon-list-text\">Domicile<\/span>\n\t\t\t\t\t\t\t\t\t\t\t<\/a>\n\t\t\t\t\t\t\t\t\t<\/li>\n\t\t\t\t\t\t\t\t<li class=\"elementor-icon-list-item elementor-inline-item\">\n\t\t\t\t\t\t\t\t\t\t\t<span class=\"elementor-icon-list-icon\">\n\t\t\t\t\t\t\t<svg xmlns=\"http:\/\/www.w3.org\/2000\/svg\" width=\"24\" height=\"25\" viewBox=\"0 0 24 25\" fill=\"none\"><path d=\"M16.0002 12.5001C16.0009 12.6317 15.9757 12.7621 15.926 12.884C15.8762 13.0058 15.8029 13.1166 15.7102 13.2101L9.71019 19.2101C9.52188 19.3984 9.26649 19.5042 9.00019 19.5042C8.73388 19.5042 8.47849 19.3984 8.29019 19.2101C8.10188 19.0218 7.99609 18.7664 7.99609 18.5001C7.99609 18.2338 8.10188 17.9784 8.29019 17.7901L13.5902 12.5001L8.30019 7.21006C8.13636 7.01876 8.05075 6.77268 8.06047 6.52101C8.07019 6.26933 8.17453 6.03059 8.35262 5.8525C8.53072 5.6744 8.76946 5.57007 9.02113 5.56035C9.27281 5.55063 9.51888 5.63623 9.71018 5.80006L15.7102 11.8001C15.8949 11.9863 15.9991 12.2377 16.0002 12.5001Z\" fill=\"white\"><\/path><\/svg>\t\t\t\t\t\t<\/span>\n\t\t\t\t\t\t\t\t\t\t<span class=\"elementor-icon-list-text\"><\/span>\n\t\t\t\t\t\t\t\t\t<\/li>\n\t\t\t\t\t\t<\/ul>\n\t\t\t\t\t\t<\/div>\n\t\t\t\t<\/div>\n\t\t\t\t\t<\/div>\n\t\t<\/div>\n\t\t\t\t\t<\/div>\n\t\t<\/section>\n\t\t\t\t\t<\/div>\n\t\t<\/div>\n\t\t\t\t\t<\/div>\n\t\t<\/section>\n\t\t\t\t<section class=\"elementor-section elementor-top-section elementor-element elementor-element-394c9dd3 elementor-section-boxed elementor-section-height-default elementor-section-height-default\" data-id=\"394c9dd3\" data-element_type=\"section\" data-e-type=\"section\">\n\t\t\t\t\t\t<div class=\"elementor-container elementor-column-gap-no\">\n\t\t\t\t\t<div class=\"elementor-column elementor-col-100 elementor-top-column elementor-element elementor-element-46db329e\" data-id=\"46db329e\" data-element_type=\"column\" data-e-type=\"column\">\n\t\t\t<div class=\"elementor-widget-wrap elementor-element-populated\">\n\t\t\t\t\t\t<section class=\"elementor-section elementor-inner-section elementor-element elementor-element-6cea6484 elementor-section-boxed elementor-section-height-default elementor-section-height-default\" data-id=\"6cea6484\" data-element_type=\"section\" data-e-type=\"section\">\n\t\t\t\t\t\t<div class=\"elementor-container elementor-column-gap-default\">\n\t\t\t\t\t<div class=\"elementor-column elementor-col-100 elementor-inner-column elementor-element elementor-element-db87278\" data-id=\"db87278\" data-element_type=\"column\" data-e-type=\"column\">\n\t\t\t<div class=\"elementor-widget-wrap elementor-element-populated\">\n\t\t\t\t\t\t<div class=\"elementor-element elementor-element-5f8c706c forbidden elementor-widget elementor-widget-text-editor\" data-id=\"5f8c706c\" data-element_type=\"widget\" data-e-type=\"widget\" data-widget_type=\"text-editor.default\">\n\t\t\t\t<div class=\"elementor-widget-container\">\n\t\t\t\t\t\t\t\t\t<p>Chez QUBYX, nous respectons et valorisons votre vie priv\u00e9e. Cette politique d\u00e9crit les mesures que nous prenons pour prot\u00e9ger les informations que vous partagez avec nous lors de vos visites sur notre site web. Collecte et s\u00e9curit\u00e9 des informations personnelles  <\/p><p>QUBYX s\u2019engage \u00e0 garder vos informations personnelles, telles que votre nom, votre adresse et votre profession, s\u00e9curis\u00e9es et confidentielles. Nous prenons des mesures raisonnables pour prot\u00e9ger les donn\u00e9es personnelles que nous collectons aupr\u00e8s de clients individuels et les prot\u00e9ger contre tout acc\u00e8s ou divulgation non autoris\u00e9s. Utilisation et partage d\u2019informations personnelles  <\/p><p>QUBYX ne vend ni ne partage les informations personnelles individuelles de clients avec des organisations externes \u00e0 des fins marketing ou sollicitation. Cependant, nous pouvons partager ces informations avec des agents de confiance, des sous-traitants ou des affili\u00e9s uniquement pour fournir les produits et services QUBYX. Pr\u00e9f\u00e9rences de communication  <\/p><p>De temps \u00e0 autre, nous pouvons vous envoyer des mises \u00e0 jour concernant des produits ou services que nous estimons susceptibles de vous int\u00e9resser. Si vous pr\u00e9f\u00e9rez ne pas recevoir ces communications, ou pensez les recevoir par erreur, veuillez nous contacter pour \u00eatre retir\u00e9 de notre liste de diffusion. Vous pouvez nous joindre via [ins\u00e9rer le moyen de contact, par exemple, email ou t\u00e9l\u00e9phone].  <\/p><p><strong>Achats en ligne et s\u00e9curit\u00e9 des cartes de cr\u00e9dit  <\/strong><\/p><p>Le panier d\u2019achat en ligne de QUBYX est h\u00e9berg\u00e9 de mani\u00e8re s\u00e9curis\u00e9e au sein de notre r\u00e9seau, avec des mesures mises en place pour prot\u00e9ger vos informations de carte de cr\u00e9dit et garantir la confidentialit\u00e9 de vos transactions.<\/p><p><strong>Cookies et suivi des donn\u00e9es  <\/strong><\/p><p>Nous utilisons la technologie des \u00ab cookies \u00bb pour am\u00e9liorer votre exp\u00e9rience de navigation et collecter des donn\u00e9es commerciales et techniques utiles. Les cookies nous aident \u00e0 analyser la mani\u00e8re dont les utilisateurs interagissent avec notre site, comme suivre les chemins de navigation et les habitudes des visiteurs. De plus, nous utilisons les journaux du serveur \u00e0 des fins similaires.  <\/p><p>Si vous pr\u00e9f\u00e9rez ne pas utiliser de cookies, la plupart des navigateurs internet vous permettent de les d\u00e9sactiver via les param\u00e8tres du navigateur. Veuillez noter que d\u00e9sactiver les cookies peut affecter la fonctionnalit\u00e9 de certaines fonctionnalit\u00e9s du site web.   <\/p><p><strong>Liens tiers  <\/strong><\/p><p>QUBYX peut parfois inclure des liens vers des sites web tiers. Veuillez noter que les pratiques de confidentialit\u00e9 de ces sites tiers ne sont pas couvertes par la politique de confidentialit\u00e9 de QUBYX. Ainsi, votre utilisation de ces sites est \u00e0 vos risques et p\u00e9rils, et nous vous encourageons \u00e0 consulter leurs politiques de confidentialit\u00e9 avant de fournir des informations personnelles.  <\/p>\t\t\t\t\t\t\t\t<\/div>\n\t\t\t\t<\/div>\n\t\t\t\t\t<\/div>\n\t\t<\/div>\n\t\t\t\t\t<\/div>\n\t\t<\/section>\n\t\t\t\t\t<\/div>\n\t\t<\/div>\n\t\t\t\t\t<\/div>\n\t\t<\/section>\n\t\t\t\t<\/div>\n\t\t","protected":false},"excerpt":{"rendered":"<p>D\u00e9claration de confidentialit\u00e9 Domicile Chez QUBYX, nous respectons et valorisons votre vie priv\u00e9e. Cette politique d\u00e9crit les mesures que nous [&hellip;]<\/p>\n","protected":false},"author":1,"featured_media":0,"parent":0,"menu_order":0,"comment_status":"closed","ping_status":"closed","template":"","meta":{"_acf_changed":false,"om_disable_all_campaigns":false,"_monsterinsights_skip_tracking":false,"_monsterinsights_sitenote_active":false,"_monsterinsights_sitenote_note":"","_monsterinsights_sitenote_category":0,"_uf_show_specific_survey":0,"_uf_disable_surveys":false,"site-sidebar-layout":"no-sidebar","site-content-layout":"","ast-site-content-layout":"full-width-container","site-content-style":"default","site-sidebar-style":"default","ast-global-header-display":"","ast-banner-title-visibility":"","ast-main-header-display":"","ast-hfb-above-header-display":"","ast-hfb-below-header-display":"","ast-hfb-mobile-header-display":"","site-post-title":"disabled","ast-breadcrumbs-content":"","ast-featured-img":"disabled","footer-sml-layout":"","ast-disable-related-posts":"","theme-transparent-header-meta":"","adv-header-id-meta":"","stick-header-meta":"","header-above-stick-meta":"","header-main-stick-meta":"","header-below-stick-meta":"","astra-migrate-meta-layouts":"default","ast-page-background-enabled":"default","ast-page-background-meta":{"desktop":{"background-color":"var(--ast-global-color-4)","background-image":"","background-repeat":"repeat","background-position":"center center","background-size":"auto","background-attachment":"scroll","background-type":"","background-media":"","overlay-type":"","overlay-color":"","overlay-opacity":"","overlay-gradient":""},"tablet":{"background-color":"","background-image":"","background-repeat":"repeat","background-position":"center center","background-size":"auto","background-attachment":"scroll","background-type":"","background-media":"","overlay-type":"","overlay-color":"","overlay-opacity":"","overlay-gradient":""},"mobile":{"background-color":"","background-image":"","background-repeat":"repeat","background-position":"center center","background-size":"auto","background-attachment":"scroll","background-type":"","background-media":"","overlay-type":"","overlay-color":"","overlay-opacity":"","overlay-gradient":""}},"ast-content-background-meta":{"desktop":{"background-color":"var(--ast-global-color-5)","background-image":"","background-repeat":"repeat","background-position":"center center","background-size":"auto","background-attachment":"scroll","background-type":"","background-media":"","overlay-type":"","overlay-color":"","overlay-opacity":"","overlay-gradient":""},"tablet":{"background-color":"var(--ast-global-color-5)","background-image":"","background-repeat":"repeat","background-position":"center center","background-size":"auto","background-attachment":"scroll","background-type":"","background-media":"","overlay-type":"","overlay-color":"","overlay-opacity":"","overlay-gradient":""},"mobile":{"background-color":"var(--ast-global-color-5)","background-image":"","background-repeat":"repeat","background-position":"center center","background-size":"auto","background-attachment":"scroll","background-type":"","background-media":"","overlay-type":"","overlay-color":"","overlay-opacity":"","overlay-gradient":""}},"footnotes":""},"class_list":["post-12569","page","type-page","status-publish","hentry"],"acf":[],"_links":{"self":[{"href":"https:\/\/qubyx.com\/fr\/wp-json\/wp\/v2\/pages\/12569","targetHints":{"allow":["GET"]}}],"collection":[{"href":"https:\/\/qubyx.com\/fr\/wp-json\/wp\/v2\/pages"}],"about":[{"href":"https:\/\/qubyx.com\/fr\/wp-json\/wp\/v2\/types\/page"}],"author":[{"embeddable":true,"href":"https:\/\/qubyx.com\/fr\/wp-json\/wp\/v2\/users\/1"}],"replies":[{"embeddable":true,"href":"https:\/\/qubyx.com\/fr\/wp-json\/wp\/v2\/comments?post=12569"}],"version-history":[{"count":1,"href":"https:\/\/qubyx.com\/fr\/wp-json\/wp\/v2\/pages\/12569\/revisions"}],"predecessor-version":[{"id":12572,"href":"https:\/\/qubyx.com\/fr\/wp-json\/wp\/v2\/pages\/12569\/revisions\/12572"}],"wp:attachment":[{"href":"https:\/\/qubyx.com\/fr\/wp-json\/wp\/v2\/media?parent=12569"}],"curies":[{"name":"wp","href":"https:\/\/api.w.org\/{rel}","templated":true}]}}