{"id":13560,"date":"2020-04-06T16:51:35","date_gmt":"2020-04-06T16:51:35","guid":{"rendered":"https:\/\/qubyx.com\/product\/perfectlum-y-sensor-s1\/"},"modified":"2020-04-06T16:51:35","modified_gmt":"2020-04-06T16:51:35","slug":"perfectlum-y-sensor-s1","status":"publish","type":"product","link":"https:\/\/qubyx.com\/es\/product\/perfectlum-y-sensor-s1\/","title":{"rendered":"PerfectLum y sensor S1"},"content":{"rendered":"<p>El software de calibraci\u00f3n y control de calidad PerfectLum, incluido con el color\u00edmetro PerfectLum S1, garantiza el cumplimiento de normas m\u00e9dicas como NEMA DICOM parte 14 GSDF, NY PDM, AAPM TG18, AAPM TG 270, DIN 6868-157, DIN 6868-57, ACR y NYC PDM. PerfectLum puede calibrar casi cualquier pantalla. Soporta una amplia gama de dispositivos de medici\u00f3n y placas gr\u00e1ficas y genera un informe completo para cada calibraci\u00f3n o prueba de control de calidad.  <\/p>\n<p>PerfectLum se vende por estaci\u00f3n de trabajo con todas las funciones incluidas. Una licencia puede usarse para calibrar hasta seis pantallas. QUBYX ofrece descuentos significativos para compras en volumen. Cont\u00e1ctanos para recibir un presupuesto.   <\/p>\n<p>PerfectLum tambi\u00e9n cuenta con la Gesti\u00f3n Remota integrada, que permite a los administradores de sistemas monitorizar y controlar pantallas ubicadas en m\u00faltiples centros m\u00e9dicos desde una ubicaci\u00f3n central de monitorizaci\u00f3n. Para un soporte m\u00e1s avanzado y de mayor prioridad, considera adquirir el Plan de Mantenimiento PerfectLum. <\/p>\n<p>y no es un paquete con un iMac sino con el sensor. Te hab\u00eda enviado fotos del sensor. Por favor, col\u00f3calo.  <\/p>\n<p>Cuando a\u00f1ada el historial y llegue a \u00e9l, quiero que se ofrezca el plan de mantenimiento.<\/p>\n","protected":false},"excerpt":{"rendered":"<p>PerfectLum 4 viene incluido con la luminancia y color\u00edmetro precisos PerfectLum S1. Configuraci\u00f3n y mantenimiento<\/p>\n<p>f\u00e1ciles. Compatible con Windows y Mac<\/p>\n<p>. Nuestro Plan de Mantenimiento garantiza acceso gratuito a todas las \u00faltimas actualizaciones, paquetes de servicio y nuevas versiones de PerfectLum 4 que incorporan correcciones, mejoras o modificaciones de programas.<\/p>\n<p>De nuevo en stock<\/p>\n","protected":false},"featured_media":9603,"template":"","meta":{"_acf_changed":false,"om_disable_all_campaigns":false,"_monsterinsights_skip_tracking":false,"_monsterinsights_sitenote_active":false,"_monsterinsights_sitenote_note":"","_monsterinsights_sitenote_category":0,"_uf_show_specific_survey":0,"_uf_disable_surveys":false,"site-sidebar-layout":"default","site-content-layout":"","ast-site-content-layout":"default","site-content-style":"default","site-sidebar-style":"default","ast-global-header-display":"","ast-banner-title-visibility":"","ast-main-header-display":"","ast-hfb-above-header-display":"","ast-hfb-below-header-display":"","ast-hfb-mobile-header-display":"","site-post-title":"","ast-breadcrumbs-content":"","ast-featured-img":"","footer-sml-layout":"","ast-disable-related-posts":"","theme-transparent-header-meta":"default","adv-header-id-meta":"","stick-header-meta":"","header-above-stick-meta":"","header-main-stick-meta":"","header-below-stick-meta":"","astra-migrate-meta-layouts":"default","ast-page-background-enabled":"default","ast-page-background-meta":{"desktop":{"background-color":"var(--ast-global-color-4)","background-image":"","background-repeat":"repeat","background-position":"center center","background-size":"auto","background-attachment":"scroll","background-type":"","background-media":"","overlay-type":"","overlay-color":"","overlay-opacity":"","overlay-gradient":""},"tablet":{"background-color":"","background-image":"","background-repeat":"repeat","background-position":"center center","background-size":"auto","background-attachment":"scroll","background-type":"","background-media":"","overlay-type":"","overlay-color":"","overlay-opacity":"","overlay-gradient":""},"mobile":{"background-color":"","background-image":"","background-repeat":"repeat","background-position":"center center","background-size":"auto","background-attachment":"scroll","background-type":"","background-media":"","overlay-type":"","overlay-color":"","overlay-opacity":"","overlay-gradient":""}},"ast-content-background-meta":{"desktop":{"background-color":"var(--ast-global-color-5)","background-image":"","background-repeat":"repeat","background-position":"center center","background-size":"auto","background-attachment":"scroll","background-type":"","background-media":"","overlay-type":"","overlay-color":"","overlay-opacity":"","overlay-gradient":""},"tablet":{"background-color":"var(--ast-global-color-5)","background-image":"","background-repeat":"repeat","background-position":"center center","background-size":"auto","background-attachment":"scroll","background-type":"","background-media":"","overlay-type":"","overlay-color":"","overlay-opacity":"","overlay-gradient":""},"mobile":{"background-color":"var(--ast-global-color-5)","background-image":"","background-repeat":"repeat","background-position":"center center","background-size":"auto","background-attachment":"scroll","background-type":"","background-media":"","overlay-type":"","overlay-color":"","overlay-opacity":"","overlay-gradient":""}}},"product_brand":[],"product_cat":[4190,4184],"product_tag":[],"class_list":{"0":"post-13560","1":"product","2":"type-product","3":"status-publish","4":"has-post-thumbnail","6":"product_cat-hardware","7":"product_cat-software","8":"desktop-align-left","9":"tablet-align-left","10":"mobile-align-left","12":"first","13":"instock","14":"downloadable","15":"shipping-taxable","16":"purchasable","17":"product-type-simple"},"acf":[],"_links":{"self":[{"href":"https:\/\/qubyx.com\/es\/wp-json\/wp\/v2\/product\/13560","targetHints":{"allow":["GET"]}}],"collection":[{"href":"https:\/\/qubyx.com\/es\/wp-json\/wp\/v2\/product"}],"about":[{"href":"https:\/\/qubyx.com\/es\/wp-json\/wp\/v2\/types\/product"}],"wp:featuredmedia":[{"embeddable":true,"href":"https:\/\/qubyx.com\/es\/wp-json\/wp\/v2\/media\/9603"}],"wp:attachment":[{"href":"https:\/\/qubyx.com\/es\/wp-json\/wp\/v2\/media?parent=13560"}],"wp:term":[{"taxonomy":"product_brand","embeddable":true,"href":"https:\/\/qubyx.com\/es\/wp-json\/wp\/v2\/product_brand?post=13560"},{"taxonomy":"product_cat","embeddable":true,"href":"https:\/\/qubyx.com\/es\/wp-json\/wp\/v2\/product_cat?post=13560"},{"taxonomy":"product_tag","embeddable":true,"href":"https:\/\/qubyx.com\/es\/wp-json\/wp\/v2\/product_tag?post=13560"}],"curies":[{"name":"wp","href":"https:\/\/api.w.org\/{rel}","templated":true}]}}