{"id":13553,"date":"2020-04-20T07:50:33","date_gmt":"2020-04-20T07:50:33","guid":{"rendered":"https:\/\/qubyx.com\/product\/qubyx-perfectlum-4\/"},"modified":"2020-04-20T07:50:33","modified_gmt":"2020-04-20T07:50:33","slug":"qubyx-perfectlum-4","status":"publish","type":"product","link":"https:\/\/qubyx.com\/es\/product\/qubyx-perfectlum-4\/","title":{"rendered":"QUBYX Perfectlum 4"},"content":{"rendered":"<p>Software de calibraci\u00f3n PerfectLum: Adaptado para la precisi\u00f3n y la compatibilidad<\/p>\n<p>El software de calibraci\u00f3n PerfectLum no solo cumple, sino que supera est\u00e1ndares m\u00e9dicos como NEMA DICOM parte 14 GSDF, NY PDM, AAPM TG18, DIN 6868-157, DIN 6868-57, ACR y NYC PDM. Dise\u00f1ado para calibrar pr\u00e1cticamente cualquier pantalla, PerfectLum soporta una amplia gama de dispositivos de medici\u00f3n y placas gr\u00e1ficas. Tras cada calibraci\u00f3n o prueba de control de calidad, se genera un informe completo que documenta el meticuloso proceso y los resultados.  <\/p>\n<p>Licencia por estaci\u00f3n de trabajo: PerfectLum se vende exclusivamente por estaci\u00f3n de trabajo, asegurando que todas las funciones est\u00e9n incluidas para cada estaci\u00f3n de trabajo dedicada. Una sola licencia es lo suficientemente vers\u00e1til para calibrar hasta 6 pantallas, lo que la convierte en una soluci\u00f3n ideal tanto para entornos individuales como con m\u00faltiples pantallas. <\/p>\n<p>Compatibilidad multiplataforma: Adoptando la versatilidad, PerfectLum es totalmente compatible tanto con Mac como con Windows, proporcionando una integraci\u00f3n fluida en tu flujo de trabajo existente.<\/p>\n<p>Descuentos por volumen: QUBYX valora a nuestros clientes y ofrece descuentos significativos para compras en volumen. Para un presupuesto personalizado que refleje tus necesidades espec\u00edficas, por favor cont\u00e1ctanos directamente. <\/p>\n<p>Gesti\u00f3n remota: Con capacidades integradas de gesti\u00f3n remota, los administradores de sistemas pueden monitorizar y controlar sin esfuerzo las pantallas en m\u00faltiples instalaciones m\u00e9dicas desde una ubicaci\u00f3n centralizada, garantizando uniformidad y control de calidad.<\/p>\n<p>Plan de Mantenimiento: Mejora tu experiencia de soporte con el Plan de Mantenimiento PerfectLum, dise\u00f1ado para ofrecer asistencia m\u00e1s avanzada y de mayor prioridad, manteniendo tus operaciones funcionando sin problemas.<\/p>\n","protected":false},"excerpt":{"rendered":"<p>Instalaci\u00f3n sin esfuerzo y plan de mantenimiento integral<\/p>\n<p>Instalaci\u00f3n sencilla: PerfectLum4 est\u00e1 dise\u00f1ado para una configuraci\u00f3n sin complicaciones tanto en Windows como en Mac OS. Nuestro proceso de instalaci\u00f3n intuitivo garantiza que puedas empezar con calibraci\u00f3n precisa sin demora. <\/p>\n<p>Plan de mantenimiento: Mantente al d\u00eda con el Plan de Mantenimiento de PerfectLum4, que garantiza acceso gratuito a todas las \u00faltimas actualizaciones, paquetes de servicio y novedades. Aprovecha de correcciones, mejoras y modificaciones continuas del programa, asegurando que tu software se mantenga a la vanguardia de la tecnolog\u00eda de calibraci\u00f3n de pantallas. <\/p>\n","protected":false},"featured_media":6982,"template":"","meta":{"_acf_changed":false,"om_disable_all_campaigns":false,"_monsterinsights_skip_tracking":false,"_monsterinsights_sitenote_active":false,"_monsterinsights_sitenote_note":"","_monsterinsights_sitenote_category":0,"_uf_show_specific_survey":0,"_uf_disable_surveys":false,"site-sidebar-layout":"default","site-content-layout":"","ast-site-content-layout":"default","site-content-style":"default","site-sidebar-style":"default","ast-global-header-display":"","ast-banner-title-visibility":"","ast-main-header-display":"","ast-hfb-above-header-display":"","ast-hfb-below-header-display":"","ast-hfb-mobile-header-display":"","site-post-title":"","ast-breadcrumbs-content":"","ast-featured-img":"","footer-sml-layout":"","ast-disable-related-posts":"","theme-transparent-header-meta":"default","adv-header-id-meta":"","stick-header-meta":"","header-above-stick-meta":"","header-main-stick-meta":"","header-below-stick-meta":"","astra-migrate-meta-layouts":"default","ast-page-background-enabled":"default","ast-page-background-meta":{"desktop":{"background-color":"var(--ast-global-color-4)","background-image":"","background-repeat":"repeat","background-position":"center center","background-size":"auto","background-attachment":"scroll","background-type":"","background-media":"","overlay-type":"","overlay-color":"","overlay-opacity":"","overlay-gradient":""},"tablet":{"background-color":"","background-image":"","background-repeat":"repeat","background-position":"center center","background-size":"auto","background-attachment":"scroll","background-type":"","background-media":"","overlay-type":"","overlay-color":"","overlay-opacity":"","overlay-gradient":""},"mobile":{"background-color":"","background-image":"","background-repeat":"repeat","background-position":"center center","background-size":"auto","background-attachment":"scroll","background-type":"","background-media":"","overlay-type":"","overlay-color":"","overlay-opacity":"","overlay-gradient":""}},"ast-content-background-meta":{"desktop":{"background-color":"var(--ast-global-color-5)","background-image":"","background-repeat":"repeat","background-position":"center center","background-size":"auto","background-attachment":"scroll","background-type":"","background-media":"","overlay-type":"","overlay-color":"","overlay-opacity":"","overlay-gradient":""},"tablet":{"background-color":"var(--ast-global-color-5)","background-image":"","background-repeat":"repeat","background-position":"center center","background-size":"auto","background-attachment":"scroll","background-type":"","background-media":"","overlay-type":"","overlay-color":"","overlay-opacity":"","overlay-gradient":""},"mobile":{"background-color":"var(--ast-global-color-5)","background-image":"","background-repeat":"repeat","background-position":"center center","background-size":"auto","background-attachment":"scroll","background-type":"","background-media":"","overlay-type":"","overlay-color":"","overlay-opacity":"","overlay-gradient":""}}},"product_brand":[],"product_cat":[4184],"product_tag":[],"class_list":{"0":"post-13553","1":"product","2":"type-product","3":"status-publish","4":"has-post-thumbnail","6":"product_cat-software","7":"desktop-align-left","8":"tablet-align-left","9":"mobile-align-left","11":"first","12":"instock","13":"downloadable","14":"virtual","15":"purchasable","16":"product-type-simple"},"acf":[],"_links":{"self":[{"href":"https:\/\/qubyx.com\/es\/wp-json\/wp\/v2\/product\/13553","targetHints":{"allow":["GET"]}}],"collection":[{"href":"https:\/\/qubyx.com\/es\/wp-json\/wp\/v2\/product"}],"about":[{"href":"https:\/\/qubyx.com\/es\/wp-json\/wp\/v2\/types\/product"}],"wp:featuredmedia":[{"embeddable":true,"href":"https:\/\/qubyx.com\/es\/wp-json\/wp\/v2\/media\/6982"}],"wp:attachment":[{"href":"https:\/\/qubyx.com\/es\/wp-json\/wp\/v2\/media?parent=13553"}],"wp:term":[{"taxonomy":"product_brand","embeddable":true,"href":"https:\/\/qubyx.com\/es\/wp-json\/wp\/v2\/product_brand?post=13553"},{"taxonomy":"product_cat","embeddable":true,"href":"https:\/\/qubyx.com\/es\/wp-json\/wp\/v2\/product_cat?post=13553"},{"taxonomy":"product_tag","embeddable":true,"href":"https:\/\/qubyx.com\/es\/wp-json\/wp\/v2\/product_tag?post=13553"}],"curies":[{"name":"wp","href":"https:\/\/api.w.org\/{rel}","templated":true}]}}