{"id":13065,"date":"2025-09-23T08:59:04","date_gmt":"2025-09-23T08:59:04","guid":{"rendered":"https:\/\/qubyx.com\/lograr-la-precision-del-color-de-la-pantalla-de-forma-independiente-herramientas-qubyx-os\/"},"modified":"2025-09-23T08:59:04","modified_gmt":"2025-09-23T08:59:04","slug":"lograr-la-precision-del-color-de-la-pantalla-de-forma-independiente-herramientas-qubyx-os","status":"publish","type":"page","link":"https:\/\/qubyx.com\/es\/lograr-la-precision-del-color-de-la-pantalla-de-forma-independiente-herramientas-qubyx-os\/","title":{"rendered":"Lograr la precisi\u00f3n del color de la pantalla de forma independiente | Herramientas QUBYX OS"},"content":{"rendered":"<h2 style=\"text-align: center;\">Lograr la precisi\u00f3n del color de la pantalla de forma independiente | Herramientas QUBYX OS<\/h2>\n<p>&nbsp;<\/p>\n<p>Durante d\u00e9cadas, la gesti\u00f3n profesional del color ha estado limitada por costosos hardware propietarios y ecosistemas de software cerrados. Estas limitaciones crean altas barreras de entrada y atan a las industrias a dependencias costosas y r\u00edgidas de los proveedores. <g id=\"gid_0\">QUBYX OS Tools<\/g> rompe ese ciclo. Nuestro framework de c\u00f3digo abierto te da control total sobre tu pipeline de color, pr\u00e1cticamente en cualquier pantalla, con total transparencia y escalabilidad.  <\/p>\n<p>Con \u00e9l, puedes:<\/p>\n<ul>\n<li>Genera <strong>perfiles avanzados de Device Link ICC<\/strong> con <strong>LUTs 3D<\/strong> integrados.<\/li>\n<li>Combina conversiones de color de origen a destino en un \u00fanico archivo optimizado.<\/li>\n<li>Consigue resultados fluidos, precisos y repetibles\u2014en tus propios t\u00e9rminos, a una fracci\u00f3n del coste.<\/li>\n<\/ul>\n<p>&nbsp;<\/p>\n<h3><strong>Gana independencia, mant\u00e9n la calidad<\/strong><\/h3>\n<p>QUBYX OS Tools democratiza la gesti\u00f3n de color de alta gama reemplazando el hardware restrictivo por una sofisticada calibraci\u00f3n de software y generaci\u00f3n de perfiles.<\/p>\n<ul>\n<li><strong>Resultados de nivel empresarial:<\/strong> Los rivales cerraron ecosistemas bloqueados por hardware.<\/li>\n<li><strong>Escalado rentable:<\/strong> Ampl\u00eda los flujos de trabajo cr\u00edticos en color sin que los costes se disparen.<\/li>\n<li><strong>Despliegue universal:<\/strong> Operar en entornos donde los dispositivos propietarios son poco pr\u00e1cticos.<\/li>\n<li><strong>A prueba de futuro:<\/strong> Protege los flujos de trabajo contra la descontinuaci\u00f3n de los proveedores o la obsolescencia del producto.<\/li>\n<\/ul>\n<p>&nbsp;<\/p>\n<h3><strong>Por qu\u00e9 esta herramienta es \u00fanica | Herramientas QUBYX OS<\/strong><\/h3>\n<ul>\n<li><strong>Romper el bloqueo<\/strong><br \/>\n del proveedorReducir la dependencia de sistemas de calibraci\u00f3n propietarios. Construye una pipeline flexible impulsada por la inteligencia del software. <\/li>\n<li>Perfiles<br \/>\n <strong>unificados de enlace de dispositivo<\/strong>Genera archivos .icc optimizados que gestionen el color de origen a destino en un solo paso preciso, minimizando la p\u00e9rdida de precisi\u00f3n.<\/li>\n<li>Alimentaci\u00f3n<br \/>\n <strong>LUT 3D embebida<\/strong>Haz dise\u00f1os creativos complejos, emulaciones de pel\u00edcula o transformaciones t\u00e9cnicas directamente en el perfil.<\/li>\n<li><strong>C\u00f3digo abierto y fiable<\/strong><br \/>\nBajo la licencia del MIT. Audita, inspecciona y adapta el c\u00f3digo para que cumpla exactamente con tus requisitos. <\/li>\n<li><strong>Licencia GNU<\/strong><\/li>\n<\/ul>\n<p>La <a href=\"https:\/\/www.gnu.org\/licenses\/gpl-3.0.en.html\" target=\"_blank\" rel=\"noopener\">Licencia GNU<\/a> se refiere a la familia de licencias de software libre ampliamente utilizadas, en particular la Licencia General P\u00fablica GNU (GPL) y la Licencia P\u00fablica General Menor GNU (LGPL), que otorgan a los usuarios la libertad de ejecutar, estudiar, compartir y modificar software.<\/p>\n<p>&nbsp;<\/p>\n<h3><strong>\u00bfPara qui\u00e9n es? | Herramientas QUBYX OS<\/strong><\/h3>\n<ul>\n<li><strong>PACS y fabricantes<\/strong><br \/>\n de software m\u00e9dicoGarantizar la precisi\u00f3n conforme a DICOM en diversas pantallas sin limitarse a un solo fabricante.<\/li>\n<li><strong>Radiodifusi\u00f3n y televisi\u00f3n<\/strong><br \/>\nMant\u00e9n colores consistentes para masterizar y revisar entre las suites de montadores y monitores de clientes.<\/li>\n<li>Estudios<br \/>\n <strong>de Fotograf\u00eda y V\u00eddeo<\/strong>Estandariza las transformaciones personalizadas tanto en pantallas profesionales como de consumo.<\/li>\n<li><strong>Defensa, Marina y Aeroespacial<\/strong><br \/>\nCrear perfiles certificados para salas de control, estaciones de sonar y simuladores que funcionen en hardware robusto.<\/li>\n<li><strong>Cient\u00edficos e Ingenieros<\/strong><br \/>\n del ColorIntegrar pipelines de transformaci\u00f3n precisa en aplicaciones propietarias o comerciales.<\/li>\n<li>Operadores<br \/>\n <strong>de prensa digital<\/strong>Consolida los flujos de trabajo de color de pantalla a impresi\u00f3n en varios pasos en un \u00fanico enlace robusto.<\/li>\n<\/ul>\n<p>&nbsp;<\/p>\n<h3><strong>Empieza hoy mismo<\/strong><\/h3>\n<p>\u00danete a una comunidad creciente de profesionales que toman el control de su flujo de trabajo y presupuesto de color.<\/p>\n<ol>\n<li>Descarga Code &amp; Docs, clona el repositorio y explora documentaci\u00f3n completa bajo la licencia GNU.<\/li>\n<\/ol>\n<p>Git clon <a href=\"https:\/\/github.com\/QUBYX-LLC\/your-repo-name.git\" target=\"_blank\" rel=\"noopener\">https:\/\/github.com\/QUBYX-LLC\/your-repo-name.git<\/a><\/p>\n<ul>\n<li><strong>Explora tutoriales<\/strong><br \/>\nVisita nuestro GitHub para gu\u00edas pr\u00e1cticas, referencias de API y perfiles de ejemplo.<\/li>\n<li><strong>Soporte<\/strong><br \/>\n empresarial\u00bfLlevar a cabo operaciones cr\u00edticas? QUBYX ofrece soporte comercial, servicios de certificaci\u00f3n y desarrollo personalizado para industrias como la sanidad, la defensa y la aeroespacial. <\/li>\n<\/ul>\n<p>&nbsp;<\/p>\n<p><strong>M\u00e1s recursos<\/strong><\/p>\n<ul>\n<li><strong>Gu\u00eda completa de perfiles ICC<\/strong> \u2013 Aprende los fundamentos de la gesti\u00f3n moderna del color.<\/li>\n<li><strong>Profundiza en los LUTs 3D<\/strong> \u2013 Entiende c\u00f3mo los LUTs transforman tanto los flujos de trabajo creativos como t\u00e9cnicos.<\/li>\n<\/ul>\n<p>&nbsp;<\/p>\n<p>Permanece atento para la generaci\u00f3n de perfiles acelerada por GPU, mejoras en la interfaz gr\u00e1fica y ampliaci\u00f3n del soporte para tecnolog\u00edas emergentes de pantalla.<\/p>\n<p>&nbsp;<\/p>\n<p><a href=\"https:\/\/qubyx.com\/es\/\">qubyx.com<\/a> &#8211; Establecer el est\u00e1ndar en imagen.<\/p>\n<p>&nbsp;<\/p>\n<p>&nbsp;<\/p>\n","protected":false},"excerpt":{"rendered":"<p>Lograr la precisi\u00f3n del color de la pantalla de forma independiente | Herramientas QUBYX OS &nbsp; Durante d\u00e9cadas, la gesti\u00f3n [&hellip;]<\/p>\n","protected":false},"author":770,"featured_media":12274,"parent":0,"menu_order":0,"comment_status":"closed","ping_status":"closed","template":"","meta":{"_acf_changed":false,"om_disable_all_campaigns":false,"_monsterinsights_skip_tracking":false,"_monsterinsights_sitenote_active":false,"_monsterinsights_sitenote_note":"","_monsterinsights_sitenote_category":0,"_uf_show_specific_survey":0,"_uf_disable_surveys":false,"site-sidebar-layout":"default","site-content-layout":"","ast-site-content-layout":"default","site-content-style":"default","site-sidebar-style":"default","ast-global-header-display":"","ast-banner-title-visibility":"","ast-main-header-display":"","ast-hfb-above-header-display":"","ast-hfb-below-header-display":"","ast-hfb-mobile-header-display":"","site-post-title":"","ast-breadcrumbs-content":"","ast-featured-img":"","footer-sml-layout":"","ast-disable-related-posts":"","theme-transparent-header-meta":"default","adv-header-id-meta":"","stick-header-meta":"","header-above-stick-meta":"","header-main-stick-meta":"","header-below-stick-meta":"","astra-migrate-meta-layouts":"default","ast-page-background-enabled":"default","ast-page-background-meta":{"desktop":{"background-color":"var(--ast-global-color-4)","background-image":"","background-repeat":"repeat","background-position":"center center","background-size":"auto","background-attachment":"scroll","background-type":"","background-media":"","overlay-type":"","overlay-color":"","overlay-opacity":"","overlay-gradient":""},"tablet":{"background-color":"","background-image":"","background-repeat":"repeat","background-position":"center center","background-size":"auto","background-attachment":"scroll","background-type":"","background-media":"","overlay-type":"","overlay-color":"","overlay-opacity":"","overlay-gradient":""},"mobile":{"background-color":"","background-image":"","background-repeat":"repeat","background-position":"center center","background-size":"auto","background-attachment":"scroll","background-type":"","background-media":"","overlay-type":"","overlay-color":"","overlay-opacity":"","overlay-gradient":""}},"ast-content-background-meta":{"desktop":{"background-color":"var(--ast-global-color-5)","background-image":"","background-repeat":"repeat","background-position":"center center","background-size":"auto","background-attachment":"scroll","background-type":"","background-media":"","overlay-type":"","overlay-color":"","overlay-opacity":"","overlay-gradient":""},"tablet":{"background-color":"var(--ast-global-color-5)","background-image":"","background-repeat":"repeat","background-position":"center center","background-size":"auto","background-attachment":"scroll","background-type":"","background-media":"","overlay-type":"","overlay-color":"","overlay-opacity":"","overlay-gradient":""},"mobile":{"background-color":"var(--ast-global-color-5)","background-image":"","background-repeat":"repeat","background-position":"center center","background-size":"auto","background-attachment":"scroll","background-type":"","background-media":"","overlay-type":"","overlay-color":"","overlay-opacity":"","overlay-gradient":""}},"footnotes":""},"class_list":["post-13065","page","type-page","status-publish","has-post-thumbnail","hentry"],"acf":[],"_links":{"self":[{"href":"https:\/\/qubyx.com\/es\/wp-json\/wp\/v2\/pages\/13065","targetHints":{"allow":["GET"]}}],"collection":[{"href":"https:\/\/qubyx.com\/es\/wp-json\/wp\/v2\/pages"}],"about":[{"href":"https:\/\/qubyx.com\/es\/wp-json\/wp\/v2\/types\/page"}],"author":[{"embeddable":true,"href":"https:\/\/qubyx.com\/es\/wp-json\/wp\/v2\/users\/770"}],"replies":[{"embeddable":true,"href":"https:\/\/qubyx.com\/es\/wp-json\/wp\/v2\/comments?post=13065"}],"version-history":[{"count":0,"href":"https:\/\/qubyx.com\/es\/wp-json\/wp\/v2\/pages\/13065\/revisions"}],"wp:featuredmedia":[{"embeddable":true,"href":"https:\/\/qubyx.com\/es\/wp-json\/wp\/v2\/media\/12274"}],"wp:attachment":[{"href":"https:\/\/qubyx.com\/es\/wp-json\/wp\/v2\/media?parent=13065"}],"curies":[{"name":"wp","href":"https:\/\/api.w.org\/{rel}","templated":true}]}}