{"id":13047,"date":"2025-10-01T12:19:26","date_gmt":"2025-10-01T12:19:26","guid":{"rendered":"https:\/\/qubyx.com\/herramientas-qubyx-os\/"},"modified":"2025-12-15T18:56:17","modified_gmt":"2025-12-15T18:56:17","slug":"herramientas-qubyx-os","status":"publish","type":"page","link":"https:\/\/qubyx.com\/es\/herramientas-qubyx-os\/","title":{"rendered":"Herramientas QUBYX OS"},"content":{"rendered":"\t\t<div data-elementor-type=\"wp-page\" data-elementor-id=\"13047\" class=\"elementor elementor-13047 elementor-11040\" data-elementor-post-type=\"page\">\n\t\t\t\t\t\t<section class=\"elementor-section elementor-top-section elementor-element elementor-element-8a5f710 elementor-section-height-min-height elementor-section-boxed elementor-section-height-default elementor-section-items-middle\" data-id=\"8a5f710\" data-element_type=\"section\" data-e-type=\"section\" data-settings=\"{&quot;background_background&quot;:&quot;classic&quot;}\">\n\t\t\t\t\t\t<div class=\"elementor-container elementor-column-gap-no\">\n\t\t\t\t\t<div class=\"elementor-column elementor-col-100 elementor-top-column elementor-element elementor-element-602936f\" data-id=\"602936f\" data-element_type=\"column\" data-e-type=\"column\">\n\t\t\t<div class=\"elementor-widget-wrap elementor-element-populated\">\n\t\t\t\t\t\t<section class=\"elementor-section elementor-inner-section elementor-element elementor-element-ae76388 elementor-section-boxed elementor-section-height-default elementor-section-height-default\" data-id=\"ae76388\" data-element_type=\"section\" data-e-type=\"section\">\n\t\t\t\t\t\t<div class=\"elementor-container elementor-column-gap-default\">\n\t\t\t\t\t<div class=\"elementor-column elementor-col-100 elementor-inner-column elementor-element elementor-element-756ba57\" data-id=\"756ba57\" data-element_type=\"column\" data-e-type=\"column\">\n\t\t\t<div class=\"elementor-widget-wrap elementor-element-populated\">\n\t\t\t\t\t\t<div class=\"elementor-element elementor-element-295f59e elementor-widget elementor-widget-heading\" data-id=\"295f59e\" data-element_type=\"widget\" data-e-type=\"widget\" data-widget_type=\"heading.default\">\n\t\t\t\t<div class=\"elementor-widget-container\">\n\t\t\t\t\t<h2 class=\"elementor-heading-title elementor-size-default\">Herramientas QUBYX OS<\/h2>\t\t\t\t<\/div>\n\t\t\t\t<\/div>\n\t\t\t\t<div class=\"elementor-element elementor-element-1c0d3c8 elementor-icon-list--layout-inline elementor-list-item-link-full_width elementor-widget elementor-widget-icon-list\" data-id=\"1c0d3c8\" data-element_type=\"widget\" data-e-type=\"widget\" data-widget_type=\"icon-list.default\">\n\t\t\t\t<div class=\"elementor-widget-container\">\n\t\t\t\t\t\t\t<ul class=\"elementor-icon-list-items elementor-inline-items\">\n\t\t\t\t\t\t\t<li class=\"elementor-icon-list-item elementor-inline-item\">\n\t\t\t\t\t\t\t\t\t\t\t<a href=\"https:\/\/qubyx.com\/es\/\">\n\n\t\t\t\t\t\t\t\t\t\t\t<span class=\"elementor-icon-list-text\">Inicio<\/span>\n\t\t\t\t\t\t\t\t\t\t\t<\/a>\n\t\t\t\t\t\t\t\t\t<\/li>\n\t\t\t\t\t\t\t\t<li class=\"elementor-icon-list-item elementor-inline-item\">\n\t\t\t\t\t\t\t\t\t\t\t<span class=\"elementor-icon-list-icon\">\n\t\t\t\t\t\t\t<svg xmlns=\"http:\/\/www.w3.org\/2000\/svg\" width=\"24\" height=\"25\" viewBox=\"0 0 24 25\" fill=\"none\"><path d=\"M16.0002 12.5001C16.0009 12.6317 15.9757 12.7621 15.926 12.884C15.8762 13.0058 15.8029 13.1166 15.7102 13.2101L9.71019 19.2101C9.52188 19.3984 9.26649 19.5042 9.00019 19.5042C8.73388 19.5042 8.47849 19.3984 8.29019 19.2101C8.10188 19.0218 7.99609 18.7664 7.99609 18.5001C7.99609 18.2338 8.10188 17.9784 8.29019 17.7901L13.5902 12.5001L8.30019 7.21006C8.13636 7.01876 8.05075 6.77268 8.06047 6.52101C8.07019 6.26933 8.17453 6.03059 8.35262 5.8525C8.53072 5.6744 8.76946 5.57007 9.02113 5.56035C9.27281 5.55063 9.51888 5.63623 9.71018 5.80006L15.7102 11.8001C15.8949 11.9863 15.9991 12.2377 16.0002 12.5001Z\" fill=\"white\"><\/path><\/svg>\t\t\t\t\t\t<\/span>\n\t\t\t\t\t\t\t\t\t\t<span class=\"elementor-icon-list-text\">Herramientas QUBYX OS<\/span>\n\t\t\t\t\t\t\t\t\t<\/li>\n\t\t\t\t\t\t<\/ul>\n\t\t\t\t\t\t<\/div>\n\t\t\t\t<\/div>\n\t\t\t\t\t<\/div>\n\t\t<\/div>\n\t\t\t\t\t<\/div>\n\t\t<\/section>\n\t\t\t\t\t<\/div>\n\t\t<\/div>\n\t\t\t\t\t<\/div>\n\t\t<\/section>\n\t\t\t\t<section class=\"elementor-section elementor-top-section elementor-element elementor-element-e5c25d1 elementor-section-boxed elementor-section-height-default elementor-section-height-default\" data-id=\"e5c25d1\" data-element_type=\"section\" data-e-type=\"section\">\n\t\t\t\t\t\t<div class=\"elementor-container elementor-column-gap-no\">\n\t\t\t\t\t<div class=\"elementor-column elementor-col-100 elementor-top-column elementor-element elementor-element-4f11fe9\" data-id=\"4f11fe9\" data-element_type=\"column\" data-e-type=\"column\">\n\t\t\t<div class=\"elementor-widget-wrap elementor-element-populated\">\n\t\t\t\t\t\t<section class=\"elementor-section elementor-inner-section elementor-element elementor-element-adfc780 elementor-section-boxed elementor-section-height-default elementor-section-height-default\" data-id=\"adfc780\" data-element_type=\"section\" data-e-type=\"section\">\n\t\t\t\t\t\t<div class=\"elementor-container elementor-column-gap-default\">\n\t\t\t\t\t<div class=\"elementor-column elementor-col-100 elementor-inner-column elementor-element elementor-element-74a9d4e\" data-id=\"74a9d4e\" data-element_type=\"column\" data-e-type=\"column\">\n\t\t\t<div class=\"elementor-widget-wrap elementor-element-populated\">\n\t\t\t\t\t\t<div class=\"elementor-element elementor-element-9164e24 elementor-widget elementor-widget-heading\" data-id=\"9164e24\" data-element_type=\"widget\" data-e-type=\"widget\" data-widget_type=\"heading.default\">\n\t\t\t\t<div class=\"elementor-widget-container\">\n\t\t\t\t\t<h2 class=\"elementor-heading-title elementor-size-default\">Lograr la precisi\u00f3n del color de la pantalla de forma independiente | Herramientas de c\u00f3digo abierto de QUBYX  \n<\/h2>\t\t\t\t<\/div>\n\t\t\t\t<\/div>\n\t\t\t\t<div class=\"elementor-element elementor-element-de1ae87 forbidden elementor-widget elementor-widget-text-editor\" data-id=\"de1ae87\" data-element_type=\"widget\" data-e-type=\"widget\" data-widget_type=\"text-editor.default\">\n\t\t\t\t<div class=\"elementor-widget-container\">\n\t\t\t\t\t\t\t\t\t<h3><strong>Introducci\u00f3n<\/strong><\/h3><p>Durante d\u00e9cadas, la gesti\u00f3n profesional del color ha estado limitada por costoso hardware propietario<br>y ecosistemas de software cerrados. Estas limitaciones crean altas barreras de entrada y bloqueo<br>industrias hacia dependencias costosas y r\u00edgidas de proveedores. <\/p><p><strong>QUBYX OS Tools<\/strong> rompe ese ciclo. Nuestro marco de c\u00f3digo abierto te da control total sobre<br>Tu canal de color\u2014en pr\u00e1cticamente cualquier pantalla, con total transparencia y escalabilidad.<br>Con \u00e9l, puedes: <\/p><p>\u2022 Generar perfiles avanzados de Device Link ICC con LUTs 3D integrados.<br>\u2022 Combinar conversiones de color de origen a destino en un \u00fanico archivo optimizado.<br>\u2022 Lograr resultados fluidos, precisos y repetibles\u2014en tus propios t\u00e9rminos, a una fracci\u00f3n de<br>El coste.<\/p><h3><strong>Gana independencia, mant\u00e9n la calidad<\/strong><\/h3><p>QUBYX OS Tools democratiza la gesti\u00f3n de color de alta gama reemplazando hardware restrictivo<br>con sofisticada calibraci\u00f3n de software y generaci\u00f3n de perfiles.<\/p><p><strong>\u2022 Resultados de nivel empresarial:<\/strong> Los rivales cerraron ecosistemas bloqueados por hardware.<br><strong>\u2022 Escalado rentable:<\/strong> Ampl\u00eda los flujos de trabajo cr\u00edticos en color sin que los costes se disparen.<br><strong>\u2022 Despliegue universal:<\/strong> Operar en entornos donde hay dispositivos propietarios<br>poco pr\u00e1ctico.<br><strong>\u2022 A prueba de futuro:<\/strong> Proteger los flujos de trabajo frente a la descontinuaci\u00f3n de productos por parte de los proveedores<br>obsolescencia.<\/p><h3><strong>Por qu\u00e9 esta herramienta es \u00fanica<\/strong><\/h3><p><strong>\u2022 Romper el bloqueo del proveedor<\/strong><br>Reducir la dependencia de sistemas de calibraci\u00f3n propietarios. Construye un oleoducto flexible impulsado por<br>Inteligencia de software. <br><strong>\u2022 Perfiles unificados de enlace de dispositivo<\/strong><br>Genera archivos .icc optimizados que gestionen el color de origen a destino en un solo paso preciso,<br>minimizando la p\u00e9rdida de precisi\u00f3n.<br><strong>\u2022 Alimentaci\u00f3n LUT 3D embebida<\/strong><br>Hornea looks creativos complejos, emulaciones de pel\u00edcula o transformaciones t\u00e9cnicas directamente en el<br>perfil.<br><strong>\u2022 C\u00f3digo abierto y fiable<\/strong><br>Bajo la licencia GNU. Audita, inspecciona y adapta el c\u00f3digo para que cumpla exactamente con tu<br>requisitos. <\/p><h3><strong>Para qui\u00e9n es<\/strong><\/h3><p><strong>\u2022 PACS y fabricantes de software m\u00e9dico<\/strong><br>Garantizar la precisi\u00f3n conforme a DICOM en pantallas diversas sin limitarse a una sola<br>Vendedor.<br><strong>\u2022 Radiodifusi\u00f3n y televisi\u00f3n<\/strong><br>Mantener un color consistente para masterizar y revisar entre suites de editores y clientes<br>monitores.<br><strong>\u2022 Estudios de Fotograf\u00eda y V\u00eddeo<\/strong><br>Estandariza las transformaciones personalizadas tanto en pantallas profesionales como de consumo.<br><strong>\u2022 Defensa, Marina y Aeroespacial<\/strong><br>Crear perfiles certificados para salas de control, estaciones de sonar y simuladores que funcionen en<br>Hardware resistente.<br><strong>\u2022 Cient\u00edficos e Ingenieros de Color<\/strong><br>Integrar pipelines de transformaci\u00f3n precisa en aplicaciones propietarias o comerciales.<br><strong>\u2022 Operadores de prensa digital<\/strong><br>Consolida los flujos de trabajo de color de pantalla a impresi\u00f3n en varios pasos en un \u00fanico enlace robusto.<\/p><h3><strong>Empieza hoy mismo<\/strong><\/h3><p>Toma el control de tu flujo de trabajo de color y de tu presupuesto.<br><strong>\u2022 Obtener el c\u00f3digo y la documentaci\u00f3n<\/strong><br>Clona el repositorio y sum\u00e9rgete en la documentaci\u00f3n completa.<br>\u2022 Clon GIT https:\/\/github.com\/QUBYX-LLC\/your-repo-name.git<br><strong>\u2022 Explorar tutoriales<\/strong><br>Visita nuestro GitHub para gu\u00edas pr\u00e1cticas, referencias de API y perfiles de ejemplo.<br><strong>\u2022 Soporte empresarial<\/strong><br>\u00bfLlevar a cabo operaciones cr\u00edticas? QUBYX proporciona soporte comercial y certificaci\u00f3n<br>servicios y desarrollo personalizado para industrias como la sanidad, defensa y<br>Aeroespacial. <\/p><h3><strong>M\u00e1s recursos<\/strong><\/h3><p><strong>\u2022 Gu\u00eda completa de perfiles de la ICC \u2013<\/strong> Aprende los fundamentos del color moderno<br>Administraci\u00f3n.<br><strong>\u2022 Profundizaci\u00f3n en LUTs 3D \u2013<\/strong> Entiende c\u00f3mo las LUTs transforman tanto lo creativo como lo t\u00e9cnico<br>flujos de trabajo.<\/p><p>Pr\u00f3ximamente: generaci\u00f3n de perfiles acelerada por GPU, editores basados en interfaz gr\u00e1fica y soporte ampliado para<br>tecnolog\u00edas de pantalla de nueva generaci\u00f3n.<\/p>\t\t\t\t\t\t\t\t<\/div>\n\t\t\t\t<\/div>\n\t\t\t\t\t<\/div>\n\t\t<\/div>\n\t\t\t\t\t<\/div>\n\t\t<\/section>\n\t\t\t\t<section class=\"elementor-section elementor-inner-section elementor-element elementor-element-b1fd510 elementor-section-boxed elementor-section-height-default elementor-section-height-default\" data-id=\"b1fd510\" data-element_type=\"section\" data-e-type=\"section\">\n\t\t\t\t\t\t<div class=\"elementor-container elementor-column-gap-default\">\n\t\t\t\t\t<div class=\"elementor-column elementor-col-50 elementor-inner-column elementor-element elementor-element-87a601b\" data-id=\"87a601b\" data-element_type=\"column\" data-e-type=\"column\">\n\t\t\t<div class=\"elementor-widget-wrap elementor-element-populated\">\n\t\t\t\t\t\t<div class=\"elementor-element elementor-element-6c20d29 elementor-widget elementor-widget-image\" data-id=\"6c20d29\" data-element_type=\"widget\" data-e-type=\"widget\" data-widget_type=\"image.default\">\n\t\t\t\t<div class=\"elementor-widget-container\">\n\t\t\t\t\t\t\t\t\t\t\t\t\t\t\t<img fetchpriority=\"high\" decoding=\"async\" width=\"1024\" height=\"1024\" src=\"https:\/\/qubyx.com\/wp-content\/uploads\/2025\/10\/image-9-1-1024x1024.webp\" class=\"attachment-large size-large wp-image-13050\" alt=\"\" srcset=\"https:\/\/qubyx.com\/wp-content\/uploads\/2025\/10\/image-9-1-1024x1024.webp 1024w, https:\/\/qubyx.com\/wp-content\/uploads\/2025\/10\/image-9-1-300x300.webp 300w, https:\/\/qubyx.com\/wp-content\/uploads\/2025\/10\/image-9-1-150x150.webp 150w, https:\/\/qubyx.com\/wp-content\/uploads\/2025\/10\/image-9-1-768x768.webp 768w, https:\/\/qubyx.com\/wp-content\/uploads\/2025\/10\/image-9-1-600x600.webp 600w, https:\/\/qubyx.com\/wp-content\/uploads\/2025\/10\/image-9-1-100x100.webp 100w, https:\/\/qubyx.com\/wp-content\/uploads\/2025\/10\/image-9-1.webp 1536w\" sizes=\"(max-width: 1024px) 100vw, 1024px\" \/>\t\t\t\t\t\t\t\t\t\t\t\t\t\t\t<\/div>\n\t\t\t\t<\/div>\n\t\t\t\t\t<\/div>\n\t\t<\/div>\n\t\t\t\t<div class=\"elementor-column elementor-col-50 elementor-inner-column elementor-element elementor-element-cc725cd\" data-id=\"cc725cd\" data-element_type=\"column\" data-e-type=\"column\">\n\t\t\t<div class=\"elementor-widget-wrap elementor-element-populated\">\n\t\t\t\t\t\t<div class=\"elementor-element elementor-element-844f853 elementor-widget elementor-widget-image\" data-id=\"844f853\" data-element_type=\"widget\" data-e-type=\"widget\" data-widget_type=\"image.default\">\n\t\t\t\t<div class=\"elementor-widget-container\">\n\t\t\t\t\t\t\t\t\t\t\t\t\t\t\t<img decoding=\"async\" width=\"1024\" height=\"1024\" src=\"https:\/\/qubyx.com\/wp-content\/uploads\/2025\/10\/image-10-1-1024x1024.webp\" class=\"attachment-large size-large wp-image-13049\" alt=\"\" srcset=\"https:\/\/qubyx.com\/wp-content\/uploads\/2025\/10\/image-10-1-1024x1024.webp 1024w, https:\/\/qubyx.com\/wp-content\/uploads\/2025\/10\/image-10-1-300x300.webp 300w, https:\/\/qubyx.com\/wp-content\/uploads\/2025\/10\/image-10-1-150x150.webp 150w, https:\/\/qubyx.com\/wp-content\/uploads\/2025\/10\/image-10-1-768x768.webp 768w, https:\/\/qubyx.com\/wp-content\/uploads\/2025\/10\/image-10-1-600x600.webp 600w, https:\/\/qubyx.com\/wp-content\/uploads\/2025\/10\/image-10-1-100x100.webp 100w, https:\/\/qubyx.com\/wp-content\/uploads\/2025\/10\/image-10-1.webp 1536w\" sizes=\"(max-width: 1024px) 100vw, 1024px\" \/>\t\t\t\t\t\t\t\t\t\t\t\t\t\t\t<\/div>\n\t\t\t\t<\/div>\n\t\t\t\t\t<\/div>\n\t\t<\/div>\n\t\t\t\t\t<\/div>\n\t\t<\/section>\n\t\t\t\t\t<\/div>\n\t\t<\/div>\n\t\t\t\t\t<\/div>\n\t\t<\/section>\n\t\t\t\t<\/div>\n\t\t","protected":false},"excerpt":{"rendered":"<p>Herramientas QUBYX OS Inicio Herramientas QUBYX OS Lograr la precisi\u00f3n del color de la pantalla de forma independiente | Herramientas [&hellip;]<\/p>\n","protected":false},"author":1,"featured_media":0,"parent":0,"menu_order":0,"comment_status":"closed","ping_status":"closed","template":"","meta":{"_acf_changed":false,"om_disable_all_campaigns":false,"_monsterinsights_skip_tracking":false,"_monsterinsights_sitenote_active":false,"_monsterinsights_sitenote_note":"","_monsterinsights_sitenote_category":0,"_uf_show_specific_survey":0,"_uf_disable_surveys":false,"site-sidebar-layout":"no-sidebar","site-content-layout":"","ast-site-content-layout":"full-width-container","site-content-style":"default","site-sidebar-style":"default","ast-global-header-display":"","ast-banner-title-visibility":"","ast-main-header-display":"","ast-hfb-above-header-display":"","ast-hfb-below-header-display":"","ast-hfb-mobile-header-display":"","site-post-title":"","ast-breadcrumbs-content":"","ast-featured-img":"disabled","footer-sml-layout":"","ast-disable-related-posts":"","theme-transparent-header-meta":"default","adv-header-id-meta":"","stick-header-meta":"","header-above-stick-meta":"","header-main-stick-meta":"","header-below-stick-meta":"","astra-migrate-meta-layouts":"default","ast-page-background-enabled":"default","ast-page-background-meta":{"desktop":{"background-color":"var(--ast-global-color-4)","background-image":"","background-repeat":"repeat","background-position":"center center","background-size":"auto","background-attachment":"scroll","background-type":"","background-media":"","overlay-type":"","overlay-color":"","overlay-opacity":"","overlay-gradient":""},"tablet":{"background-color":"","background-image":"","background-repeat":"repeat","background-position":"center center","background-size":"auto","background-attachment":"scroll","background-type":"","background-media":"","overlay-type":"","overlay-color":"","overlay-opacity":"","overlay-gradient":""},"mobile":{"background-color":"","background-image":"","background-repeat":"repeat","background-position":"center center","background-size":"auto","background-attachment":"scroll","background-type":"","background-media":"","overlay-type":"","overlay-color":"","overlay-opacity":"","overlay-gradient":""}},"ast-content-background-meta":{"desktop":{"background-color":"var(--ast-global-color-5)","background-image":"","background-repeat":"repeat","background-position":"center center","background-size":"auto","background-attachment":"scroll","background-type":"","background-media":"","overlay-type":"","overlay-color":"","overlay-opacity":"","overlay-gradient":""},"tablet":{"background-color":"var(--ast-global-color-5)","background-image":"","background-repeat":"repeat","background-position":"center center","background-size":"auto","background-attachment":"scroll","background-type":"","background-media":"","overlay-type":"","overlay-color":"","overlay-opacity":"","overlay-gradient":""},"mobile":{"background-color":"var(--ast-global-color-5)","background-image":"","background-repeat":"repeat","background-position":"center center","background-size":"auto","background-attachment":"scroll","background-type":"","background-media":"","overlay-type":"","overlay-color":"","overlay-opacity":"","overlay-gradient":""}},"footnotes":""},"class_list":["post-13047","page","type-page","status-publish","hentry"],"acf":[],"_links":{"self":[{"href":"https:\/\/qubyx.com\/es\/wp-json\/wp\/v2\/pages\/13047","targetHints":{"allow":["GET"]}}],"collection":[{"href":"https:\/\/qubyx.com\/es\/wp-json\/wp\/v2\/pages"}],"about":[{"href":"https:\/\/qubyx.com\/es\/wp-json\/wp\/v2\/types\/page"}],"author":[{"embeddable":true,"href":"https:\/\/qubyx.com\/es\/wp-json\/wp\/v2\/users\/1"}],"replies":[{"embeddable":true,"href":"https:\/\/qubyx.com\/es\/wp-json\/wp\/v2\/comments?post=13047"}],"version-history":[{"count":1,"href":"https:\/\/qubyx.com\/es\/wp-json\/wp\/v2\/pages\/13047\/revisions"}],"predecessor-version":[{"id":13062,"href":"https:\/\/qubyx.com\/es\/wp-json\/wp\/v2\/pages\/13047\/revisions\/13062"}],"wp:attachment":[{"href":"https:\/\/qubyx.com\/es\/wp-json\/wp\/v2\/media?parent=13047"}],"curies":[{"name":"wp","href":"https:\/\/api.w.org\/{rel}","templated":true}]}}