{"id":13041,"date":"2025-06-16T06:30:56","date_gmt":"2025-06-16T06:30:56","guid":{"rendered":"https:\/\/qubyx.com\/mqsa-y-perfectlum\/"},"modified":"2025-12-15T18:55:44","modified_gmt":"2025-12-15T18:55:44","slug":"mqsa-y-perfectlum","status":"publish","type":"page","link":"https:\/\/qubyx.com\/es\/mqsa-y-perfectlum\/","title":{"rendered":"MQSA y PerfectLum"},"content":{"rendered":"\t\t<div data-elementor-type=\"wp-page\" data-elementor-id=\"13041\" class=\"elementor elementor-13041 elementor-10439\" data-elementor-post-type=\"page\">\n\t\t\t\t\t\t<section class=\"elementor-section elementor-top-section elementor-element elementor-element-52cd3b0b elementor-section-height-min-height elementor-section-boxed elementor-section-height-default elementor-section-items-middle\" data-id=\"52cd3b0b\" data-element_type=\"section\" data-e-type=\"section\" data-settings=\"{&quot;background_background&quot;:&quot;classic&quot;}\">\n\t\t\t\t\t\t<div class=\"elementor-container elementor-column-gap-no\">\n\t\t\t\t\t<div class=\"elementor-column elementor-col-100 elementor-top-column elementor-element elementor-element-50455ae9\" data-id=\"50455ae9\" data-element_type=\"column\" data-e-type=\"column\">\n\t\t\t<div class=\"elementor-widget-wrap elementor-element-populated\">\n\t\t\t\t\t\t<section class=\"elementor-section elementor-inner-section elementor-element elementor-element-704d2550 elementor-section-boxed elementor-section-height-default elementor-section-height-default\" data-id=\"704d2550\" data-element_type=\"section\" data-e-type=\"section\">\n\t\t\t\t\t\t<div class=\"elementor-container elementor-column-gap-default\">\n\t\t\t\t\t<div class=\"elementor-column elementor-col-100 elementor-inner-column elementor-element elementor-element-6c1df36e\" data-id=\"6c1df36e\" data-element_type=\"column\" data-e-type=\"column\">\n\t\t\t<div class=\"elementor-widget-wrap elementor-element-populated\">\n\t\t\t\t\t\t<div class=\"elementor-element elementor-element-3533121b elementor-icon-list--layout-inline elementor-list-item-link-full_width elementor-widget elementor-widget-icon-list\" data-id=\"3533121b\" data-element_type=\"widget\" data-e-type=\"widget\" data-widget_type=\"icon-list.default\">\n\t\t\t\t<div class=\"elementor-widget-container\">\n\t\t\t\t\t\t\t<ul class=\"elementor-icon-list-items elementor-inline-items\">\n\t\t\t\t\t\t\t<li class=\"elementor-icon-list-item elementor-inline-item\">\n\t\t\t\t\t\t\t\t\t\t\t<a href=\"https:\/\/qubyx.com\/es\/\">\n\n\t\t\t\t\t\t\t\t\t\t\t<span class=\"elementor-icon-list-text\">Inicio<\/span>\n\t\t\t\t\t\t\t\t\t\t\t<\/a>\n\t\t\t\t\t\t\t\t\t<\/li>\n\t\t\t\t\t\t\t\t<li class=\"elementor-icon-list-item elementor-inline-item\">\n\t\t\t\t\t\t\t\t\t\t\t<span class=\"elementor-icon-list-icon\">\n\t\t\t\t\t\t\t<svg xmlns=\"http:\/\/www.w3.org\/2000\/svg\" width=\"24\" height=\"25\" viewBox=\"0 0 24 25\" fill=\"none\"><path d=\"M16.0002 12.5001C16.0009 12.6317 15.9757 12.7621 15.926 12.884C15.8762 13.0058 15.8029 13.1166 15.7102 13.2101L9.71019 19.2101C9.52188 19.3984 9.26649 19.5042 9.00019 19.5042C8.73388 19.5042 8.47849 19.3984 8.29019 19.2101C8.10188 19.0218 7.99609 18.7664 7.99609 18.5001C7.99609 18.2338 8.10188 17.9784 8.29019 17.7901L13.5902 12.5001L8.30019 7.21006C8.13636 7.01876 8.05075 6.77268 8.06047 6.52101C8.07019 6.26933 8.17453 6.03059 8.35262 5.8525C8.53072 5.6744 8.76946 5.57007 9.02113 5.56035C9.27281 5.55063 9.51888 5.63623 9.71018 5.80006L15.7102 11.8001C15.8949 11.9863 15.9991 12.2377 16.0002 12.5001Z\" fill=\"white\"><\/path><\/svg>\t\t\t\t\t\t<\/span>\n\t\t\t\t\t\t\t\t\t\t<span class=\"elementor-icon-list-text\"><\/span>\n\t\t\t\t\t\t\t\t\t<\/li>\n\t\t\t\t\t\t<\/ul>\n\t\t\t\t\t\t<\/div>\n\t\t\t\t<\/div>\n\t\t\t\t\t<\/div>\n\t\t<\/div>\n\t\t\t\t\t<\/div>\n\t\t<\/section>\n\t\t\t\t\t<\/div>\n\t\t<\/div>\n\t\t\t\t\t<\/div>\n\t\t<\/section>\n\t\t\t\t<section class=\"elementor-section elementor-top-section elementor-element elementor-element-ef77ff3 elementor-section-boxed elementor-section-height-default elementor-section-height-default\" data-id=\"ef77ff3\" data-element_type=\"section\" data-e-type=\"section\">\n\t\t\t\t\t\t<div class=\"elementor-container elementor-column-gap-default\">\n\t\t\t\t\t<div class=\"elementor-column elementor-col-100 elementor-top-column elementor-element elementor-element-8819a89\" data-id=\"8819a89\" data-element_type=\"column\" data-e-type=\"column\">\n\t\t\t<div class=\"elementor-widget-wrap elementor-element-populated\">\n\t\t\t\t\t\t<div class=\"elementor-element elementor-element-df2a8c9 elementor-widget elementor-widget-text-editor\" data-id=\"df2a8c9\" data-element_type=\"widget\" data-e-type=\"widget\" data-widget_type=\"text-editor.default\">\n\t\t\t\t<div class=\"elementor-widget-container\">\n\t\t\t\t\t\t\t\t\t<p><span style=\"font-weight: 400;\">Aseg\u00farate de que tus exhibiciones de mamograf\u00eda cumplan con los est\u00e1ndares federales con nuestra gu\u00eda sobre MQSA y PerfectLum. Aqu\u00ed desglosamos qu\u00e9 significa MQSA, por qu\u00e9 es importante para tus pantallas y c\u00f3mo usar PerfectLum para cumplir con estos est\u00e1ndares. <\/span><\/p>\t\t\t\t\t\t\t\t<\/div>\n\t\t\t\t<\/div>\n\t\t\t\t<div class=\"elementor-element elementor-element-ffc1c7d elementor-widget elementor-widget-heading\" data-id=\"ffc1c7d\" data-element_type=\"widget\" data-e-type=\"widget\" data-widget_type=\"heading.default\">\n\t\t\t\t<div class=\"elementor-widget-container\">\n\t\t\t\t\t<h6 class=\"elementor-heading-title elementor-size-default\">\u00bfQu\u00e9 es MQSA?<\/h6>\t\t\t\t<\/div>\n\t\t\t\t<\/div>\n\t\t\t\t<div class=\"elementor-element elementor-element-3a7128c elementor-widget elementor-widget-text-editor\" data-id=\"3a7128c\" data-element_type=\"widget\" data-e-type=\"widget\" data-widget_type=\"text-editor.default\">\n\t\t\t\t<div class=\"elementor-widget-container\">\n\t\t\t\t\t\t\t\t\t<p><span style=\"font-weight: 400;\">La <\/span><b>Ley de Normas de Calidad para la Mamograf\u00eda (MQSA)<\/b><span style=\"font-weight: 400;\"> es una ley federal promulgada en 1992. Su prop\u00f3sito es garantizar que cada mujer en Estados Unidos tenga acceso a servicios de mamograf\u00eda de alta calidad para la detecci\u00f3n precoz del c\u00e1ncer de mama. Para lograrlo, MQSA:<\/span><\/p><ul><li style=\"font-weight: 400;\" aria-level=\"1\"><b>Establece est\u00e1ndares:<\/b><span style=\"font-weight: 400;\"> Establece criterios nacionales para la acreditaci\u00f3n, certificaci\u00f3n e inspecci\u00f3n de instalaciones de mamograf\u00eda.<\/span><\/li><li style=\"font-weight: 400;\" aria-level=\"1\"><b>Garantiza la calidad:<\/b><span style=\"font-weight: 400;\"> Exige que las instalaciones utilicen equipos cumpliendo con estrictos est\u00e1ndares de calidad.<\/span><\/li><li style=\"font-weight: 400;\" aria-level=\"1\"><b>Regula el personal:<\/b><span style=\"font-weight: 400;\"> Exige que los tecn\u00f3logos e int\u00e9rpretes cuenten con la formaci\u00f3n y cualificaciones adecuadas.<\/span><\/li><li style=\"font-weight: 400;\" aria-level=\"1\"><b>Exige inspecciones:<\/b><span style=\"font-weight: 400;\"> Exige inspecciones regulares para garantizar el cumplimiento.<\/span><\/li><\/ul><p><span style=\"font-weight: 400;\">Los requisitos clave para las instalaciones incluyen:<\/span><\/p><ul><li style=\"font-weight: 400;\" aria-level=\"1\"><b>Acreditaci\u00f3n:<\/b><span style=\"font-weight: 400;\"> Las instalaciones deben estar acreditadas por un organismo aprobado por la FDA.<\/span><\/li><li style=\"font-weight: 400;\" aria-level=\"1\"><b>Certificaci\u00f3n:<\/b><span style=\"font-weight: 400;\"> Las instalaciones necesitan certificaci\u00f3n de la FDA o de una agencia estatal que act\u00fae en su nombre.<\/span><\/li><li style=\"font-weight: 400;\" aria-level=\"1\"><b>Inspecciones regulares:<\/b><span style=\"font-weight: 400;\"> Las inspecciones anuales confirman el cumplimiento continuo de los est\u00e1ndares MQSA.<\/span><\/li><li style=\"font-weight: 400;\" aria-level=\"1\"><b>Personal cualificado y equipamiento actualizado:<\/b><span style=\"font-weight: 400;\"> Todo el personal y el equipo deben cumplir con los est\u00e1ndares de calidad definidos.<\/span><\/li><\/ul><p><span style=\"font-weight: 400;\">Para la acreditaci\u00f3n, las instalaciones suelen colaborar con organizaciones de confianza como el <\/span><b>American College of Radiology (ACR).<\/b><span style=\"font-weight: 400;\"><\/span><\/p><p><i><span style=\"font-weight: 400;\">Informaci\u00f3n de contacto del ACR:<\/span><\/i> <b>The American College of Radiology<\/b><span style=\"font-weight: 400;\"> 1891 Preston White Dr. Reston, VA 20191 1-800-227-6440<\/span><\/p>\t\t\t\t\t\t\t\t<\/div>\n\t\t\t\t<\/div>\n\t\t\t\t<div class=\"elementor-element elementor-element-34e97e2 elementor-widget elementor-widget-image\" data-id=\"34e97e2\" data-element_type=\"widget\" data-e-type=\"widget\" data-widget_type=\"image.default\">\n\t\t\t\t<div class=\"elementor-widget-container\">\n\t\t\t\t\t\t\t\t\t\t\t\t\t\t\t<img fetchpriority=\"high\" decoding=\"async\" width=\"1066\" height=\"846\" src=\"https:\/\/qubyx.com\/wp-content\/uploads\/2025\/06\/Bildschirmfoto-2025-06-15-um-13.59.22.png\" class=\"attachment-full size-full wp-image-13042\" alt=\"\" srcset=\"https:\/\/qubyx.com\/wp-content\/uploads\/2025\/06\/Bildschirmfoto-2025-06-15-um-13.59.22.png 1066w, https:\/\/qubyx.com\/wp-content\/uploads\/2025\/06\/Bildschirmfoto-2025-06-15-um-13.59.22-300x238.png 300w, https:\/\/qubyx.com\/wp-content\/uploads\/2025\/06\/Bildschirmfoto-2025-06-15-um-13.59.22-1024x813.png 1024w, https:\/\/qubyx.com\/wp-content\/uploads\/2025\/06\/Bildschirmfoto-2025-06-15-um-13.59.22-768x610.png 768w, https:\/\/qubyx.com\/wp-content\/uploads\/2025\/06\/Bildschirmfoto-2025-06-15-um-13.59.22-600x476.png 600w\" sizes=\"(max-width: 1066px) 100vw, 1066px\" \/>\t\t\t\t\t\t\t\t\t\t\t\t\t\t\t<\/div>\n\t\t\t\t<\/div>\n\t\t\t\t<div class=\"elementor-element elementor-element-90616a0 elementor-widget elementor-widget-heading\" data-id=\"90616a0\" data-element_type=\"widget\" data-e-type=\"widget\" data-widget_type=\"heading.default\">\n\t\t\t\t<div class=\"elementor-widget-container\">\n\t\t\t\t\t<h6 class=\"elementor-heading-title elementor-size-default\">\u00bfQu\u00e9 significa MQSA para vuestras pantallas?<\/h6>\t\t\t\t<\/div>\n\t\t\t\t<\/div>\n\t\t\t\t<div class=\"elementor-element elementor-element-50b8e59 elementor-widget elementor-widget-text-editor\" data-id=\"50b8e59\" data-element_type=\"widget\" data-e-type=\"widget\" data-widget_type=\"text-editor.default\">\n\t\t\t\t<div class=\"elementor-widget-container\">\n\t\t\t\t\t\t\t\t\t<p><span style=\"font-weight: 400;\">Seg\u00fan las directrices de MQSA, las muestras de mamograf\u00eda son componentes vitales para la evaluaci\u00f3n precisa de las mamograf\u00edas. Estos est\u00e1ndares significan que: <\/span><\/p><ul><li style=\"font-weight: 400;\" aria-level=\"1\"><b>Aseguramiento de calidad (QA):<\/b><span style=\"font-weight: 400;\"> Las pantallas requieren pruebas regulares de control de calidad para mantener una calidad de imagen consistente y fiable.<\/span><\/li><li style=\"font-weight: 400;\" aria-level=\"1\"><b>Alineaci\u00f3n del fabricante:<\/b><span style=\"font-weight: 400;\"> Los protocolos de prueba deben seguir los est\u00e1ndares recomendados por la unidad de mamograf\u00eda o las directrices alternativas aprobadas.<\/span><\/li><\/ul><p><b>Documentaci\u00f3n completa:<\/b><span style=\"font-weight: 400;\"> Se necesitan registros detallados de los datos de las pruebas y cualquier medida correctiva para las inspecciones anuales de la MQSA.<\/span><\/p>\t\t\t\t\t\t\t\t<\/div>\n\t\t\t\t<\/div>\n\t\t\t\t<div class=\"elementor-element elementor-element-e1d2c34 elementor-widget elementor-widget-heading\" data-id=\"e1d2c34\" data-element_type=\"widget\" data-e-type=\"widget\" data-widget_type=\"heading.default\">\n\t\t\t\t<div class=\"elementor-widget-container\">\n\t\t\t\t\t<h6 class=\"elementor-heading-title elementor-size-default\">MQSA usando PerfectLum<\/h6>\t\t\t\t<\/div>\n\t\t\t\t<\/div>\n\t\t\t\t<div class=\"elementor-element elementor-element-828fbd9 elementor-widget elementor-widget-text-editor\" data-id=\"828fbd9\" data-element_type=\"widget\" data-e-type=\"widget\" data-widget_type=\"text-editor.default\">\n\t\t\t\t<div class=\"elementor-widget-container\">\n\t\t\t\t\t\t\t\t\t<p><span style=\"font-weight: 400;\">PerfectLum est\u00e1 dise\u00f1ado para simplificar tu proceso de control de calidad de pantallas y agilizar el cumplimiento normativo. As\u00ed es como: <\/span><\/p><h3><b>1. Realizar la prueba de control de calidad<\/b><\/h3><p><span style=\"font-weight: 400;\">Utiliza la prueba integrada de Aseguramiento de la Calidad ACR disponible en PerfectLum:<\/span><\/p><ol><li style=\"font-weight: 400;\" aria-level=\"1\"><b>Configuraci\u00f3n:<\/b><ul><li style=\"font-weight: 400;\" aria-level=\"2\"><span style=\"font-weight: 400;\">Conecta un color\u00edmetro (como el PerfectLum S1) a tu pantalla.<\/span><\/li><\/ul><\/li><li style=\"font-weight: 400;\" aria-level=\"1\"><b>Lanzamiento de PerfectLum:<\/b><ul><li style=\"font-weight: 400;\" aria-level=\"2\"><span style=\"font-weight: 400;\">Abre la solicitud de PerfectLum.<\/span><\/li><\/ul><\/li><li style=\"font-weight: 400;\" aria-level=\"1\"><b>Secci\u00f3n de acceso a QA:<\/b><ul><li style=\"font-weight: 400;\" aria-level=\"2\"><span style=\"font-weight: 400;\">Accede a la <\/span> secci\u00f3n <b>de Aseguramiento de Calidad de la TPA<\/b><span style=\"font-weight: 400;\">.<\/span><\/li><\/ul><\/li><li style=\"font-weight: 400;\" aria-level=\"1\"><b>Seleccionar par\u00e1metros de prueba:<\/b><ul><li style=\"font-weight: 400;\" aria-level=\"2\"><span style=\"font-weight: 400;\">Elige <\/span><b><span style=\"font-weight: 400;\"> ACR como m\u00e9todo de prueba y <\/span><b>mamograf\u00eda<\/b><span style=\"font-weight: 400;\"> como categor\u00eda.<\/span><\/b><\/li><\/ul><\/li><li style=\"font-weight: 400;\" aria-level=\"1\"><b>Ejecutar la prueba:<\/b><ul><li style=\"font-weight: 400;\" aria-level=\"2\"><span style=\"font-weight: 400;\">Haz clic en \u00abRealizar prueba de aceptaci\u00f3n\u00bb y sigue el asistente guiado.<\/span><\/li><\/ul><\/li><\/ol><h3><b>2. Sincronizaci\u00f3n e informes de datos<\/b><\/h3><p><span style=\"font-weight: 400;\">PerfectLum est\u00e1 completamente integrado con el Servidor de QA de PerfectLum. Cuando est\u00e1n conectados, todos los datos de las pruebas de QA se sincronizan autom\u00e1ticamente con el servidor, asegurando un repositorio centralizado y seguro para todos tus resultados de prueba. Esta integraci\u00f3n fluida facilita que:  <\/span><\/p><ul><li style=\"font-weight: 400;\" aria-level=\"1\"><b>Accede a datos consolidados:<\/b><span style=\"font-weight: 400;\"> Guarda todos tus datos de prueba en un solo lugar.<\/span><\/li><li style=\"font-weight: 400;\" aria-level=\"1\"><b>Informes de exportaci\u00f3n:<\/b><span style=\"font-weight: 400;\"> Exporta sin esfuerzo informes completos desde el Servidor de QA, simplificando el proceso de preparaci\u00f3n de la documentaci\u00f3n para tu inspecci\u00f3n anual MQSA.<\/span><\/li><\/ul><h3><b>3. Preparaci\u00f3n para la Inspecci\u00f3n Anual MQSA<\/b><\/h3><p><span style=\"font-weight: 400;\">Adem\u00e1s de realizar pruebas de control de calidad regulares y sincronizar datos, aseg\u00farese de compilar la siguiente informaci\u00f3n:<\/span><\/p><ul><li style=\"font-weight: 400;\" aria-level=\"1\"><b>Datos de pruebas de control de calidad:<\/b><ul><li style=\"font-weight: 400;\" aria-level=\"2\"><span style=\"font-weight: 400;\">Completa los datos de prueba seg\u00fan lo especificado en el manual de control de calidad del fabricante de tu unidad de mamograf\u00eda o en el Manual de CONTROL DE CALIDAD DE LA DM ACR al usar el est\u00e1ndar alternativo.<\/span><\/li><\/ul><\/li><li style=\"font-weight: 400;\" aria-level=\"1\"><b>Registros de equipamiento fuera del sitio:<\/b><ul><li style=\"font-weight: 400;\" aria-level=\"2\"><span style=\"font-weight: 400;\">Datos de prueba de control de calidad para cualquier dispositivo o equipo de visualizaci\u00f3n ubicado fuera del sitio.<\/span><\/li><\/ul><\/li><li style=\"font-weight: 400;\" aria-level=\"1\"><b>Documentaci\u00f3n de las acciones correctivas:<\/b><ul><li style=\"font-weight: 400;\" aria-level=\"2\"><span style=\"font-weight: 400;\">Registros detallados de cualquier medida correctiva implementada tras las pruebas de control de calidad.<\/span><\/li><\/ul><\/li><\/ul><h3><b>4. \u00bfPor qu\u00e9 elegir la prueba ACR?<\/b><\/h3><p><span style=\"font-weight: 400;\">Utilizar el Manual de Control de Calidad de Mamograf\u00eda Digital ACR para Sistemas de Mamograf\u00eda Digital de Campo Completo (y su suplemento para Sistemas de Mamograf\u00eda de Tomos\u00edntesis Mamaria Digital) ofrece una alternativa probada. Aprobado por la FDA como Norma Alternativa #2423, este m\u00e9todo proporciona: <\/span><\/p><ul><li style=\"font-weight: 400;\" aria-level=\"1\"><b>Normas flexibles:<\/b><span style=\"font-weight: 400;\"> Las instalaciones pueden elegir entre las recomendaciones del fabricante o el est\u00e1ndar alternativo ACR.<\/span><\/li><li style=\"font-weight: 400;\" aria-level=\"1\"><b>Validez permanente:<\/b><span style=\"font-weight: 400;\"> La norma alternativa ACR no tiene l\u00edmite de tiempo, ofreciendo un enfoque coherente para el control de calidad.<\/span><\/li><\/ul><p><span style=\"font-weight: 400;\">Utilizando las pruebas ACR integradas y la sincronizaci\u00f3n de servidores QA de PerfectLum, puedes asegurarte de que tus pantallas cumplan continuamente con los requisitos de ACR y agilizar tu documentaci\u00f3n de cumplimiento.<\/span><\/p>\t\t\t\t\t\t\t\t<\/div>\n\t\t\t\t<\/div>\n\t\t\t\t\t<\/div>\n\t\t<\/div>\n\t\t\t\t\t<\/div>\n\t\t<\/section>\n\t\t\t\t<\/div>\n\t\t","protected":false},"excerpt":{"rendered":"<p>Inicio Aseg\u00farate de que tus exhibiciones de mamograf\u00eda cumplan con los est\u00e1ndares federales con nuestra gu\u00eda sobre MQSA y PerfectLum. [&hellip;]<\/p>\n","protected":false},"author":1,"featured_media":0,"parent":0,"menu_order":0,"comment_status":"closed","ping_status":"closed","template":"","meta":{"_acf_changed":false,"om_disable_all_campaigns":false,"_monsterinsights_skip_tracking":false,"_monsterinsights_sitenote_active":false,"_monsterinsights_sitenote_note":"","_monsterinsights_sitenote_category":0,"_uf_show_specific_survey":0,"_uf_disable_surveys":false,"site-sidebar-layout":"no-sidebar","site-content-layout":"","ast-site-content-layout":"full-width-container","site-content-style":"default","site-sidebar-style":"default","ast-global-header-display":"","ast-banner-title-visibility":"","ast-main-header-display":"","ast-hfb-above-header-display":"","ast-hfb-below-header-display":"","ast-hfb-mobile-header-display":"","site-post-title":"disabled","ast-breadcrumbs-content":"","ast-featured-img":"disabled","footer-sml-layout":"","ast-disable-related-posts":"","theme-transparent-header-meta":"","adv-header-id-meta":"","stick-header-meta":"","header-above-stick-meta":"","header-main-stick-meta":"","header-below-stick-meta":"","astra-migrate-meta-layouts":"default","ast-page-background-enabled":"default","ast-page-background-meta":{"desktop":{"background-color":"var(--ast-global-color-4)","background-image":"","background-repeat":"repeat","background-position":"center center","background-size":"auto","background-attachment":"scroll","background-type":"","background-media":"","overlay-type":"","overlay-color":"","overlay-opacity":"","overlay-gradient":""},"tablet":{"background-color":"","background-image":"","background-repeat":"repeat","background-position":"center center","background-size":"auto","background-attachment":"scroll","background-type":"","background-media":"","overlay-type":"","overlay-color":"","overlay-opacity":"","overlay-gradient":""},"mobile":{"background-color":"","background-image":"","background-repeat":"repeat","background-position":"center center","background-size":"auto","background-attachment":"scroll","background-type":"","background-media":"","overlay-type":"","overlay-color":"","overlay-opacity":"","overlay-gradient":""}},"ast-content-background-meta":{"desktop":{"background-color":"var(--ast-global-color-5)","background-image":"","background-repeat":"repeat","background-position":"center center","background-size":"auto","background-attachment":"scroll","background-type":"","background-media":"","overlay-type":"","overlay-color":"","overlay-opacity":"","overlay-gradient":""},"tablet":{"background-color":"var(--ast-global-color-5)","background-image":"","background-repeat":"repeat","background-position":"center center","background-size":"auto","background-attachment":"scroll","background-type":"","background-media":"","overlay-type":"","overlay-color":"","overlay-opacity":"","overlay-gradient":""},"mobile":{"background-color":"var(--ast-global-color-5)","background-image":"","background-repeat":"repeat","background-position":"center center","background-size":"auto","background-attachment":"scroll","background-type":"","background-media":"","overlay-type":"","overlay-color":"","overlay-opacity":"","overlay-gradient":""}},"footnotes":""},"class_list":["post-13041","page","type-page","status-publish","hentry"],"acf":[],"_links":{"self":[{"href":"https:\/\/qubyx.com\/es\/wp-json\/wp\/v2\/pages\/13041","targetHints":{"allow":["GET"]}}],"collection":[{"href":"https:\/\/qubyx.com\/es\/wp-json\/wp\/v2\/pages"}],"about":[{"href":"https:\/\/qubyx.com\/es\/wp-json\/wp\/v2\/types\/page"}],"author":[{"embeddable":true,"href":"https:\/\/qubyx.com\/es\/wp-json\/wp\/v2\/users\/1"}],"replies":[{"embeddable":true,"href":"https:\/\/qubyx.com\/es\/wp-json\/wp\/v2\/comments?post=13041"}],"version-history":[{"count":1,"href":"https:\/\/qubyx.com\/es\/wp-json\/wp\/v2\/pages\/13041\/revisions"}],"predecessor-version":[{"id":13043,"href":"https:\/\/qubyx.com\/es\/wp-json\/wp\/v2\/pages\/13041\/revisions\/13043"}],"wp:attachment":[{"href":"https:\/\/qubyx.com\/es\/wp-json\/wp\/v2\/media?parent=13041"}],"curies":[{"name":"wp","href":"https:\/\/api.w.org\/{rel}","templated":true}]}}