{"id":12551,"date":"2024-12-09T06:29:24","date_gmt":"2024-12-09T06:29:24","guid":{"rendered":"https:\/\/qubyx.com\/declaracion-de-privacidad\/"},"modified":"2025-12-15T18:52:11","modified_gmt":"2025-12-15T18:52:11","slug":"declaracion-de-privacidad","status":"publish","type":"page","link":"https:\/\/qubyx.com\/es\/declaracion-de-privacidad\/","title":{"rendered":"Declaraci\u00f3n de Privacidad"},"content":{"rendered":"\t\t<div data-elementor-type=\"wp-page\" data-elementor-id=\"12551\" class=\"elementor elementor-12551 elementor-8033\" data-elementor-post-type=\"page\">\n\t\t\t\t\t\t<section class=\"elementor-section elementor-top-section elementor-element elementor-element-5cc96f55 elementor-section-height-min-height elementor-section-boxed elementor-section-height-default elementor-section-items-middle\" data-id=\"5cc96f55\" data-element_type=\"section\" data-e-type=\"section\" data-settings=\"{&quot;background_background&quot;:&quot;classic&quot;}\">\n\t\t\t\t\t\t<div class=\"elementor-container elementor-column-gap-no\">\n\t\t\t\t\t<div class=\"elementor-column elementor-col-100 elementor-top-column elementor-element elementor-element-4bb35cbe\" data-id=\"4bb35cbe\" data-element_type=\"column\" data-e-type=\"column\">\n\t\t\t<div class=\"elementor-widget-wrap elementor-element-populated\">\n\t\t\t\t\t\t<section class=\"elementor-section elementor-inner-section elementor-element elementor-element-2174f0b8 elementor-section-boxed elementor-section-height-default elementor-section-height-default\" data-id=\"2174f0b8\" data-element_type=\"section\" data-e-type=\"section\">\n\t\t\t\t\t\t<div class=\"elementor-container elementor-column-gap-default\">\n\t\t\t\t\t<div class=\"elementor-column elementor-col-100 elementor-inner-column elementor-element elementor-element-4b5faa66\" data-id=\"4b5faa66\" data-element_type=\"column\" data-e-type=\"column\">\n\t\t\t<div class=\"elementor-widget-wrap elementor-element-populated\">\n\t\t\t\t\t\t<div class=\"elementor-element elementor-element-715882af elementor-widget elementor-widget-heading\" data-id=\"715882af\" data-element_type=\"widget\" data-e-type=\"widget\" data-widget_type=\"heading.default\">\n\t\t\t\t<div class=\"elementor-widget-container\">\n\t\t\t\t\t<h2 class=\"elementor-heading-title elementor-size-default\">Declaraci\u00f3n de Privacidad<\/h2>\t\t\t\t<\/div>\n\t\t\t\t<\/div>\n\t\t\t\t<div class=\"elementor-element elementor-element-698fda0 elementor-icon-list--layout-inline elementor-list-item-link-full_width elementor-widget elementor-widget-icon-list\" data-id=\"698fda0\" data-element_type=\"widget\" data-e-type=\"widget\" data-widget_type=\"icon-list.default\">\n\t\t\t\t<div class=\"elementor-widget-container\">\n\t\t\t\t\t\t\t<ul class=\"elementor-icon-list-items elementor-inline-items\">\n\t\t\t\t\t\t\t<li class=\"elementor-icon-list-item elementor-inline-item\">\n\t\t\t\t\t\t\t\t\t\t\t<a href=\"https:\/\/qubyx.com\/es\/\">\n\n\t\t\t\t\t\t\t\t\t\t\t<span class=\"elementor-icon-list-text\">Inicio<\/span>\n\t\t\t\t\t\t\t\t\t\t\t<\/a>\n\t\t\t\t\t\t\t\t\t<\/li>\n\t\t\t\t\t\t\t\t<li class=\"elementor-icon-list-item elementor-inline-item\">\n\t\t\t\t\t\t\t\t\t\t\t<span class=\"elementor-icon-list-icon\">\n\t\t\t\t\t\t\t<svg xmlns=\"http:\/\/www.w3.org\/2000\/svg\" width=\"24\" height=\"25\" viewBox=\"0 0 24 25\" fill=\"none\"><path d=\"M16.0002 12.5001C16.0009 12.6317 15.9757 12.7621 15.926 12.884C15.8762 13.0058 15.8029 13.1166 15.7102 13.2101L9.71019 19.2101C9.52188 19.3984 9.26649 19.5042 9.00019 19.5042C8.73388 19.5042 8.47849 19.3984 8.29019 19.2101C8.10188 19.0218 7.99609 18.7664 7.99609 18.5001C7.99609 18.2338 8.10188 17.9784 8.29019 17.7901L13.5902 12.5001L8.30019 7.21006C8.13636 7.01876 8.05075 6.77268 8.06047 6.52101C8.07019 6.26933 8.17453 6.03059 8.35262 5.8525C8.53072 5.6744 8.76946 5.57007 9.02113 5.56035C9.27281 5.55063 9.51888 5.63623 9.71018 5.80006L15.7102 11.8001C15.8949 11.9863 15.9991 12.2377 16.0002 12.5001Z\" fill=\"white\"><\/path><\/svg>\t\t\t\t\t\t<\/span>\n\t\t\t\t\t\t\t\t\t\t<span class=\"elementor-icon-list-text\"><\/span>\n\t\t\t\t\t\t\t\t\t<\/li>\n\t\t\t\t\t\t<\/ul>\n\t\t\t\t\t\t<\/div>\n\t\t\t\t<\/div>\n\t\t\t\t\t<\/div>\n\t\t<\/div>\n\t\t\t\t\t<\/div>\n\t\t<\/section>\n\t\t\t\t\t<\/div>\n\t\t<\/div>\n\t\t\t\t\t<\/div>\n\t\t<\/section>\n\t\t\t\t<section class=\"elementor-section elementor-top-section elementor-element elementor-element-394c9dd3 elementor-section-boxed elementor-section-height-default elementor-section-height-default\" data-id=\"394c9dd3\" data-element_type=\"section\" data-e-type=\"section\">\n\t\t\t\t\t\t<div class=\"elementor-container elementor-column-gap-no\">\n\t\t\t\t\t<div class=\"elementor-column elementor-col-100 elementor-top-column elementor-element elementor-element-46db329e\" data-id=\"46db329e\" data-element_type=\"column\" data-e-type=\"column\">\n\t\t\t<div class=\"elementor-widget-wrap elementor-element-populated\">\n\t\t\t\t\t\t<section class=\"elementor-section elementor-inner-section elementor-element elementor-element-6cea6484 elementor-section-boxed elementor-section-height-default elementor-section-height-default\" data-id=\"6cea6484\" data-element_type=\"section\" data-e-type=\"section\">\n\t\t\t\t\t\t<div class=\"elementor-container elementor-column-gap-default\">\n\t\t\t\t\t<div class=\"elementor-column elementor-col-100 elementor-inner-column elementor-element elementor-element-db87278\" data-id=\"db87278\" data-element_type=\"column\" data-e-type=\"column\">\n\t\t\t<div class=\"elementor-widget-wrap elementor-element-populated\">\n\t\t\t\t\t\t<div class=\"elementor-element elementor-element-5f8c706c forbidden elementor-widget elementor-widget-text-editor\" data-id=\"5f8c706c\" data-element_type=\"widget\" data-e-type=\"widget\" data-widget_type=\"text-editor.default\">\n\t\t\t\t<div class=\"elementor-widget-container\">\n\t\t\t\t\t\t\t\t\t<p>En QUBYX, respetamos y valoramos tu privacidad. Esta pol\u00edtica detalla las medidas que tomamos para proteger la informaci\u00f3n que compartes con nosotros durante tus visitas a nuestra p\u00e1gina web. Recogida y seguridad de la informaci\u00f3n personal  <\/p><p>QUBYX se compromete a mantener tu informaci\u00f3n personal, como nombre, direcci\u00f3n y ocupaci\u00f3n, segura y confidencial. Tomamos medidas razonables para proteger los datos personales que recopilamos de clientes individuales y protegerlos de accesos o divulgaciones no autorizadas. Uso y compartici\u00f3n de informaci\u00f3n personal  <\/p><p>QUBYX no vende ni comparte informaci\u00f3n personal de clientes individuales con organizaciones externas con fines de marketing o solicitud. Sin embargo, podemos compartir esta informaci\u00f3n con agentes de confianza, contratistas o afiliados \u00fanicamente para ofrecer productos y servicios de QUBYX. Preferencias de comunicaci\u00f3n  <\/p><p>De vez en cuando, podemos enviarte actualizaciones sobre productos o servicios que creemos que podr\u00edan interesarte. Si prefiere no recibir estas comunicaciones, o cree que las est\u00e1 recibiendo por error, por favor cont\u00e1ctenos para ser eliminado de nuestra lista de correo. Puedes contactarnos a trav\u00e9s de [inserte m\u00e9todo de contacto, por ejemplo, correo electr\u00f3nico o tel\u00e9fono].  <\/p><p><strong>Compras online y seguridad con tarjetas de cr\u00e9dito  <\/strong><\/p><p>El carrito de compra online de QUBYX est\u00e1 alojado de forma segura dentro de nuestra red, con medidas para proteger la informaci\u00f3n de tu tarjeta de cr\u00e9dito y garantizar la privacidad de tus transacciones.<\/p><p><strong>Cookies y seguimiento de datos  <\/strong><\/p><p>Utilizamos tecnolog\u00eda de \u00abcookies\u00bb para mejorar tu experiencia de navegaci\u00f3n y recopilar datos empresariales y t\u00e9cnicos \u00fatiles. Las cookies nos ayudan a analizar c\u00f3mo interact\u00faan los usuarios con nuestro sitio, como rastrear rutas de navegaci\u00f3n y patrones de visitantes. Adem\u00e1s, utilizamos los registros del servidor para fines similares.  <\/p><p>Si prefieres no usar cookies, la mayor\u00eda de los navegadores de internet te permiten desactivarlas desde la configuraci\u00f3n del navegador. Ten en cuenta que desactivar las cookies puede afectar la funcionalidad de ciertas funciones del sitio web.   <\/p><p><strong>Enlaces de terceros  <\/strong><\/p><p>QUBYX puede incluir ocasionalmente enlaces a sitios web de terceros. Por favor, tenga en cuenta que las pr\u00e1cticas de privacidad de estos sitios de terceros no est\u00e1n cubiertas por la pol\u00edtica de privacidad de QUBYX. Por tanto, el uso de estos sitios es bajo tu propio riesgo, y te animamos a revisar sus pol\u00edticas de privacidad antes de proporcionar informaci\u00f3n personal.  <\/p>\t\t\t\t\t\t\t\t<\/div>\n\t\t\t\t<\/div>\n\t\t\t\t\t<\/div>\n\t\t<\/div>\n\t\t\t\t\t<\/div>\n\t\t<\/section>\n\t\t\t\t\t<\/div>\n\t\t<\/div>\n\t\t\t\t\t<\/div>\n\t\t<\/section>\n\t\t\t\t<\/div>\n\t\t","protected":false},"excerpt":{"rendered":"<p>Declaraci\u00f3n de Privacidad Inicio En QUBYX, respetamos y valoramos tu privacidad. Esta pol\u00edtica detalla las medidas que tomamos para proteger [&hellip;]<\/p>\n","protected":false},"author":1,"featured_media":0,"parent":0,"menu_order":0,"comment_status":"closed","ping_status":"closed","template":"","meta":{"_acf_changed":false,"om_disable_all_campaigns":false,"_monsterinsights_skip_tracking":false,"_monsterinsights_sitenote_active":false,"_monsterinsights_sitenote_note":"","_monsterinsights_sitenote_category":0,"_uf_show_specific_survey":0,"_uf_disable_surveys":false,"site-sidebar-layout":"no-sidebar","site-content-layout":"","ast-site-content-layout":"full-width-container","site-content-style":"default","site-sidebar-style":"default","ast-global-header-display":"","ast-banner-title-visibility":"","ast-main-header-display":"","ast-hfb-above-header-display":"","ast-hfb-below-header-display":"","ast-hfb-mobile-header-display":"","site-post-title":"disabled","ast-breadcrumbs-content":"","ast-featured-img":"disabled","footer-sml-layout":"","ast-disable-related-posts":"","theme-transparent-header-meta":"","adv-header-id-meta":"","stick-header-meta":"","header-above-stick-meta":"","header-main-stick-meta":"","header-below-stick-meta":"","astra-migrate-meta-layouts":"default","ast-page-background-enabled":"default","ast-page-background-meta":{"desktop":{"background-color":"var(--ast-global-color-4)","background-image":"","background-repeat":"repeat","background-position":"center center","background-size":"auto","background-attachment":"scroll","background-type":"","background-media":"","overlay-type":"","overlay-color":"","overlay-opacity":"","overlay-gradient":""},"tablet":{"background-color":"","background-image":"","background-repeat":"repeat","background-position":"center center","background-size":"auto","background-attachment":"scroll","background-type":"","background-media":"","overlay-type":"","overlay-color":"","overlay-opacity":"","overlay-gradient":""},"mobile":{"background-color":"","background-image":"","background-repeat":"repeat","background-position":"center center","background-size":"auto","background-attachment":"scroll","background-type":"","background-media":"","overlay-type":"","overlay-color":"","overlay-opacity":"","overlay-gradient":""}},"ast-content-background-meta":{"desktop":{"background-color":"var(--ast-global-color-5)","background-image":"","background-repeat":"repeat","background-position":"center center","background-size":"auto","background-attachment":"scroll","background-type":"","background-media":"","overlay-type":"","overlay-color":"","overlay-opacity":"","overlay-gradient":""},"tablet":{"background-color":"var(--ast-global-color-5)","background-image":"","background-repeat":"repeat","background-position":"center center","background-size":"auto","background-attachment":"scroll","background-type":"","background-media":"","overlay-type":"","overlay-color":"","overlay-opacity":"","overlay-gradient":""},"mobile":{"background-color":"var(--ast-global-color-5)","background-image":"","background-repeat":"repeat","background-position":"center center","background-size":"auto","background-attachment":"scroll","background-type":"","background-media":"","overlay-type":"","overlay-color":"","overlay-opacity":"","overlay-gradient":""}},"footnotes":""},"class_list":["post-12551","page","type-page","status-publish","hentry"],"acf":[],"_links":{"self":[{"href":"https:\/\/qubyx.com\/es\/wp-json\/wp\/v2\/pages\/12551","targetHints":{"allow":["GET"]}}],"collection":[{"href":"https:\/\/qubyx.com\/es\/wp-json\/wp\/v2\/pages"}],"about":[{"href":"https:\/\/qubyx.com\/es\/wp-json\/wp\/v2\/types\/page"}],"author":[{"embeddable":true,"href":"https:\/\/qubyx.com\/es\/wp-json\/wp\/v2\/users\/1"}],"replies":[{"embeddable":true,"href":"https:\/\/qubyx.com\/es\/wp-json\/wp\/v2\/comments?post=12551"}],"version-history":[{"count":1,"href":"https:\/\/qubyx.com\/es\/wp-json\/wp\/v2\/pages\/12551\/revisions"}],"predecessor-version":[{"id":12555,"href":"https:\/\/qubyx.com\/es\/wp-json\/wp\/v2\/pages\/12551\/revisions\/12555"}],"wp:attachment":[{"href":"https:\/\/qubyx.com\/es\/wp-json\/wp\/v2\/media?parent=12551"}],"curies":[{"name":"wp","href":"https:\/\/api.w.org\/{rel}","templated":true}]}}