{"id":12540,"date":"2024-12-09T06:29:19","date_gmt":"2024-12-09T06:29:19","guid":{"rendered":"https:\/\/qubyx.com\/terminos-y-condiciones\/"},"modified":"2025-12-15T18:52:11","modified_gmt":"2025-12-15T18:52:11","slug":"terminos-y-condiciones","status":"publish","type":"page","link":"https:\/\/qubyx.com\/es\/terminos-y-condiciones\/","title":{"rendered":"T\u00e9rminos y Condiciones"},"content":{"rendered":"\t\t<div data-elementor-type=\"wp-page\" data-elementor-id=\"12540\" class=\"elementor elementor-12540 elementor-8025\" data-elementor-post-type=\"page\">\n\t\t\t\t\t\t<section class=\"elementor-section elementor-top-section elementor-element elementor-element-6db08564 elementor-section-height-min-height elementor-section-boxed elementor-section-height-default elementor-section-items-middle\" data-id=\"6db08564\" data-element_type=\"section\" data-e-type=\"section\" data-settings=\"{&quot;background_background&quot;:&quot;classic&quot;}\">\n\t\t\t\t\t\t<div class=\"elementor-container elementor-column-gap-no\">\n\t\t\t\t\t<div class=\"elementor-column elementor-col-100 elementor-top-column elementor-element elementor-element-6696c3bf\" data-id=\"6696c3bf\" data-element_type=\"column\" data-e-type=\"column\">\n\t\t\t<div class=\"elementor-widget-wrap elementor-element-populated\">\n\t\t\t\t\t\t<section class=\"elementor-section elementor-inner-section elementor-element elementor-element-15ea09a elementor-section-boxed elementor-section-height-default elementor-section-height-default\" data-id=\"15ea09a\" data-element_type=\"section\" data-e-type=\"section\">\n\t\t\t\t\t\t<div class=\"elementor-container elementor-column-gap-default\">\n\t\t\t\t\t<div class=\"elementor-column elementor-col-100 elementor-inner-column elementor-element elementor-element-672ab554\" data-id=\"672ab554\" data-element_type=\"column\" data-e-type=\"column\">\n\t\t\t<div class=\"elementor-widget-wrap elementor-element-populated\">\n\t\t\t\t\t\t<div class=\"elementor-element elementor-element-63b1036 elementor-widget elementor-widget-heading\" data-id=\"63b1036\" data-element_type=\"widget\" data-e-type=\"widget\" data-widget_type=\"heading.default\">\n\t\t\t\t<div class=\"elementor-widget-container\">\n\t\t\t\t\t<h2 class=\"elementor-heading-title elementor-size-default\">Reembolsos y T\u00e9rminos y Condiciones<\/h2>\t\t\t\t<\/div>\n\t\t\t\t<\/div>\n\t\t\t\t<div class=\"elementor-element elementor-element-123f8113 elementor-icon-list--layout-inline elementor-list-item-link-full_width elementor-widget elementor-widget-icon-list\" data-id=\"123f8113\" data-element_type=\"widget\" data-e-type=\"widget\" data-widget_type=\"icon-list.default\">\n\t\t\t\t<div class=\"elementor-widget-container\">\n\t\t\t\t\t\t\t<ul class=\"elementor-icon-list-items elementor-inline-items\">\n\t\t\t\t\t\t\t<li class=\"elementor-icon-list-item elementor-inline-item\">\n\t\t\t\t\t\t\t\t\t\t\t<a href=\"https:\/\/qubyx.com\/es\/\">\n\n\t\t\t\t\t\t\t\t\t\t\t<span class=\"elementor-icon-list-text\">Inicio<\/span>\n\t\t\t\t\t\t\t\t\t\t\t<\/a>\n\t\t\t\t\t\t\t\t\t<\/li>\n\t\t\t\t\t\t\t\t<li class=\"elementor-icon-list-item elementor-inline-item\">\n\t\t\t\t\t\t\t\t\t\t\t<span class=\"elementor-icon-list-icon\">\n\t\t\t\t\t\t\t<svg xmlns=\"http:\/\/www.w3.org\/2000\/svg\" width=\"24\" height=\"25\" viewBox=\"0 0 24 25\" fill=\"none\"><path d=\"M16.0002 12.5001C16.0009 12.6317 15.9757 12.7621 15.926 12.884C15.8762 13.0058 15.8029 13.1166 15.7102 13.2101L9.71019 19.2101C9.52188 19.3984 9.26649 19.5042 9.00019 19.5042C8.73388 19.5042 8.47849 19.3984 8.29019 19.2101C8.10188 19.0218 7.99609 18.7664 7.99609 18.5001C7.99609 18.2338 8.10188 17.9784 8.29019 17.7901L13.5902 12.5001L8.30019 7.21006C8.13636 7.01876 8.05075 6.77268 8.06047 6.52101C8.07019 6.26933 8.17453 6.03059 8.35262 5.8525C8.53072 5.6744 8.76946 5.57007 9.02113 5.56035C9.27281 5.55063 9.51888 5.63623 9.71018 5.80006L15.7102 11.8001C15.8949 11.9863 15.9991 12.2377 16.0002 12.5001Z\" fill=\"white\"><\/path><\/svg>\t\t\t\t\t\t<\/span>\n\t\t\t\t\t\t\t\t\t\t<span class=\"elementor-icon-list-text\">Reembolsos y T\u00e9rminos y Condiciones<\/span>\n\t\t\t\t\t\t\t\t\t<\/li>\n\t\t\t\t\t\t<\/ul>\n\t\t\t\t\t\t<\/div>\n\t\t\t\t<\/div>\n\t\t\t\t\t<\/div>\n\t\t<\/div>\n\t\t\t\t\t<\/div>\n\t\t<\/section>\n\t\t\t\t\t<\/div>\n\t\t<\/div>\n\t\t\t\t\t<\/div>\n\t\t<\/section>\n\t\t\t\t<section class=\"elementor-section elementor-top-section elementor-element elementor-element-18b1d789 elementor-section-boxed elementor-section-height-default elementor-section-height-default\" data-id=\"18b1d789\" data-element_type=\"section\" data-e-type=\"section\">\n\t\t\t\t\t\t<div class=\"elementor-container elementor-column-gap-no\">\n\t\t\t\t\t<div class=\"elementor-column elementor-col-100 elementor-top-column elementor-element elementor-element-5ca05451\" data-id=\"5ca05451\" data-element_type=\"column\" data-e-type=\"column\">\n\t\t\t<div class=\"elementor-widget-wrap elementor-element-populated\">\n\t\t\t\t\t\t<section class=\"elementor-section elementor-inner-section elementor-element elementor-element-48b58a2d elementor-section-boxed elementor-section-height-default elementor-section-height-default\" data-id=\"48b58a2d\" data-element_type=\"section\" data-e-type=\"section\">\n\t\t\t\t\t\t<div class=\"elementor-container elementor-column-gap-default\">\n\t\t\t\t\t<div class=\"elementor-column elementor-col-100 elementor-inner-column elementor-element elementor-element-1f93f84\" data-id=\"1f93f84\" data-element_type=\"column\" data-e-type=\"column\">\n\t\t\t<div class=\"elementor-widget-wrap elementor-element-populated\">\n\t\t\t\t\t\t<div class=\"elementor-element elementor-element-d18d21b elementor-widget elementor-widget-heading\" data-id=\"d18d21b\" data-element_type=\"widget\" data-e-type=\"widget\" data-widget_type=\"heading.default\">\n\t\t\t\t<div class=\"elementor-widget-container\">\n\t\t\t\t\t<h3 class=\"elementor-heading-title elementor-size-default\">Acuerdo legal entre t\u00fa y QUBYX Limited\n (QUBYX)<\/h3>\t\t\t\t<\/div>\n\t\t\t\t<\/div>\n\t\t\t\t<div class=\"elementor-element elementor-element-29623da2 forbidden elementor-widget elementor-widget-text-editor\" data-id=\"29623da2\" data-element_type=\"widget\" data-e-type=\"widget\" data-widget_type=\"text-editor.default\">\n\t\t\t\t<div class=\"elementor-widget-container\">\n\t\t\t\t\t\t\t\t\t<p><strong>Reembolsos<\/strong><br>Est\u00e1n disponibles reembolsos para compras de software siempre que la licencia de software no haya sido registrada. Si has comprado un producto de software QUBYX pero no has registrado la licencia, eres elegible para solicitar un reembolso completo. <\/p><p><strong>Elegibilidad<\/strong><br>Para poder optar a un reembolso, debes presentar tu solicitud dentro de los 30 d\u00edas siguientes a la fecha de compra. Por favor, proporciona prueba de compra y aseg\u00farate de que la licencia del software no est\u00e9 registrada. Proceso<br>Para iniciar un reembolso, por favor contacte con nuestro equipo de atenci\u00f3n al cliente con los detalles de su compra. Una vez verificado, procesaremos tu reembolso r\u00e1pidamente.   <\/p><p><strong>Pol\u00edtica de Restablecimiento de Licencias<\/strong><br>Reconociendo que pueden surgir problemas t\u00e9cnicos, QUBYX ofrece un servicio de restablecimiento de licencia bajo las siguientes condiciones:<\/p><p><strong>Marco temporal<\/strong><br>Los n\u00fameros de licencia pueden restablecerse dentro de los dos primeros a\u00f1os desde la fecha original de compra.<\/p><p><strong>L\u00edmite<\/strong><br>Cada n\u00famero de licencia es elegible para un m\u00e1ximo de dos reinicios dentro de este periodo de dos a\u00f1os.<\/p><p><strong>Petici\u00f3n<\/strong><br>Para solicitar un restablecimiento de licencia, por favor contacta con nuestro equipo de soporte con tus datos de licencia y el motivo del reinicio. Nuestro equipo te guiar\u00e1 durante todo el proceso.<br>Por favor, tenga en cuenta: Estas pol\u00edticas est\u00e1n sujetas a cambios. Se anima a los clientes a revisar peri\u00f3dicamente los t\u00e9rminos y condiciones.  <\/p><h3>T\u00e9rminos de uso<\/h3><p><strong>Acceso y uso<\/strong> Tu acceso y uso del sitio web de QUBYX constituye la aceptaci\u00f3n de este acuerdo. Al acceder, navegar y\/o utilizar el sitio, confirmas que has le\u00eddo, entendido y aceptado los t\u00e9rminos y condiciones sin limitaciones ni condiciones. Si no est\u00e1s de acuerdo, por favor abst\u00e9nte de usar el sitio.  <\/p><p><strong>Derechos de autor<\/strong> Todo el material del sitio de QUBYX es propiedad intelectual de QUBYX o del creador original. Estos materiales no pueden ser copiados, reproducidos, distribuidos, republicados, descargados, mostrados, publicados ni transmitidos en ninguna forma (por ejemplo, electr\u00f3nicos, mec\u00e1nicos, fotocopiados o grabados) sin permiso previo por escrito de QUBYX, salvo que est\u00e9 expresamente permitido en este acuerdo. <\/p><p><strong>Responsabilidad<\/strong> QUBYX no garantiza que el uso de materiales en su sitio no infrinja derechos de terceros. Adem\u00e1s, QUBYX se niega de cualquier responsabilidad o responsabilidad por errores, omisiones o inexactitudes en el contenido de su sitio. <\/p><p>Bajo ninguna circunstancia QUBYX, sus agentes, socios o afiliados ser\u00e1n responsables por da\u00f1os directos, incidentales, consecuenciales, indirectos, especiales, ejemplares o punitivos derivados del acceso, uso o navegaci\u00f3n por el sitio de QUBYX. Estas exclusiones incluyen, pero no se limitan a, p\u00e9rdida de datos, beneficios o costes asociados a la reparaci\u00f3n o correcci\u00f3n de equipos. <\/p><p>Algunas jurisdicciones no permiten la exclusi\u00f3n o limitaci\u00f3n de da\u00f1os incidentales o consecuentes. En estos casos, estas limitaciones pueden no aplicarse completamente a ti. <\/p><p>Renuncia a la garant\u00eda El sitio web de QUBYX se proporciona \u00abtal cual\u00bb, sin ning\u00fan tipo de garant\u00eda, ni expresa ni impl\u00edcita. Esto incluye, pero no se limita a, garant\u00edas de comerciabilidad, idoneidad para un prop\u00f3sito particular o no infracci\u00f3n. <\/p><p>QUBYX absinte de cualquier responsabilidad por da\u00f1os causados por virus u otros componentes da\u00f1inos que puedan afectar a tu ordenador, software o datos durante tu interacci\u00f3n con el sitio de QUBYX.<\/p><h3>T\u00e9rminos adicionales<\/h3><p><strong>Derechos restringidos:<\/strong> El contenido del sitio de QUBYX est\u00e1 sujeto a derechos restringidos. Cualquier uso, duplicaci\u00f3n o divulgaci\u00f3n por parte del Gobierno est\u00e1 sujeto a las restricciones aplicables, que reconocen los derechos de propiedad de QUBYX. <\/p><p><strong>Acciones prohibidas:<\/strong> No puedes replicar ninguna parte del contenido del sitio de QUBYX en otro servidor sin permiso expreso.<\/p><p><strong>Precios e informaci\u00f3n t\u00e9cnica:<\/strong> Todos los precios que aparecen en el sitio de QUBYX pueden cambiar sin previo aviso. De manera similar, la informaci\u00f3n t\u00e9cnica est\u00e1 sujeta a actualizaciones sin previo aviso. <\/p><p><strong>Revisiones:<\/strong> QUBYX puede revisar estos t\u00e9rminos y condiciones en cualquier momento actualizando esta p\u00e1gina. Al continuar utilizando el sitio de QUBYX, aceptas estar sujeto a los t\u00e9rminos y condiciones m\u00e1s actuales. Por favor, revisa esta p\u00e1gina peri\u00f3dicamente para actualizaciones.  <\/p>\t\t\t\t\t\t\t\t<\/div>\n\t\t\t\t<\/div>\n\t\t\t\t\t<\/div>\n\t\t<\/div>\n\t\t\t\t\t<\/div>\n\t\t<\/section>\n\t\t\t\t\t<\/div>\n\t\t<\/div>\n\t\t\t\t\t<\/div>\n\t\t<\/section>\n\t\t\t\t<\/div>\n\t\t","protected":false},"excerpt":{"rendered":"<p>Reembolsos y T\u00e9rminos y Condiciones Inicio Reembolsos y T\u00e9rminos y Condiciones Acuerdo legal entre t\u00fa y QUBYX Limited (QUBYX) ReembolsosEst\u00e1n [&hellip;]<\/p>\n","protected":false},"author":1,"featured_media":0,"parent":0,"menu_order":0,"comment_status":"closed","ping_status":"closed","template":"","meta":{"_acf_changed":false,"om_disable_all_campaigns":false,"_monsterinsights_skip_tracking":false,"_monsterinsights_sitenote_active":false,"_monsterinsights_sitenote_note":"","_monsterinsights_sitenote_category":0,"_uf_show_specific_survey":0,"_uf_disable_surveys":false,"site-sidebar-layout":"no-sidebar","site-content-layout":"","ast-site-content-layout":"full-width-container","site-content-style":"default","site-sidebar-style":"default","ast-global-header-display":"","ast-banner-title-visibility":"","ast-main-header-display":"","ast-hfb-above-header-display":"","ast-hfb-below-header-display":"","ast-hfb-mobile-header-display":"","site-post-title":"disabled","ast-breadcrumbs-content":"","ast-featured-img":"disabled","footer-sml-layout":"","ast-disable-related-posts":"","theme-transparent-header-meta":"","adv-header-id-meta":"","stick-header-meta":"","header-above-stick-meta":"","header-main-stick-meta":"","header-below-stick-meta":"","astra-migrate-meta-layouts":"default","ast-page-background-enabled":"default","ast-page-background-meta":{"desktop":{"background-color":"var(--ast-global-color-4)","background-image":"","background-repeat":"repeat","background-position":"center center","background-size":"auto","background-attachment":"scroll","background-type":"","background-media":"","overlay-type":"","overlay-color":"","overlay-opacity":"","overlay-gradient":""},"tablet":{"background-color":"","background-image":"","background-repeat":"repeat","background-position":"center center","background-size":"auto","background-attachment":"scroll","background-type":"","background-media":"","overlay-type":"","overlay-color":"","overlay-opacity":"","overlay-gradient":""},"mobile":{"background-color":"","background-image":"","background-repeat":"repeat","background-position":"center center","background-size":"auto","background-attachment":"scroll","background-type":"","background-media":"","overlay-type":"","overlay-color":"","overlay-opacity":"","overlay-gradient":""}},"ast-content-background-meta":{"desktop":{"background-color":"var(--ast-global-color-5)","background-image":"","background-repeat":"repeat","background-position":"center center","background-size":"auto","background-attachment":"scroll","background-type":"","background-media":"","overlay-type":"","overlay-color":"","overlay-opacity":"","overlay-gradient":""},"tablet":{"background-color":"var(--ast-global-color-5)","background-image":"","background-repeat":"repeat","background-position":"center center","background-size":"auto","background-attachment":"scroll","background-type":"","background-media":"","overlay-type":"","overlay-color":"","overlay-opacity":"","overlay-gradient":""},"mobile":{"background-color":"var(--ast-global-color-5)","background-image":"","background-repeat":"repeat","background-position":"center center","background-size":"auto","background-attachment":"scroll","background-type":"","background-media":"","overlay-type":"","overlay-color":"","overlay-opacity":"","overlay-gradient":""}},"footnotes":""},"class_list":["post-12540","page","type-page","status-publish","hentry"],"acf":[],"_links":{"self":[{"href":"https:\/\/qubyx.com\/es\/wp-json\/wp\/v2\/pages\/12540","targetHints":{"allow":["GET"]}}],"collection":[{"href":"https:\/\/qubyx.com\/es\/wp-json\/wp\/v2\/pages"}],"about":[{"href":"https:\/\/qubyx.com\/es\/wp-json\/wp\/v2\/types\/page"}],"author":[{"embeddable":true,"href":"https:\/\/qubyx.com\/es\/wp-json\/wp\/v2\/users\/1"}],"replies":[{"embeddable":true,"href":"https:\/\/qubyx.com\/es\/wp-json\/wp\/v2\/comments?post=12540"}],"version-history":[{"count":1,"href":"https:\/\/qubyx.com\/es\/wp-json\/wp\/v2\/pages\/12540\/revisions"}],"predecessor-version":[{"id":12544,"href":"https:\/\/qubyx.com\/es\/wp-json\/wp\/v2\/pages\/12540\/revisions\/12544"}],"wp:attachment":[{"href":"https:\/\/qubyx.com\/es\/wp-json\/wp\/v2\/media?parent=12540"}],"curies":[{"name":"wp","href":"https:\/\/api.w.org\/{rel}","templated":true}]}}