{"id":13538,"date":"2020-04-06T16:51:35","date_gmt":"2020-04-06T16:51:35","guid":{"rendered":"https:\/\/qubyx.com\/product\/perfectlum-und-s1-sensor\/"},"modified":"2020-04-06T16:51:35","modified_gmt":"2020-04-06T16:51:35","slug":"perfectlum-und-s1-sensor","status":"publish","type":"product","link":"https:\/\/qubyx.com\/de\/product\/perfectlum-und-s1-sensor\/","title":{"rendered":"PerfectLum- und S1-Sensor"},"content":{"rendered":"<p>Die PerfectLum-Kalibrierungs- und QA-Software, die mit dem PerfectLum S1-Kolorimeter geliefert wird, gew\u00e4hrleistet die Einhaltung medizinischer Standards wie NEMA DICOM part 14 GSDF, NY PDM, AAPM TG18, AAPM TG 270, DIN 6868-157, DIN 6868-57, ACR und NYC PDM. PerfectLum kann fast jedes Display kalibrieren. Es unterst\u00fctzt eine breite Palette von Messger\u00e4ten und Grafiktafeln und erstellt f\u00fcr jeden Kalibrierungs- oder QA-Test einen vollst\u00e4ndigen Bericht.  <\/p>\n<p>PerfectLum wird pro Workstation verkauft, wobei alle Funktionen enthalten sind. Eine Lizenz kann verwendet werden, um bis zu sechs Displays zu kalibrieren. QUBYX bietet erhebliche Rabatte bei Massenk\u00e4ufen. Kontaktieren Sie uns, um ein Angebot zu erhalten.   <\/p>\n<p>PerfectLum verf\u00fcgt au\u00dferdem \u00fcber eine integrierte Fernverwaltung, die es Systemadministratoren erm\u00f6glicht, Anzeigen in mehreren medizinischen Einrichtungen von einem zentralen \u00dcberwachungsstandort aus zu \u00fcberwachen und zu steuern. F\u00fcr fortschrittlichere und h\u00f6her vorrangige Unterst\u00fctzung sollten Sie den Kauf des PerfectLum-Wartungsplans in Betracht ziehen. <\/p>\n<p>und es ist kein B\u00fcndel mit einem iMac, sondern mit dem Sensor. Ich habe dir Bilder vom Sensor geschickt. Bitte platzieren Sie es.  <\/p>\n<p>Wenn ich das Diagramm hinzugef\u00fcgt habe und zu der \u00dcbersicht komme, m\u00f6chte ich, dass der Wartungsplan angeboten wird.<\/p>\n","protected":false},"excerpt":{"rendered":"<p>PerfectLum 4 wird mit dem pr\u00e4zisen PerfectLum S1 Luminanz- und Kolorimeter geliefert. Einfache Einrichtung und Wartung<\/p>\n<p>. Kompatibel mit Windows und Mac.<\/p>\n<p>Unser Wartungsplan gew\u00e4hrleistet kostenlosen Zugang zu allen neuesten Updates, Servicepacks und neuen Versionen von PerfectLum 4, die Programmkorrekturen, Verbesserungen oder Verbesserungen enthalten.<\/p>\n<p>Wieder auf Lager<\/p>\n","protected":false},"featured_media":9603,"template":"","meta":{"_acf_changed":false,"om_disable_all_campaigns":false,"_monsterinsights_skip_tracking":false,"_monsterinsights_sitenote_active":false,"_monsterinsights_sitenote_note":"","_monsterinsights_sitenote_category":0,"_uf_show_specific_survey":0,"_uf_disable_surveys":false,"site-sidebar-layout":"default","site-content-layout":"","ast-site-content-layout":"default","site-content-style":"default","site-sidebar-style":"default","ast-global-header-display":"","ast-banner-title-visibility":"","ast-main-header-display":"","ast-hfb-above-header-display":"","ast-hfb-below-header-display":"","ast-hfb-mobile-header-display":"","site-post-title":"","ast-breadcrumbs-content":"","ast-featured-img":"","footer-sml-layout":"","ast-disable-related-posts":"","theme-transparent-header-meta":"default","adv-header-id-meta":"","stick-header-meta":"","header-above-stick-meta":"","header-main-stick-meta":"","header-below-stick-meta":"","astra-migrate-meta-layouts":"default","ast-page-background-enabled":"default","ast-page-background-meta":{"desktop":{"background-color":"var(--ast-global-color-4)","background-image":"","background-repeat":"repeat","background-position":"center center","background-size":"auto","background-attachment":"scroll","background-type":"","background-media":"","overlay-type":"","overlay-color":"","overlay-opacity":"","overlay-gradient":""},"tablet":{"background-color":"","background-image":"","background-repeat":"repeat","background-position":"center center","background-size":"auto","background-attachment":"scroll","background-type":"","background-media":"","overlay-type":"","overlay-color":"","overlay-opacity":"","overlay-gradient":""},"mobile":{"background-color":"","background-image":"","background-repeat":"repeat","background-position":"center center","background-size":"auto","background-attachment":"scroll","background-type":"","background-media":"","overlay-type":"","overlay-color":"","overlay-opacity":"","overlay-gradient":""}},"ast-content-background-meta":{"desktop":{"background-color":"var(--ast-global-color-5)","background-image":"","background-repeat":"repeat","background-position":"center center","background-size":"auto","background-attachment":"scroll","background-type":"","background-media":"","overlay-type":"","overlay-color":"","overlay-opacity":"","overlay-gradient":""},"tablet":{"background-color":"var(--ast-global-color-5)","background-image":"","background-repeat":"repeat","background-position":"center center","background-size":"auto","background-attachment":"scroll","background-type":"","background-media":"","overlay-type":"","overlay-color":"","overlay-opacity":"","overlay-gradient":""},"mobile":{"background-color":"var(--ast-global-color-5)","background-image":"","background-repeat":"repeat","background-position":"center center","background-size":"auto","background-attachment":"scroll","background-type":"","background-media":"","overlay-type":"","overlay-color":"","overlay-opacity":"","overlay-gradient":""}}},"product_brand":[],"product_cat":[4188,4186],"product_tag":[],"class_list":{"0":"post-13538","1":"product","2":"type-product","3":"status-publish","4":"has-post-thumbnail","6":"product_cat-hardware","7":"product_cat-software","8":"desktop-align-left","9":"tablet-align-left","10":"mobile-align-left","12":"first","13":"instock","14":"downloadable","15":"shipping-taxable","16":"purchasable","17":"product-type-simple"},"acf":[],"_links":{"self":[{"href":"https:\/\/qubyx.com\/de\/wp-json\/wp\/v2\/product\/13538","targetHints":{"allow":["GET"]}}],"collection":[{"href":"https:\/\/qubyx.com\/de\/wp-json\/wp\/v2\/product"}],"about":[{"href":"https:\/\/qubyx.com\/de\/wp-json\/wp\/v2\/types\/product"}],"wp:featuredmedia":[{"embeddable":true,"href":"https:\/\/qubyx.com\/de\/wp-json\/wp\/v2\/media\/9603"}],"wp:attachment":[{"href":"https:\/\/qubyx.com\/de\/wp-json\/wp\/v2\/media?parent=13538"}],"wp:term":[{"taxonomy":"product_brand","embeddable":true,"href":"https:\/\/qubyx.com\/de\/wp-json\/wp\/v2\/product_brand?post=13538"},{"taxonomy":"product_cat","embeddable":true,"href":"https:\/\/qubyx.com\/de\/wp-json\/wp\/v2\/product_cat?post=13538"},{"taxonomy":"product_tag","embeddable":true,"href":"https:\/\/qubyx.com\/de\/wp-json\/wp\/v2\/product_tag?post=13538"}],"curies":[{"name":"wp","href":"https:\/\/api.w.org\/{rel}","templated":true}]}}