{"id":13631,"date":"2025-10-01T12:19:26","date_gmt":"2025-10-01T12:19:26","guid":{"rendered":"https:\/\/qubyx.com\/qubyx-os-tools\/"},"modified":"2025-12-15T19:06:41","modified_gmt":"2025-12-15T19:06:41","slug":"qubyx-os-tools","status":"publish","type":"page","link":"https:\/\/qubyx.com\/de\/qubyx-os-tools\/","title":{"rendered":"QUBYX OS Tools"},"content":{"rendered":"\t\t<div data-elementor-type=\"wp-page\" data-elementor-id=\"13631\" class=\"elementor elementor-13631 elementor-11040\" data-elementor-post-type=\"page\">\n\t\t\t\t\t\t<section class=\"elementor-section elementor-top-section elementor-element elementor-element-8a5f710 elementor-section-height-min-height elementor-section-boxed elementor-section-height-default elementor-section-items-middle\" data-id=\"8a5f710\" data-element_type=\"section\" data-e-type=\"section\" data-settings=\"{&quot;background_background&quot;:&quot;classic&quot;}\">\n\t\t\t\t\t\t<div class=\"elementor-container elementor-column-gap-no\">\n\t\t\t\t\t<div class=\"elementor-column elementor-col-100 elementor-top-column elementor-element elementor-element-602936f\" data-id=\"602936f\" data-element_type=\"column\" data-e-type=\"column\">\n\t\t\t<div class=\"elementor-widget-wrap elementor-element-populated\">\n\t\t\t\t\t\t<section class=\"elementor-section elementor-inner-section elementor-element elementor-element-ae76388 elementor-section-boxed elementor-section-height-default elementor-section-height-default\" data-id=\"ae76388\" data-element_type=\"section\" data-e-type=\"section\">\n\t\t\t\t\t\t<div class=\"elementor-container elementor-column-gap-default\">\n\t\t\t\t\t<div class=\"elementor-column elementor-col-100 elementor-inner-column elementor-element elementor-element-756ba57\" data-id=\"756ba57\" data-element_type=\"column\" data-e-type=\"column\">\n\t\t\t<div class=\"elementor-widget-wrap elementor-element-populated\">\n\t\t\t\t\t\t<div class=\"elementor-element elementor-element-295f59e elementor-widget elementor-widget-heading\" data-id=\"295f59e\" data-element_type=\"widget\" data-e-type=\"widget\" data-widget_type=\"heading.default\">\n\t\t\t\t<div class=\"elementor-widget-container\">\n\t\t\t\t\t<h2 class=\"elementor-heading-title elementor-size-default\">QUBYX OS Tools<\/h2>\t\t\t\t<\/div>\n\t\t\t\t<\/div>\n\t\t\t\t<div class=\"elementor-element elementor-element-1c0d3c8 elementor-icon-list--layout-inline elementor-list-item-link-full_width elementor-widget elementor-widget-icon-list\" data-id=\"1c0d3c8\" data-element_type=\"widget\" data-e-type=\"widget\" data-widget_type=\"icon-list.default\">\n\t\t\t\t<div class=\"elementor-widget-container\">\n\t\t\t\t\t\t\t<ul class=\"elementor-icon-list-items elementor-inline-items\">\n\t\t\t\t\t\t\t<li class=\"elementor-icon-list-item elementor-inline-item\">\n\t\t\t\t\t\t\t\t\t\t\t<a href=\"https:\/\/qubyx.com\/de\/\">\n\n\t\t\t\t\t\t\t\t\t\t\t<span class=\"elementor-icon-list-text\">Heim<\/span>\n\t\t\t\t\t\t\t\t\t\t\t<\/a>\n\t\t\t\t\t\t\t\t\t<\/li>\n\t\t\t\t\t\t\t\t<li class=\"elementor-icon-list-item elementor-inline-item\">\n\t\t\t\t\t\t\t\t\t\t\t<span class=\"elementor-icon-list-icon\">\n\t\t\t\t\t\t\t<svg xmlns=\"http:\/\/www.w3.org\/2000\/svg\" width=\"24\" height=\"25\" viewBox=\"0 0 24 25\" fill=\"none\"><path d=\"M16.0002 12.5001C16.0009 12.6317 15.9757 12.7621 15.926 12.884C15.8762 13.0058 15.8029 13.1166 15.7102 13.2101L9.71019 19.2101C9.52188 19.3984 9.26649 19.5042 9.00019 19.5042C8.73388 19.5042 8.47849 19.3984 8.29019 19.2101C8.10188 19.0218 7.99609 18.7664 7.99609 18.5001C7.99609 18.2338 8.10188 17.9784 8.29019 17.7901L13.5902 12.5001L8.30019 7.21006C8.13636 7.01876 8.05075 6.77268 8.06047 6.52101C8.07019 6.26933 8.17453 6.03059 8.35262 5.8525C8.53072 5.6744 8.76946 5.57007 9.02113 5.56035C9.27281 5.55063 9.51888 5.63623 9.71018 5.80006L15.7102 11.8001C15.8949 11.9863 15.9991 12.2377 16.0002 12.5001Z\" fill=\"white\"><\/path><\/svg>\t\t\t\t\t\t<\/span>\n\t\t\t\t\t\t\t\t\t\t<span class=\"elementor-icon-list-text\">QUBYX OS Tools<\/span>\n\t\t\t\t\t\t\t\t\t<\/li>\n\t\t\t\t\t\t<\/ul>\n\t\t\t\t\t\t<\/div>\n\t\t\t\t<\/div>\n\t\t\t\t\t<\/div>\n\t\t<\/div>\n\t\t\t\t\t<\/div>\n\t\t<\/section>\n\t\t\t\t\t<\/div>\n\t\t<\/div>\n\t\t\t\t\t<\/div>\n\t\t<\/section>\n\t\t\t\t<section class=\"elementor-section elementor-top-section elementor-element elementor-element-e5c25d1 elementor-section-boxed elementor-section-height-default elementor-section-height-default\" data-id=\"e5c25d1\" data-element_type=\"section\" data-e-type=\"section\">\n\t\t\t\t\t\t<div class=\"elementor-container elementor-column-gap-no\">\n\t\t\t\t\t<div class=\"elementor-column elementor-col-100 elementor-top-column elementor-element elementor-element-4f11fe9\" data-id=\"4f11fe9\" data-element_type=\"column\" data-e-type=\"column\">\n\t\t\t<div class=\"elementor-widget-wrap elementor-element-populated\">\n\t\t\t\t\t\t<section class=\"elementor-section elementor-inner-section elementor-element elementor-element-adfc780 elementor-section-boxed elementor-section-height-default elementor-section-height-default\" data-id=\"adfc780\" data-element_type=\"section\" data-e-type=\"section\">\n\t\t\t\t\t\t<div class=\"elementor-container elementor-column-gap-default\">\n\t\t\t\t\t<div class=\"elementor-column elementor-col-100 elementor-inner-column elementor-element elementor-element-74a9d4e\" data-id=\"74a9d4e\" data-element_type=\"column\" data-e-type=\"column\">\n\t\t\t<div class=\"elementor-widget-wrap elementor-element-populated\">\n\t\t\t\t\t\t<div class=\"elementor-element elementor-element-9164e24 elementor-widget elementor-widget-heading\" data-id=\"9164e24\" data-element_type=\"widget\" data-e-type=\"widget\" data-widget_type=\"heading.default\">\n\t\t\t\t<div class=\"elementor-widget-container\">\n\t\t\t\t\t<h2 class=\"elementor-heading-title elementor-size-default\">Unabh\u00e4ngige Genauigkeit der Anzeigefarbe erreichen | QUBYX Open-Source-Tools  \n<\/h2>\t\t\t\t<\/div>\n\t\t\t\t<\/div>\n\t\t\t\t<div class=\"elementor-element elementor-element-de1ae87 forbidden elementor-widget elementor-widget-text-editor\" data-id=\"de1ae87\" data-element_type=\"widget\" data-e-type=\"widget\" data-widget_type=\"text-editor.default\">\n\t\t\t\t<div class=\"elementor-widget-container\">\n\t\t\t\t\t\t\t\t\t<h3><strong>Einleitung<\/strong><\/h3><p>Seit Jahrzehnten ist das professionelle Farbmanagement durch teure, propriet\u00e4re Hardware eingeschr\u00e4nkt<br>und geschlossene Software-\u00d6kosysteme. Diese Einschr\u00e4nkungen schaffen hohe Einstiegs- und Sperrh\u00fcrden<br>Industrien in kostspielige, starre Lieferantenabh\u00e4ngigkeiten. <\/p><p><strong>QUBYX OS Tools<\/strong> durchbricht diesen Kreislauf. Unser Open-Source-Framework gibt Ihnen vollst\u00e4ndige Kontrolle \u00fcber<br>Ihre Farbpipeline \u2013 auf praktisch jedem Display, mit voller Transparenz und Skalierbarkeit.<br>Damit k\u00f6nnen Sie: <\/p><p>\u2022 Generiere fortschrittliche Device Link ICC-Profile mit eingebetteten 3D-LUTs.<br>\u2022 Kombinieren Sie Farbkonvertierungen von Quelle zu Ziel in einer einzigen, optimierten Datei.<br>\u2022 Erzielen Sie nahtlose, pr\u00e4zise und wiederholbare Ergebnisse \u2013 zu Ihren eigenen Bedingungen, zu einem Bruchteil von<br>Die Kosten.<\/p><h3><strong>Unabh\u00e4ngigkeit gewinnen, Qualit\u00e4t erhalten<\/strong><\/h3><p>QUBYX OS Tools demokratisiert das hochwertige Farbmanagement, indem es restriktive Hardware ersetzt<br>mit ausgefeilter Softwarekalibrierung und Profilgenerierung.<\/p><p><strong>\u2022 Enterprise-Grade-Ergebnisse:<\/strong> Rivalen schlossen hardware-gesperrte \u00d6kosysteme.<br><strong>\u2022 Kosteneffiziente Skalierung:<\/strong> Erweitern Sie farbkritische Arbeitsabl\u00e4ufe ohne explodierende Kosten.<br><strong>\u2022 Universeller Einsatz:<\/strong> Arbeiten Sie in Umgebungen, in denen propriet\u00e4re Ger\u00e4te vorhanden sind<br>unpraktisch.<br><strong>\u2022 Zukunftssicher:<\/strong> Sch\u00fctzen Sie Arbeitsabl\u00e4ufe vor der Einstellung von Anbietern oder dem Produkt<br>obsoleszenz.<\/p><h3><strong>Warum dieses Werkzeug einzigartig ist<\/strong><\/h3><p><strong>\u2022 Anbieter-Lock-in brechen<\/strong><br>Reduzieren Sie die Abh\u00e4ngigkeit von propriet\u00e4ren Kalibrierungssystemen. Bauen Sie eine flexible Pipeline, die von<br>Softwareintelligenz. <br><strong>\u2022 Vereinheitlichte Ger\u00e4telinkprofile<\/strong><br>Generiere optimierte .icc-Dateien, die die Quell-zu-Ziel-Farbe in einem pr\u00e4zisen Schritt verarbeiten,<br>Minimierung des Genauigkeitsverlusts.<br><strong>\u2022 Eingebettete 3D-LUT-Leistung<\/strong><br>Backe komplexe kreative Looks, Filmemulationen oder technische Transformationen direkt in die<br>Profil.<br><strong>\u2022 Open Source und vertrauensw\u00fcrdig<\/strong><br>Unter der GNU-Lizenz. \u00dcberpr\u00fcfen, inspizieren und passen Sie den Code genau an Ihren Anforderungen an<br>Anforderungen. <\/p><h3><strong>F\u00fcr wen es ist<\/strong><\/h3><p><strong>\u2022 Hersteller von PACS und medizinischer Software<\/strong><br>DICOM-konforme Genauigkeit \u00fcber verschiedene Displays hinweg sicherzustellen, ohne auf eine einzige zu blockieren<br>Verk\u00e4ufer.<br><strong>\u2022 \u00dcbertragung &amp; Fernsehen<\/strong><br>Halte die Farbe f\u00fcr Mastering und Review \u00fcber Editor-Suiten und Client hinweg konstant<br>Monitore.<br><strong>\u2022 Foto- und Videostudios<\/strong><br>Standardisieren Sie individuelle Transformationen sowohl auf Pro- als auch auf Consumer-Displays.<br><strong>\u2022 Verteidigung, Marine und Luft- und Raumfahrt<\/strong><br>Erstelle zertifizierte Profile f\u00fcr Kontrollr\u00e4ume, Sonarstationen und Simulatoren, die darauf laufen<br>robuste Hardware.<br><strong>\u2022 Farbwissenschaftler &amp; Ingenieure<\/strong><br>Integrieren Sie pr\u00e4zise Transformationspipelines in propriet\u00e4re oder kommerzielle Anwendungen.<br><strong>\u2022 Digitale Pressebediener<\/strong><br>Konsolidieren Sie mehrstufige Screen-to-Print-Farbworkflows in einem einzigen, robusten Link.<\/p><h3><strong>Fang noch heute an<\/strong><\/h3><p>\u00dcbernimm die Kontrolle \u00fcber deinen Farbworkflow und dein Budget.<br><strong>\u2022 Den Code und die Dokumente erhalten<\/strong><br>Klone das Repository und tauche in die vollst\u00e4ndige Dokumentation ein.<br>\u2022 Git-Klon https:\/\/github.com\/QUBYX-LLC\/your-repo-name.git<br><strong>\u2022 Tutorials entdecken<\/strong><br>Besuchen Sie unser GitHub f\u00fcr Anleitungen, API-Referenzen und Beispielprofile.<br><strong>\u2022 Unternehmensunterst\u00fctzung<\/strong><br>F\u00fchren Sie missionskritische Operationen durch? QUBYX bietet kommerzielle Unterst\u00fctzung und Zertifizierungen an<br>Dienstleistungen und ma\u00dfgeschneiderte Entwicklung f\u00fcr Branchen wie Gesundheitswesen, Verteidigung und<br>Luft- und Raumfahrt. <\/p><h3><strong>Weitere Quellen<\/strong><\/h3><p><strong>\u2022 Umfassender Leitfaden zu ICC-Profilen \u2013<\/strong> Lerne die Grundlagen der modernen Farbe kennen<br>Management.<br><strong>\u2022 Tiefgehender Einblick in 3D-LUTs \u2013<\/strong> Verstehen Sie, wie LUTs sowohl kreativ als auch technisch transformieren<br>Workflows.<\/p><p>Demn\u00e4chst: GPU-beschleunigte Profilgenerierung, GUI-basierte Editoren und erweiterte Unterst\u00fctzung f\u00fcr<br>Next-Gen-Display-Technologien.<\/p>\t\t\t\t\t\t\t\t<\/div>\n\t\t\t\t<\/div>\n\t\t\t\t\t<\/div>\n\t\t<\/div>\n\t\t\t\t\t<\/div>\n\t\t<\/section>\n\t\t\t\t<section class=\"elementor-section elementor-inner-section elementor-element elementor-element-b1fd510 elementor-section-boxed elementor-section-height-default elementor-section-height-default\" data-id=\"b1fd510\" data-element_type=\"section\" data-e-type=\"section\">\n\t\t\t\t\t\t<div class=\"elementor-container elementor-column-gap-default\">\n\t\t\t\t\t<div class=\"elementor-column elementor-col-50 elementor-inner-column elementor-element elementor-element-87a601b\" data-id=\"87a601b\" data-element_type=\"column\" data-e-type=\"column\">\n\t\t\t<div class=\"elementor-widget-wrap elementor-element-populated\">\n\t\t\t\t\t\t<div class=\"elementor-element elementor-element-6c20d29 elementor-widget elementor-widget-image\" data-id=\"6c20d29\" data-element_type=\"widget\" data-e-type=\"widget\" data-widget_type=\"image.default\">\n\t\t\t\t<div class=\"elementor-widget-container\">\n\t\t\t\t\t\t\t\t\t\t\t\t\t\t\t<img fetchpriority=\"high\" decoding=\"async\" width=\"1024\" height=\"1024\" src=\"https:\/\/qubyx.com\/wp-content\/uploads\/2025\/10\/image-9-1-1024x1024.webp\" class=\"attachment-large size-large wp-image-13633\" alt=\"\" srcset=\"https:\/\/qubyx.com\/wp-content\/uploads\/2025\/10\/image-9-1-1024x1024.webp 1024w, https:\/\/qubyx.com\/wp-content\/uploads\/2025\/10\/image-9-1-300x300.webp 300w, https:\/\/qubyx.com\/wp-content\/uploads\/2025\/10\/image-9-1-150x150.webp 150w, https:\/\/qubyx.com\/wp-content\/uploads\/2025\/10\/image-9-1-768x768.webp 768w, https:\/\/qubyx.com\/wp-content\/uploads\/2025\/10\/image-9-1-600x600.webp 600w, https:\/\/qubyx.com\/wp-content\/uploads\/2025\/10\/image-9-1-100x100.webp 100w, https:\/\/qubyx.com\/wp-content\/uploads\/2025\/10\/image-9-1.webp 1536w\" sizes=\"(max-width: 1024px) 100vw, 1024px\" \/>\t\t\t\t\t\t\t\t\t\t\t\t\t\t\t<\/div>\n\t\t\t\t<\/div>\n\t\t\t\t\t<\/div>\n\t\t<\/div>\n\t\t\t\t<div class=\"elementor-column elementor-col-50 elementor-inner-column elementor-element elementor-element-cc725cd\" data-id=\"cc725cd\" data-element_type=\"column\" data-e-type=\"column\">\n\t\t\t<div class=\"elementor-widget-wrap elementor-element-populated\">\n\t\t\t\t\t\t<div class=\"elementor-element elementor-element-844f853 elementor-widget elementor-widget-image\" data-id=\"844f853\" data-element_type=\"widget\" data-e-type=\"widget\" data-widget_type=\"image.default\">\n\t\t\t\t<div class=\"elementor-widget-container\">\n\t\t\t\t\t\t\t\t\t\t\t\t\t\t\t<img decoding=\"async\" width=\"1024\" height=\"1024\" src=\"https:\/\/qubyx.com\/wp-content\/uploads\/2025\/10\/image-10-1-1024x1024.webp\" class=\"attachment-large size-large wp-image-13632\" alt=\"\" srcset=\"https:\/\/qubyx.com\/wp-content\/uploads\/2025\/10\/image-10-1-1024x1024.webp 1024w, https:\/\/qubyx.com\/wp-content\/uploads\/2025\/10\/image-10-1-300x300.webp 300w, https:\/\/qubyx.com\/wp-content\/uploads\/2025\/10\/image-10-1-150x150.webp 150w, https:\/\/qubyx.com\/wp-content\/uploads\/2025\/10\/image-10-1-768x768.webp 768w, https:\/\/qubyx.com\/wp-content\/uploads\/2025\/10\/image-10-1-600x600.webp 600w, https:\/\/qubyx.com\/wp-content\/uploads\/2025\/10\/image-10-1-100x100.webp 100w, https:\/\/qubyx.com\/wp-content\/uploads\/2025\/10\/image-10-1.webp 1536w\" sizes=\"(max-width: 1024px) 100vw, 1024px\" \/>\t\t\t\t\t\t\t\t\t\t\t\t\t\t\t<\/div>\n\t\t\t\t<\/div>\n\t\t\t\t\t<\/div>\n\t\t<\/div>\n\t\t\t\t\t<\/div>\n\t\t<\/section>\n\t\t\t\t\t<\/div>\n\t\t<\/div>\n\t\t\t\t\t<\/div>\n\t\t<\/section>\n\t\t\t\t<\/div>\n\t\t","protected":false},"excerpt":{"rendered":"<p>QUBYX OS Tools Heim QUBYX OS Tools Unabh\u00e4ngige Genauigkeit der Anzeigefarbe erreichen | QUBYX Open-Source-Tools Einleitung Seit Jahrzehnten ist das [&hellip;]<\/p>\n","protected":false},"author":1,"featured_media":0,"parent":0,"menu_order":0,"comment_status":"closed","ping_status":"closed","template":"","meta":{"_acf_changed":false,"om_disable_all_campaigns":false,"_monsterinsights_skip_tracking":false,"_monsterinsights_sitenote_active":false,"_monsterinsights_sitenote_note":"","_monsterinsights_sitenote_category":0,"_uf_show_specific_survey":0,"_uf_disable_surveys":false,"site-sidebar-layout":"no-sidebar","site-content-layout":"","ast-site-content-layout":"full-width-container","site-content-style":"default","site-sidebar-style":"default","ast-global-header-display":"","ast-banner-title-visibility":"","ast-main-header-display":"","ast-hfb-above-header-display":"","ast-hfb-below-header-display":"","ast-hfb-mobile-header-display":"","site-post-title":"","ast-breadcrumbs-content":"","ast-featured-img":"disabled","footer-sml-layout":"","ast-disable-related-posts":"","theme-transparent-header-meta":"default","adv-header-id-meta":"","stick-header-meta":"","header-above-stick-meta":"","header-main-stick-meta":"","header-below-stick-meta":"","astra-migrate-meta-layouts":"default","ast-page-background-enabled":"default","ast-page-background-meta":{"desktop":{"background-color":"var(--ast-global-color-4)","background-image":"","background-repeat":"repeat","background-position":"center center","background-size":"auto","background-attachment":"scroll","background-type":"","background-media":"","overlay-type":"","overlay-color":"","overlay-opacity":"","overlay-gradient":""},"tablet":{"background-color":"","background-image":"","background-repeat":"repeat","background-position":"center center","background-size":"auto","background-attachment":"scroll","background-type":"","background-media":"","overlay-type":"","overlay-color":"","overlay-opacity":"","overlay-gradient":""},"mobile":{"background-color":"","background-image":"","background-repeat":"repeat","background-position":"center center","background-size":"auto","background-attachment":"scroll","background-type":"","background-media":"","overlay-type":"","overlay-color":"","overlay-opacity":"","overlay-gradient":""}},"ast-content-background-meta":{"desktop":{"background-color":"var(--ast-global-color-5)","background-image":"","background-repeat":"repeat","background-position":"center center","background-size":"auto","background-attachment":"scroll","background-type":"","background-media":"","overlay-type":"","overlay-color":"","overlay-opacity":"","overlay-gradient":""},"tablet":{"background-color":"var(--ast-global-color-5)","background-image":"","background-repeat":"repeat","background-position":"center center","background-size":"auto","background-attachment":"scroll","background-type":"","background-media":"","overlay-type":"","overlay-color":"","overlay-opacity":"","overlay-gradient":""},"mobile":{"background-color":"var(--ast-global-color-5)","background-image":"","background-repeat":"repeat","background-position":"center center","background-size":"auto","background-attachment":"scroll","background-type":"","background-media":"","overlay-type":"","overlay-color":"","overlay-opacity":"","overlay-gradient":""}},"footnotes":""},"class_list":["post-13631","page","type-page","status-publish","hentry"],"acf":[],"_links":{"self":[{"href":"https:\/\/qubyx.com\/de\/wp-json\/wp\/v2\/pages\/13631","targetHints":{"allow":["GET"]}}],"collection":[{"href":"https:\/\/qubyx.com\/de\/wp-json\/wp\/v2\/pages"}],"about":[{"href":"https:\/\/qubyx.com\/de\/wp-json\/wp\/v2\/types\/page"}],"author":[{"embeddable":true,"href":"https:\/\/qubyx.com\/de\/wp-json\/wp\/v2\/users\/1"}],"replies":[{"embeddable":true,"href":"https:\/\/qubyx.com\/de\/wp-json\/wp\/v2\/comments?post=13631"}],"version-history":[{"count":1,"href":"https:\/\/qubyx.com\/de\/wp-json\/wp\/v2\/pages\/13631\/revisions"}],"predecessor-version":[{"id":13634,"href":"https:\/\/qubyx.com\/de\/wp-json\/wp\/v2\/pages\/13631\/revisions\/13634"}],"wp:attachment":[{"href":"https:\/\/qubyx.com\/de\/wp-json\/wp\/v2\/media?parent=13631"}],"curies":[{"name":"wp","href":"https:\/\/api.w.org\/{rel}","templated":true}]}}