{"id":13075,"date":"2025-09-23T08:59:04","date_gmt":"2025-09-23T08:59:04","guid":{"rendered":"https:\/\/qubyx.com\/unabhaengige-genauigkeit-der-anzeigefarbe-erreichen-qubyx-os-tools\/"},"modified":"2025-09-23T08:59:04","modified_gmt":"2025-09-23T08:59:04","slug":"unabhaengige-genauigkeit-der-anzeigefarbe-erreichen-qubyx-os-tools","status":"publish","type":"page","link":"https:\/\/qubyx.com\/de\/unabhaengige-genauigkeit-der-anzeigefarbe-erreichen-qubyx-os-tools\/","title":{"rendered":"Unabh\u00e4ngige Genauigkeit der Anzeigefarbe erreichen | QUBYX OS Tools"},"content":{"rendered":"<h2 style=\"text-align: center;\">Unabh\u00e4ngige Genauigkeit der Anzeigefarbe erreichen | QUBYX OS Tools<\/h2>\n<p>&nbsp;<\/p>\n<p>Seit Jahrzehnten wird professionelles Farbmanagement durch teure, propriet\u00e4re Hardware und geschlossene Software\u00f6kosysteme begrenzt. Diese Einschr\u00e4nkungen schaffen hohe Markteintrittsbarrieren und binden Branchen an kostspielige, starre Anbieterabh\u00e4ngigkeiten. <g id=\"gid_0\">QUBYX OS Tools<\/g> durchbricht diesen Kreislauf. Unser Open-Source-Framework gibt Ihnen die vollst\u00e4ndige Kontrolle \u00fcber Ihre Farbpipeline \u2013 auf praktisch jedem Display, mit voller Transparenz und Skalierbarkeit.  <\/p>\n<p>Damit k\u00f6nnen Sie:<\/p>\n<ul>\n<li>Generiere fortschrittliche <strong>Device Link ICC-Profile<\/strong> mit eingebetteten <strong>3D-LUTs<\/strong>.<\/li>\n<li>Kombinieren Sie Farbumwandlungen von Quelle zu Ziel zu einer einzigen, optimierten Datei.<\/li>\n<li>Erzielen Sie nahtlose, pr\u00e4zise und wiederholbare Ergebnisse \u2013 zu Ihren eigenen Bedingungen, zu einem Bruchteil der Kosten.<\/li>\n<\/ul>\n<p>&nbsp;<\/p>\n<h3><strong>Unabh\u00e4ngigkeit gewinnen, Qualit\u00e4t erhalten<\/strong><\/h3>\n<p>QUBYX OS Tools demokratisiert High-End-Farbmanagement, indem es restriktive Hardware durch ausgekl\u00fcgelte Softwarekalibrierung und Profilgenerierung ersetzt.<\/p>\n<ul>\n<li><strong>Ergebnisse auf Unternehmensniveau:<\/strong> Rivalen schlossen hardware-gesperrte \u00d6kosysteme.<\/li>\n<li><strong>Kosteneffiziente Skalierung:<\/strong> Erweitern Sie farbkritische Arbeitsabl\u00e4ufe ohne explodierende Kosten.<\/li>\n<li><strong>Universelle Bereitstellung:<\/strong> Arbeiten Sie in Umgebungen, in denen propriet\u00e4re Ger\u00e4te unpraktisch sind.<\/li>\n<li><strong>Zukunftssicher:<\/strong> Sicheren Sie Arbeitsabl\u00e4ufe vor der Einstellung von Anbietern oder Produktveraltung.<\/li>\n<\/ul>\n<p>&nbsp;<\/p>\n<h3><strong>Warum dieses Tool einzigartig ist | QUBYX OS Tools<\/strong><\/h3>\n<ul>\n<li><strong>Anbieter-Lock-in<\/strong><br \/>\n brechenReduzieren Sie die Abh\u00e4ngigkeit von propriet\u00e4ren Kalibrierungssystemen. Bauen Sie eine flexible Pipeline auf, die von Software-Intelligenz angetrieben wird. <\/li>\n<li><strong>Vereinheitlichte Ger\u00e4telinkprofile<\/strong><br \/>\nErzeugen Sie optimierte .icc-Dateien, die die Quelle-zu-Ziel-Farbe in einem pr\u00e4zisen Schritt verarbeiten und so den Genauigkeitsverlust minimieren.<\/li>\n<li><strong>Eingebettete 3D-LUT-Stromversorgung<\/strong><br \/>\nEntwickeln Sie komplexe kreative Looks, Filmimitationen oder technische Transformationen direkt in das Profil.<\/li>\n<li><strong>Open Source und vertrauensw\u00fcrdig<\/strong><br \/>\nUnter der MIT-Lizenz. \u00dcberpr\u00fcfen, inspizieren und passen Sie den Code genau an Ihre Anforderungen an. <\/li>\n<li><strong>GNU-Lizenz<\/strong><\/li>\n<\/ul>\n<p>Die <a href=\"https:\/\/www.gnu.org\/licenses\/gpl-3.0.en.html\" target=\"_blank\" rel=\"noopener\">GNU-Lizenz<\/a> bezieht sich auf die Familie weit verbreiteter freier Softwarelizenzen, insbesondere die GNU General Public License (GPL) und die GNU Lesser General Public License (LGPL), die den Nutzern die Freiheit geben, Software auszuf\u00fchren, zu erforschen, zu teilen und zu modifizieren.<\/p>\n<p>&nbsp;<\/p>\n<h3><strong>F\u00fcr wen es ist | QUBYX OS Tools<\/strong><\/h3>\n<ul>\n<li><strong>Hersteller von PACS und medizinischer Software<\/strong><br \/>\nStellen Sie eine DICOM-konforme Genauigkeit \u00fcber verschiedene Displays hinweg sicher, ohne sich auf einen einzigen Anbieter zu binden.<\/li>\n<li><strong>Rundfunk &amp; Fernsehen<\/strong><br \/>\nHalten Sie f\u00fcr das Mastering und die \u00dcberpr\u00fcfung \u00fcber Editor-Suiten und Client-Monitore hinweg eine einheitliche Farbe.<\/li>\n<li><strong>Foto- und Videostudios<\/strong><br \/>\nStandardisieren Sie individuelle Transformationen sowohl auf Pro- als auch auf Consumer-Displays.<\/li>\n<li><strong>Verteidigung, Marine und Luft- und Raumfahrt<\/strong><br \/>\nErstellen Sie zertifizierte Profile f\u00fcr Kontrollr\u00e4ume, Sonarstationen und Simulatoren, die auf robuster Hardware laufen.<\/li>\n<li><strong>Farbwissenschaftler &amp; Ingenieure<\/strong><br \/>\nIntegrieren Sie pr\u00e4zise Transformationspipelines in propriet\u00e4re oder kommerzielle Anwendungen.<\/li>\n<li><strong>Digitale Pressebetreiber<\/strong><br \/>\nKonsolidieren Sie mehrstufige Screen-to-Print-Farbworkflows in einem einzigen, robusten Link.<\/li>\n<\/ul>\n<p>&nbsp;<\/p>\n<h3><strong>Fang noch heute an<\/strong><\/h3>\n<p>Treten Sie einer wachsenden Gemeinschaft von Fachleuten bei, die die Kontrolle \u00fcber ihren Farbworkflow und ihr Budget \u00fcbernehmen.<\/p>\n<ol>\n<li>Holen Sie sich Code &amp; Docs, klonen Sie das Repository und pr\u00fcfen Sie umfassende Dokumentationen unter der GNU-Lizenz.<\/li>\n<\/ol>\n<p>Git-Klon-https:\/\/github.com\/QUBYX-LLC\/your-repo-name.git <a href=\"https:\/\/github.com\/QUBYX-LLC\/your-repo-name.git\" target=\"_blank\" rel=\"noopener\"><\/a><\/p>\n<ul>\n<li><strong>Tutorials<\/strong><br \/>\n entdeckenBesuchen Sie unser GitHub f\u00fcr Anleitungen, API-Referenzen und Beispielprofile.<\/li>\n<li><strong>Unternehmensunterst\u00fctzung<\/strong><br \/>\nF\u00fchren Sie missionskritische Operationen durch? QUBYX bietet kommerzielle Unterst\u00fctzung, Zertifizierungsdienstleistungen und ma\u00dfgeschneiderte Entwicklung f\u00fcr Branchen wie Gesundheitswesen, Verteidigung und Luft- und Raumfahrt. <\/li>\n<\/ul>\n<p>&nbsp;<\/p>\n<p><strong>Weitere Quellen<\/strong><\/p>\n<ul>\n<li><strong>Umfassender Leitfaden zu ICC-Profilen<\/strong> \u2013 Lerne die Grundlagen des modernen Farbmanagements.<\/li>\n<li><strong>Tiefer Einblick in 3D-LUTs<\/strong> \u2013 Verstehen Sie, wie LUTs sowohl kreative als auch technische Arbeitsabl\u00e4ufe transformieren.<\/li>\n<\/ul>\n<p>&nbsp;<\/p>\n<p>Bleiben Sie dran f\u00fcr GPU-beschleunigte Profilgenerierung, GUI-Verbesserungen und erweiterte Unterst\u00fctzung f\u00fcr neue Display-Technologien.<\/p>\n<p>&nbsp;<\/p>\n<p><a href=\"https:\/\/qubyx.com\/de\/\">qubyx.com<\/a> \u2013 Den Standard in der Bildgebung setzen.<\/p>\n<p>&nbsp;<\/p>\n<p>&nbsp;<\/p>\n","protected":false},"excerpt":{"rendered":"<p>Unabh\u00e4ngige Genauigkeit der Anzeigefarbe erreichen | QUBYX OS Tools &nbsp; Seit Jahrzehnten wird professionelles Farbmanagement durch teure, propriet\u00e4re Hardware und [&hellip;]<\/p>\n","protected":false},"author":770,"featured_media":12282,"parent":0,"menu_order":0,"comment_status":"closed","ping_status":"closed","template":"","meta":{"_acf_changed":false,"om_disable_all_campaigns":false,"_monsterinsights_skip_tracking":false,"_monsterinsights_sitenote_active":false,"_monsterinsights_sitenote_note":"","_monsterinsights_sitenote_category":0,"_uf_show_specific_survey":0,"_uf_disable_surveys":false,"site-sidebar-layout":"default","site-content-layout":"","ast-site-content-layout":"default","site-content-style":"default","site-sidebar-style":"default","ast-global-header-display":"","ast-banner-title-visibility":"","ast-main-header-display":"","ast-hfb-above-header-display":"","ast-hfb-below-header-display":"","ast-hfb-mobile-header-display":"","site-post-title":"","ast-breadcrumbs-content":"","ast-featured-img":"","footer-sml-layout":"","ast-disable-related-posts":"","theme-transparent-header-meta":"default","adv-header-id-meta":"","stick-header-meta":"","header-above-stick-meta":"","header-main-stick-meta":"","header-below-stick-meta":"","astra-migrate-meta-layouts":"default","ast-page-background-enabled":"default","ast-page-background-meta":{"desktop":{"background-color":"var(--ast-global-color-4)","background-image":"","background-repeat":"repeat","background-position":"center center","background-size":"auto","background-attachment":"scroll","background-type":"","background-media":"","overlay-type":"","overlay-color":"","overlay-opacity":"","overlay-gradient":""},"tablet":{"background-color":"","background-image":"","background-repeat":"repeat","background-position":"center center","background-size":"auto","background-attachment":"scroll","background-type":"","background-media":"","overlay-type":"","overlay-color":"","overlay-opacity":"","overlay-gradient":""},"mobile":{"background-color":"","background-image":"","background-repeat":"repeat","background-position":"center center","background-size":"auto","background-attachment":"scroll","background-type":"","background-media":"","overlay-type":"","overlay-color":"","overlay-opacity":"","overlay-gradient":""}},"ast-content-background-meta":{"desktop":{"background-color":"var(--ast-global-color-5)","background-image":"","background-repeat":"repeat","background-position":"center center","background-size":"auto","background-attachment":"scroll","background-type":"","background-media":"","overlay-type":"","overlay-color":"","overlay-opacity":"","overlay-gradient":""},"tablet":{"background-color":"var(--ast-global-color-5)","background-image":"","background-repeat":"repeat","background-position":"center center","background-size":"auto","background-attachment":"scroll","background-type":"","background-media":"","overlay-type":"","overlay-color":"","overlay-opacity":"","overlay-gradient":""},"mobile":{"background-color":"var(--ast-global-color-5)","background-image":"","background-repeat":"repeat","background-position":"center center","background-size":"auto","background-attachment":"scroll","background-type":"","background-media":"","overlay-type":"","overlay-color":"","overlay-opacity":"","overlay-gradient":""}},"footnotes":""},"class_list":["post-13075","page","type-page","status-publish","has-post-thumbnail","hentry"],"acf":[],"_links":{"self":[{"href":"https:\/\/qubyx.com\/de\/wp-json\/wp\/v2\/pages\/13075","targetHints":{"allow":["GET"]}}],"collection":[{"href":"https:\/\/qubyx.com\/de\/wp-json\/wp\/v2\/pages"}],"about":[{"href":"https:\/\/qubyx.com\/de\/wp-json\/wp\/v2\/types\/page"}],"author":[{"embeddable":true,"href":"https:\/\/qubyx.com\/de\/wp-json\/wp\/v2\/users\/770"}],"replies":[{"embeddable":true,"href":"https:\/\/qubyx.com\/de\/wp-json\/wp\/v2\/comments?post=13075"}],"version-history":[{"count":0,"href":"https:\/\/qubyx.com\/de\/wp-json\/wp\/v2\/pages\/13075\/revisions"}],"wp:featuredmedia":[{"embeddable":true,"href":"https:\/\/qubyx.com\/de\/wp-json\/wp\/v2\/media\/12282"}],"wp:attachment":[{"href":"https:\/\/qubyx.com\/de\/wp-json\/wp\/v2\/media?parent=13075"}],"curies":[{"name":"wp","href":"https:\/\/api.w.org\/{rel}","templated":true}]}}