{"id":12978,"date":"2025-06-16T06:30:56","date_gmt":"2025-06-16T06:30:56","guid":{"rendered":"https:\/\/qubyx.com\/mqsa-und-perfectlum\/"},"modified":"2025-12-15T18:55:30","modified_gmt":"2025-12-15T18:55:30","slug":"mqsa-und-perfectlum","status":"publish","type":"page","link":"https:\/\/qubyx.com\/de\/mqsa-und-perfectlum\/","title":{"rendered":"MQSA und PerfectLum"},"content":{"rendered":"\t\t<div data-elementor-type=\"wp-page\" data-elementor-id=\"12978\" class=\"elementor elementor-12978 elementor-10439\" data-elementor-post-type=\"page\">\n\t\t\t\t\t\t<section class=\"elementor-section elementor-top-section elementor-element elementor-element-52cd3b0b elementor-section-height-min-height elementor-section-boxed elementor-section-height-default elementor-section-items-middle\" data-id=\"52cd3b0b\" data-element_type=\"section\" data-e-type=\"section\" data-settings=\"{&quot;background_background&quot;:&quot;classic&quot;}\">\n\t\t\t\t\t\t<div class=\"elementor-container elementor-column-gap-no\">\n\t\t\t\t\t<div class=\"elementor-column elementor-col-100 elementor-top-column elementor-element elementor-element-50455ae9\" data-id=\"50455ae9\" data-element_type=\"column\" data-e-type=\"column\">\n\t\t\t<div class=\"elementor-widget-wrap elementor-element-populated\">\n\t\t\t\t\t\t<section class=\"elementor-section elementor-inner-section elementor-element elementor-element-704d2550 elementor-section-boxed elementor-section-height-default elementor-section-height-default\" data-id=\"704d2550\" data-element_type=\"section\" data-e-type=\"section\">\n\t\t\t\t\t\t<div class=\"elementor-container elementor-column-gap-default\">\n\t\t\t\t\t<div class=\"elementor-column elementor-col-100 elementor-inner-column elementor-element elementor-element-6c1df36e\" data-id=\"6c1df36e\" data-element_type=\"column\" data-e-type=\"column\">\n\t\t\t<div class=\"elementor-widget-wrap elementor-element-populated\">\n\t\t\t\t\t\t<div class=\"elementor-element elementor-element-3533121b elementor-icon-list--layout-inline elementor-list-item-link-full_width elementor-widget elementor-widget-icon-list\" data-id=\"3533121b\" data-element_type=\"widget\" data-e-type=\"widget\" data-widget_type=\"icon-list.default\">\n\t\t\t\t<div class=\"elementor-widget-container\">\n\t\t\t\t\t\t\t<ul class=\"elementor-icon-list-items elementor-inline-items\">\n\t\t\t\t\t\t\t<li class=\"elementor-icon-list-item elementor-inline-item\">\n\t\t\t\t\t\t\t\t\t\t\t<a href=\"https:\/\/qubyx.com\/de\/\">\n\n\t\t\t\t\t\t\t\t\t\t\t<span class=\"elementor-icon-list-text\">Heim<\/span>\n\t\t\t\t\t\t\t\t\t\t\t<\/a>\n\t\t\t\t\t\t\t\t\t<\/li>\n\t\t\t\t\t\t\t\t<li class=\"elementor-icon-list-item elementor-inline-item\">\n\t\t\t\t\t\t\t\t\t\t\t<span class=\"elementor-icon-list-icon\">\n\t\t\t\t\t\t\t<svg xmlns=\"http:\/\/www.w3.org\/2000\/svg\" width=\"24\" height=\"25\" viewBox=\"0 0 24 25\" fill=\"none\"><path d=\"M16.0002 12.5001C16.0009 12.6317 15.9757 12.7621 15.926 12.884C15.8762 13.0058 15.8029 13.1166 15.7102 13.2101L9.71019 19.2101C9.52188 19.3984 9.26649 19.5042 9.00019 19.5042C8.73388 19.5042 8.47849 19.3984 8.29019 19.2101C8.10188 19.0218 7.99609 18.7664 7.99609 18.5001C7.99609 18.2338 8.10188 17.9784 8.29019 17.7901L13.5902 12.5001L8.30019 7.21006C8.13636 7.01876 8.05075 6.77268 8.06047 6.52101C8.07019 6.26933 8.17453 6.03059 8.35262 5.8525C8.53072 5.6744 8.76946 5.57007 9.02113 5.56035C9.27281 5.55063 9.51888 5.63623 9.71018 5.80006L15.7102 11.8001C15.8949 11.9863 15.9991 12.2377 16.0002 12.5001Z\" fill=\"white\"><\/path><\/svg>\t\t\t\t\t\t<\/span>\n\t\t\t\t\t\t\t\t\t\t<span class=\"elementor-icon-list-text\"><\/span>\n\t\t\t\t\t\t\t\t\t<\/li>\n\t\t\t\t\t\t<\/ul>\n\t\t\t\t\t\t<\/div>\n\t\t\t\t<\/div>\n\t\t\t\t\t<\/div>\n\t\t<\/div>\n\t\t\t\t\t<\/div>\n\t\t<\/section>\n\t\t\t\t\t<\/div>\n\t\t<\/div>\n\t\t\t\t\t<\/div>\n\t\t<\/section>\n\t\t\t\t<section class=\"elementor-section elementor-top-section elementor-element elementor-element-ef77ff3 elementor-section-boxed elementor-section-height-default elementor-section-height-default\" data-id=\"ef77ff3\" data-element_type=\"section\" data-e-type=\"section\">\n\t\t\t\t\t\t<div class=\"elementor-container elementor-column-gap-default\">\n\t\t\t\t\t<div class=\"elementor-column elementor-col-100 elementor-top-column elementor-element elementor-element-8819a89\" data-id=\"8819a89\" data-element_type=\"column\" data-e-type=\"column\">\n\t\t\t<div class=\"elementor-widget-wrap elementor-element-populated\">\n\t\t\t\t\t\t<div class=\"elementor-element elementor-element-df2a8c9 elementor-widget elementor-widget-text-editor\" data-id=\"df2a8c9\" data-element_type=\"widget\" data-e-type=\"widget\" data-widget_type=\"text-editor.default\">\n\t\t\t\t<div class=\"elementor-widget-container\">\n\t\t\t\t\t\t\t\t\t<p><span style=\"font-weight: 400;\">Stellen Sie mit unserem Leitfaden zu MQSA und PerfectLum sicher, dass Ihre Mammographie-Displays den bundesstaatlichen Standards entsprechen. Hier erkl\u00e4ren wir, was MQSA bedeutet, warum es f\u00fcr Ihre Displays wichtig ist und wie Sie PerfectLum nutzen, um diese Standards zu erf\u00fcllen. <\/span><\/p>\t\t\t\t\t\t\t\t<\/div>\n\t\t\t\t<\/div>\n\t\t\t\t<div class=\"elementor-element elementor-element-ffc1c7d elementor-widget elementor-widget-heading\" data-id=\"ffc1c7d\" data-element_type=\"widget\" data-e-type=\"widget\" data-widget_type=\"heading.default\">\n\t\t\t\t<div class=\"elementor-widget-container\">\n\t\t\t\t\t<h6 class=\"elementor-heading-title elementor-size-default\">Was ist MQSA?<\/h6>\t\t\t\t<\/div>\n\t\t\t\t<\/div>\n\t\t\t\t<div class=\"elementor-element elementor-element-3a7128c elementor-widget elementor-widget-text-editor\" data-id=\"3a7128c\" data-element_type=\"widget\" data-e-type=\"widget\" data-widget_type=\"text-editor.default\">\n\t\t\t\t<div class=\"elementor-widget-container\">\n\t\t\t\t\t\t\t\t\t<p><span style=\"font-weight: 400;\">Das Gesetz \u00fcber <\/span><b>Mammographie-Qualit\u00e4tsstandards (MQSA)<\/b><span style=\"font-weight: 400;\"> ist ein Bundesgesetz, das 1992 erlassen wurde. Ihr Zweck ist es, sicherzustellen, dass jede Frau in den Vereinigten Staaten Zugang zu hochwertigen Mammographie-Diensten f\u00fcr die fr\u00fchzeitige Brustkrebserkennung hat. Um dies zu erreichen, gilt MQSA:<\/span><\/p><ul><li style=\"font-weight: 400;\" aria-level=\"1\"><b>Setzt Standards:<\/b><span style=\"font-weight: 400;\"> Legt nationale Kriterien f\u00fcr Akkreditierung, Zertifizierung und Inspektion von Mammographie-Einrichtungen fest.<\/span><\/li><li style=\"font-weight: 400;\" aria-level=\"1\"><b>Gew\u00e4hrleistet Qualit\u00e4t:<\/b><span style=\"font-weight: 400;\"> Verpflichtet Einrichtungen, Ger\u00e4te zu verwenden, die strengen Qualit\u00e4tsstandards entsprechen.<\/span><\/li><li style=\"font-weight: 400;\" aria-level=\"1\"><b>Reguliert das Personal:<\/b><span style=\"font-weight: 400;\"> Verlangt, dass Technologen und Dolmetscher \u00fcber die entsprechende Ausbildung und Qualifikationen verf\u00fcgen.<\/span><\/li><li style=\"font-weight: 400;\" aria-level=\"1\"><b>Verpflichtet Inspektionen:<\/b><span style=\"font-weight: 400;\"> Fordert regelm\u00e4\u00dfige Inspektionen, um die Einhaltung sicherzustellen.<\/span><\/li><\/ul><p><span style=\"font-weight: 400;\">Wichtige Anforderungen f\u00fcr Einrichtungen sind:<\/span><\/p><ul><li style=\"font-weight: 400;\" aria-level=\"1\"><b>Akkreditierung:<\/b><span style=\"font-weight: 400;\"> Die Einrichtungen m\u00fcssen von einer von der FDA zugelassenen Stelle akkreditiert sein.<\/span><\/li><li style=\"font-weight: 400;\" aria-level=\"1\"><b>Zertifizierung:<\/b><span style=\"font-weight: 400;\"> Einrichtungen ben\u00f6tigen eine Zertifizierung durch die FDA oder eine staatliche Beh\u00f6rde, die in ihrem Namen handelt.<\/span><\/li><li style=\"font-weight: 400;\" aria-level=\"1\"><b>Regelm\u00e4\u00dfige Inspektionen:<\/b><span style=\"font-weight: 400;\"> J\u00e4hrliche Inspektionen best\u00e4tigen die fortlaufende Einhaltung der MQSA-Standards.<\/span><\/li><li style=\"font-weight: 400;\" aria-level=\"1\"><b>Qualifiziertes Personal und aktuelle Ausr\u00fcstung:<\/b><span style=\"font-weight: 400;\"> Alle Mitarbeiter und Ausr\u00fcstungen m\u00fcssen die definierten Qualit\u00e4tsstandards erf\u00fcllen.<\/span><\/li><\/ul><p><span style=\"font-weight: 400;\">F\u00fcr die Akkreditierung arbeiten Einrichtungen h\u00e4ufig mit vertrauensw\u00fcrdigen Organisationen wie dem <\/span><b>American College of Radiology (ACR)<\/b> <span style=\"font-weight: 400;\">zusammen.<\/span><\/p><p><i><span style=\"font-weight: 400;\">ACR Kontaktinformationen:<\/span><\/i> <b>The American College of Radiology<\/b><span style=\"font-weight: 400;\"> 1891 Preston White Dr. Reston, VA 20191 1-800-227-6440<\/span><\/p>\t\t\t\t\t\t\t\t<\/div>\n\t\t\t\t<\/div>\n\t\t\t\t<div class=\"elementor-element elementor-element-34e97e2 elementor-widget elementor-widget-image\" data-id=\"34e97e2\" data-element_type=\"widget\" data-e-type=\"widget\" data-widget_type=\"image.default\">\n\t\t\t\t<div class=\"elementor-widget-container\">\n\t\t\t\t\t\t\t\t\t\t\t\t\t\t\t<img fetchpriority=\"high\" decoding=\"async\" width=\"1066\" height=\"846\" src=\"https:\/\/qubyx.com\/wp-content\/uploads\/2025\/06\/Bildschirmfoto-2025-06-15-um-13.59.22.png\" class=\"attachment-full size-full wp-image-12980\" alt=\"\" srcset=\"https:\/\/qubyx.com\/wp-content\/uploads\/2025\/06\/Bildschirmfoto-2025-06-15-um-13.59.22.png 1066w, https:\/\/qubyx.com\/wp-content\/uploads\/2025\/06\/Bildschirmfoto-2025-06-15-um-13.59.22-300x238.png 300w, https:\/\/qubyx.com\/wp-content\/uploads\/2025\/06\/Bildschirmfoto-2025-06-15-um-13.59.22-1024x813.png 1024w, https:\/\/qubyx.com\/wp-content\/uploads\/2025\/06\/Bildschirmfoto-2025-06-15-um-13.59.22-768x610.png 768w, https:\/\/qubyx.com\/wp-content\/uploads\/2025\/06\/Bildschirmfoto-2025-06-15-um-13.59.22-600x476.png 600w\" sizes=\"(max-width: 1066px) 100vw, 1066px\" \/>\t\t\t\t\t\t\t\t\t\t\t\t\t\t\t<\/div>\n\t\t\t\t<\/div>\n\t\t\t\t<div class=\"elementor-element elementor-element-90616a0 elementor-widget elementor-widget-heading\" data-id=\"90616a0\" data-element_type=\"widget\" data-e-type=\"widget\" data-widget_type=\"heading.default\">\n\t\t\t\t<div class=\"elementor-widget-container\">\n\t\t\t\t\t<h6 class=\"elementor-heading-title elementor-size-default\">Was bedeutet MQSA f\u00fcr Ihre Displays?<\/h6>\t\t\t\t<\/div>\n\t\t\t\t<\/div>\n\t\t\t\t<div class=\"elementor-element elementor-element-50b8e59 elementor-widget elementor-widget-text-editor\" data-id=\"50b8e59\" data-element_type=\"widget\" data-e-type=\"widget\" data-widget_type=\"text-editor.default\">\n\t\t\t\t<div class=\"elementor-widget-container\">\n\t\t\t\t\t\t\t\t\t<p><span style=\"font-weight: 400;\">Nach den MQSA-Richtlinien sind Mammographie-Displays wesentliche Bestandteile der genauen Bewertung von Mammographien. Diese Standards bedeuten: <\/span><\/p><ul><li style=\"font-weight: 400;\" aria-level=\"1\"><b>Qualit\u00e4tssicherung (QA):<\/b><span style=\"font-weight: 400;\"> Displays ben\u00f6tigen regelm\u00e4\u00dfige QA-Tests, um eine konsistente und zuverl\u00e4ssige Bildqualit\u00e4t zu gew\u00e4hrleisten.<\/span><\/li><li style=\"font-weight: 400;\" aria-level=\"1\"><b>Herstellerausrichtung:<\/b><span style=\"font-weight: 400;\"> Die Testprotokolle sollten entweder den empfohlenen Standards der Mammographieeinheit oder den genehmigten alternativen Richtlinien folgen.<\/span><\/li><\/ul><p><b>Umfassende Dokumentation:<\/b><span style=\"font-weight: 400;\"> Detaillierte Aufzeichnungen der Testdaten und etwaige Korrekturma\u00dfnahmen sind f\u00fcr j\u00e4hrliche MQSA-Inspektionen erforderlich.<\/span><\/p>\t\t\t\t\t\t\t\t<\/div>\n\t\t\t\t<\/div>\n\t\t\t\t<div class=\"elementor-element elementor-element-e1d2c34 elementor-widget elementor-widget-heading\" data-id=\"e1d2c34\" data-element_type=\"widget\" data-e-type=\"widget\" data-widget_type=\"heading.default\">\n\t\t\t\t<div class=\"elementor-widget-container\">\n\t\t\t\t\t<h6 class=\"elementor-heading-title elementor-size-default\">MQSA mit PerfectLum<\/h6>\t\t\t\t<\/div>\n\t\t\t\t<\/div>\n\t\t\t\t<div class=\"elementor-element elementor-element-828fbd9 elementor-widget elementor-widget-text-editor\" data-id=\"828fbd9\" data-element_type=\"widget\" data-e-type=\"widget\" data-widget_type=\"text-editor.default\">\n\t\t\t\t<div class=\"elementor-widget-container\">\n\t\t\t\t\t\t\t\t\t<p><span style=\"font-weight: 400;\">PerfectLum ist darauf ausgelegt, Ihren Display-QA-Prozess zu vereinfachen und die Einhaltung der Vorschriften zu optimieren. So l\u00e4uft das: <\/span><\/p><h3><b>1. Durchf\u00fchrung des QA-Tests<\/b><\/h3><p><span style=\"font-weight: 400;\">Verwenden Sie den integrierten ACR-Qualit\u00e4tssicherungstest, der in PerfectLum verf\u00fcgbar ist:<\/span><\/p><ol><li style=\"font-weight: 400;\" aria-level=\"1\"><b>Aufbau:<\/b><ul><li style=\"font-weight: 400;\" aria-level=\"2\"><span style=\"font-weight: 400;\">Schlie\u00dfen Sie ein Kolorimeter (wie das PerfectLum S1) an Ihr Display an.<\/span><\/li><\/ul><\/li><li style=\"font-weight: 400;\" aria-level=\"1\"><b>PerfectLum starten:<\/b><ul><li style=\"font-weight: 400;\" aria-level=\"2\"><span style=\"font-weight: 400;\">\u00d6ffnen Sie die PerfectLum-Anwendung.<\/span><\/li><\/ul><\/li><li style=\"font-weight: 400;\" aria-level=\"1\"><b>Zugang zum QA-Bereich:<\/b><ul><li style=\"font-weight: 400;\" aria-level=\"2\"><span style=\"font-weight: 400;\">Navigieren Sie zum <\/span> Abschnitt zur <b>TPA-Qualit\u00e4tssicherung<\/b><span style=\"font-weight: 400;\">.<\/span><\/li><\/ul><\/li><li style=\"font-weight: 400;\" aria-level=\"1\"><b>Testparameter ausw\u00e4hlen:<\/b><ul><li style=\"font-weight: 400;\" aria-level=\"2\"><span style=\"font-weight: 400;\">W\u00e4hlen Sie <\/span><b>ACR<\/b><span style=\"font-weight: 400;\"> als Testmethode und <\/span><b>Mammographie<\/b><span style=\"font-weight: 400;\"> als Kategorie.<\/span><\/li><\/ul><\/li><li style=\"font-weight: 400;\" aria-level=\"1\"><b>F\u00fchren Sie den Test durch:<\/b><ul><li style=\"font-weight: 400;\" aria-level=\"2\"><span style=\"font-weight: 400;\">Klicken Sie auf &#8222;Akzeptanztest durchf\u00fchren&#8220; und folgen Sie dem gef\u00fchrten Assistenten.<\/span><\/li><\/ul><\/li><\/ol><h3><b>2. Datensynchronisation und -berichterstattung<\/b><\/h3><p><span style=\"font-weight: 400;\">PerfectLum ist vollst\u00e4ndig mit dem PerfectLum QA-Server integriert. Wenn sie verbunden sind, werden alle QA-Testdaten automatisch mit dem Server synchronisiert, was ein zentrales, sicheres Repository f\u00fcr alle Ihre Testergebnisse gew\u00e4hrleistet. Diese nahtlose Integration macht es einfach:  <\/span><\/p><ul><li style=\"font-weight: 400;\" aria-level=\"1\"><b>Zugreifen Sie auf Consolidated Data:<\/b><span style=\"font-weight: 400;\"> Bewahren Sie alle Ihre Testdaten an einem Ort auf.<\/span><\/li><li style=\"font-weight: 400;\" aria-level=\"1\"><b>Exportberichte: Exportieren<\/b><span style=\"font-weight: 400;\"> Sie m\u00fchelos vollst\u00e4ndige Berichte vom QA-Server, was den Prozess der Erstellung der Dokumentation f\u00fcr Ihre j\u00e4hrliche MQSA-Inspektion vereinfacht.<\/span><\/li><\/ul><h3><b>3. Vorbereitung auf die j\u00e4hrliche MQSA-Inspektion<\/b><\/h3><p><span style=\"font-weight: 400;\">Zus\u00e4tzlich zu regelm\u00e4\u00dfigen QA-Tests und der Synchronisierung der Daten sollten Sie sicherstellen, dass Sie folgende Informationen zusammenstellen:<\/span><\/p><ul><li style=\"font-weight: 400;\" aria-level=\"1\"><b>QC-Testdaten:<\/b><ul><li style=\"font-weight: 400;\" aria-level=\"2\"><span style=\"font-weight: 400;\">Vollst\u00e4ndige Testdaten, wie sie im QC-Handbuch Ihres Mammographie-Ger\u00e4ts oder im ACR DM QC Manual angegeben sind, wenn Sie den alternativen Standard verwenden.<\/span><\/li><\/ul><\/li><li style=\"font-weight: 400;\" aria-level=\"1\"><b>Aufzeichnungen \u00fcber externe Ger\u00e4te:<\/b><ul><li style=\"font-weight: 400;\" aria-level=\"2\"><span style=\"font-weight: 400;\">QC-Testdaten f\u00fcr alle Anzeigeger\u00e4te oder -ger\u00e4te, die sich au\u00dferhalb des Standorts befinden.<\/span><\/li><\/ul><\/li><li style=\"font-weight: 400;\" aria-level=\"1\"><b>Dokumentation der Korrekturma\u00dfnahmen:<\/b><ul><li style=\"font-weight: 400;\" aria-level=\"2\"><span style=\"font-weight: 400;\">Detaillierte Aufzeichnungen aller nach QA-Tests umgesetzten Korrekturma\u00dfnahmen.<\/span><\/li><\/ul><\/li><\/ul><h3><b>4. Warum den ACR-Test w\u00e4hlen?<\/b><\/h3><p><span style=\"font-weight: 400;\">Die Verwendung des ACR Digital Mammography Quality Control Manual f\u00fcr Full-Field Digital Mammography Systems (und dessen Erg\u00e4nzung f\u00fcr Digital Breast Tomosynthesis Mammography Systems) bietet eine bew\u00e4hrte Alternative. Von der FDA als Alternative Standard #2423 zugelassen, bietet diese Methode: <\/span><\/p><ul><li style=\"font-weight: 400;\" aria-level=\"1\"><b>Flexible Standards:<\/b><span style=\"font-weight: 400;\"> Die Einrichtungen k\u00f6nnen zwischen den Empfehlungen des Herstellers oder dem alternativen ACR-Standard w\u00e4hlen.<\/span><\/li><li style=\"font-weight: 400;\" aria-level=\"1\"><b>Dauerhafte G\u00fcltigkeit: Der<\/b><span style=\"font-weight: 400;\"> ACR-Alternativstandard hat keine Zeitbegrenzung und bietet einen einheitlichen Ansatz zur Qualit\u00e4tssicherung.<\/span><\/li><\/ul><p><span style=\"font-weight: 400;\">Mit PerfectLums integriertem ACR-Test und der QA-Server-Synchronisation k\u00f6nnen Sie sicherstellen, dass Ihre Displays kontinuierlich die ACR-Anforderungen erf\u00fcllen und Ihre Compliance-Dokumentation optimieren.<\/span><\/p>\t\t\t\t\t\t\t\t<\/div>\n\t\t\t\t<\/div>\n\t\t\t\t\t<\/div>\n\t\t<\/div>\n\t\t\t\t\t<\/div>\n\t\t<\/section>\n\t\t\t\t<\/div>\n\t\t","protected":false},"excerpt":{"rendered":"<p>Heim Stellen Sie mit unserem Leitfaden zu MQSA und PerfectLum sicher, dass Ihre Mammographie-Displays den bundesstaatlichen Standards entsprechen. Hier erkl\u00e4ren [&hellip;]<\/p>\n","protected":false},"author":1,"featured_media":0,"parent":0,"menu_order":0,"comment_status":"closed","ping_status":"closed","template":"","meta":{"_acf_changed":false,"om_disable_all_campaigns":false,"_monsterinsights_skip_tracking":false,"_monsterinsights_sitenote_active":false,"_monsterinsights_sitenote_note":"","_monsterinsights_sitenote_category":0,"_uf_show_specific_survey":0,"_uf_disable_surveys":false,"site-sidebar-layout":"no-sidebar","site-content-layout":"","ast-site-content-layout":"full-width-container","site-content-style":"default","site-sidebar-style":"default","ast-global-header-display":"","ast-banner-title-visibility":"","ast-main-header-display":"","ast-hfb-above-header-display":"","ast-hfb-below-header-display":"","ast-hfb-mobile-header-display":"","site-post-title":"disabled","ast-breadcrumbs-content":"","ast-featured-img":"disabled","footer-sml-layout":"","ast-disable-related-posts":"","theme-transparent-header-meta":"","adv-header-id-meta":"","stick-header-meta":"","header-above-stick-meta":"","header-main-stick-meta":"","header-below-stick-meta":"","astra-migrate-meta-layouts":"default","ast-page-background-enabled":"default","ast-page-background-meta":{"desktop":{"background-color":"var(--ast-global-color-4)","background-image":"","background-repeat":"repeat","background-position":"center center","background-size":"auto","background-attachment":"scroll","background-type":"","background-media":"","overlay-type":"","overlay-color":"","overlay-opacity":"","overlay-gradient":""},"tablet":{"background-color":"","background-image":"","background-repeat":"repeat","background-position":"center center","background-size":"auto","background-attachment":"scroll","background-type":"","background-media":"","overlay-type":"","overlay-color":"","overlay-opacity":"","overlay-gradient":""},"mobile":{"background-color":"","background-image":"","background-repeat":"repeat","background-position":"center center","background-size":"auto","background-attachment":"scroll","background-type":"","background-media":"","overlay-type":"","overlay-color":"","overlay-opacity":"","overlay-gradient":""}},"ast-content-background-meta":{"desktop":{"background-color":"var(--ast-global-color-5)","background-image":"","background-repeat":"repeat","background-position":"center center","background-size":"auto","background-attachment":"scroll","background-type":"","background-media":"","overlay-type":"","overlay-color":"","overlay-opacity":"","overlay-gradient":""},"tablet":{"background-color":"var(--ast-global-color-5)","background-image":"","background-repeat":"repeat","background-position":"center center","background-size":"auto","background-attachment":"scroll","background-type":"","background-media":"","overlay-type":"","overlay-color":"","overlay-opacity":"","overlay-gradient":""},"mobile":{"background-color":"var(--ast-global-color-5)","background-image":"","background-repeat":"repeat","background-position":"center center","background-size":"auto","background-attachment":"scroll","background-type":"","background-media":"","overlay-type":"","overlay-color":"","overlay-opacity":"","overlay-gradient":""}},"footnotes":""},"class_list":["post-12978","page","type-page","status-publish","hentry"],"acf":[],"_links":{"self":[{"href":"https:\/\/qubyx.com\/de\/wp-json\/wp\/v2\/pages\/12978","targetHints":{"allow":["GET"]}}],"collection":[{"href":"https:\/\/qubyx.com\/de\/wp-json\/wp\/v2\/pages"}],"about":[{"href":"https:\/\/qubyx.com\/de\/wp-json\/wp\/v2\/types\/page"}],"author":[{"embeddable":true,"href":"https:\/\/qubyx.com\/de\/wp-json\/wp\/v2\/users\/1"}],"replies":[{"embeddable":true,"href":"https:\/\/qubyx.com\/de\/wp-json\/wp\/v2\/comments?post=12978"}],"version-history":[{"count":1,"href":"https:\/\/qubyx.com\/de\/wp-json\/wp\/v2\/pages\/12978\/revisions"}],"predecessor-version":[{"id":12981,"href":"https:\/\/qubyx.com\/de\/wp-json\/wp\/v2\/pages\/12978\/revisions\/12981"}],"wp:attachment":[{"href":"https:\/\/qubyx.com\/de\/wp-json\/wp\/v2\/media?parent=12978"}],"curies":[{"name":"wp","href":"https:\/\/api.w.org\/{rel}","templated":true}]}}