{"id":12564,"date":"2024-12-09T06:29:24","date_gmt":"2024-12-09T06:29:24","guid":{"rendered":"https:\/\/qubyx.com\/datenschutzerklaerung\/"},"modified":"2025-12-15T18:52:42","modified_gmt":"2025-12-15T18:52:42","slug":"datenschutzerklaerung","status":"publish","type":"page","link":"https:\/\/qubyx.com\/de\/datenschutzerklaerung\/","title":{"rendered":"Datenschutzerkl\u00e4rung"},"content":{"rendered":"\t\t<div data-elementor-type=\"wp-page\" data-elementor-id=\"12564\" class=\"elementor elementor-12564 elementor-8033\" data-elementor-post-type=\"page\">\n\t\t\t\t\t\t<section class=\"elementor-section elementor-top-section elementor-element elementor-element-5cc96f55 elementor-section-height-min-height elementor-section-boxed elementor-section-height-default elementor-section-items-middle\" data-id=\"5cc96f55\" data-element_type=\"section\" data-e-type=\"section\" data-settings=\"{&quot;background_background&quot;:&quot;classic&quot;}\">\n\t\t\t\t\t\t<div class=\"elementor-container elementor-column-gap-no\">\n\t\t\t\t\t<div class=\"elementor-column elementor-col-100 elementor-top-column elementor-element elementor-element-4bb35cbe\" data-id=\"4bb35cbe\" data-element_type=\"column\" data-e-type=\"column\">\n\t\t\t<div class=\"elementor-widget-wrap elementor-element-populated\">\n\t\t\t\t\t\t<section class=\"elementor-section elementor-inner-section elementor-element elementor-element-2174f0b8 elementor-section-boxed elementor-section-height-default elementor-section-height-default\" data-id=\"2174f0b8\" data-element_type=\"section\" data-e-type=\"section\">\n\t\t\t\t\t\t<div class=\"elementor-container elementor-column-gap-default\">\n\t\t\t\t\t<div class=\"elementor-column elementor-col-100 elementor-inner-column elementor-element elementor-element-4b5faa66\" data-id=\"4b5faa66\" data-element_type=\"column\" data-e-type=\"column\">\n\t\t\t<div class=\"elementor-widget-wrap elementor-element-populated\">\n\t\t\t\t\t\t<div class=\"elementor-element elementor-element-715882af elementor-widget elementor-widget-heading\" data-id=\"715882af\" data-element_type=\"widget\" data-e-type=\"widget\" data-widget_type=\"heading.default\">\n\t\t\t\t<div class=\"elementor-widget-container\">\n\t\t\t\t\t<h2 class=\"elementor-heading-title elementor-size-default\">Datenschutzerkl\u00e4rung<\/h2>\t\t\t\t<\/div>\n\t\t\t\t<\/div>\n\t\t\t\t<div class=\"elementor-element elementor-element-698fda0 elementor-icon-list--layout-inline elementor-list-item-link-full_width elementor-widget elementor-widget-icon-list\" data-id=\"698fda0\" data-element_type=\"widget\" data-e-type=\"widget\" data-widget_type=\"icon-list.default\">\n\t\t\t\t<div class=\"elementor-widget-container\">\n\t\t\t\t\t\t\t<ul class=\"elementor-icon-list-items elementor-inline-items\">\n\t\t\t\t\t\t\t<li class=\"elementor-icon-list-item elementor-inline-item\">\n\t\t\t\t\t\t\t\t\t\t\t<a href=\"https:\/\/qubyx.com\/de\/\">\n\n\t\t\t\t\t\t\t\t\t\t\t<span class=\"elementor-icon-list-text\">Heim<\/span>\n\t\t\t\t\t\t\t\t\t\t\t<\/a>\n\t\t\t\t\t\t\t\t\t<\/li>\n\t\t\t\t\t\t\t\t<li class=\"elementor-icon-list-item elementor-inline-item\">\n\t\t\t\t\t\t\t\t\t\t\t<span class=\"elementor-icon-list-icon\">\n\t\t\t\t\t\t\t<svg xmlns=\"http:\/\/www.w3.org\/2000\/svg\" width=\"24\" height=\"25\" viewBox=\"0 0 24 25\" fill=\"none\"><path d=\"M16.0002 12.5001C16.0009 12.6317 15.9757 12.7621 15.926 12.884C15.8762 13.0058 15.8029 13.1166 15.7102 13.2101L9.71019 19.2101C9.52188 19.3984 9.26649 19.5042 9.00019 19.5042C8.73388 19.5042 8.47849 19.3984 8.29019 19.2101C8.10188 19.0218 7.99609 18.7664 7.99609 18.5001C7.99609 18.2338 8.10188 17.9784 8.29019 17.7901L13.5902 12.5001L8.30019 7.21006C8.13636 7.01876 8.05075 6.77268 8.06047 6.52101C8.07019 6.26933 8.17453 6.03059 8.35262 5.8525C8.53072 5.6744 8.76946 5.57007 9.02113 5.56035C9.27281 5.55063 9.51888 5.63623 9.71018 5.80006L15.7102 11.8001C15.8949 11.9863 15.9991 12.2377 16.0002 12.5001Z\" fill=\"white\"><\/path><\/svg>\t\t\t\t\t\t<\/span>\n\t\t\t\t\t\t\t\t\t\t<span class=\"elementor-icon-list-text\"><\/span>\n\t\t\t\t\t\t\t\t\t<\/li>\n\t\t\t\t\t\t<\/ul>\n\t\t\t\t\t\t<\/div>\n\t\t\t\t<\/div>\n\t\t\t\t\t<\/div>\n\t\t<\/div>\n\t\t\t\t\t<\/div>\n\t\t<\/section>\n\t\t\t\t\t<\/div>\n\t\t<\/div>\n\t\t\t\t\t<\/div>\n\t\t<\/section>\n\t\t\t\t<section class=\"elementor-section elementor-top-section elementor-element elementor-element-394c9dd3 elementor-section-boxed elementor-section-height-default elementor-section-height-default\" data-id=\"394c9dd3\" data-element_type=\"section\" data-e-type=\"section\">\n\t\t\t\t\t\t<div class=\"elementor-container elementor-column-gap-no\">\n\t\t\t\t\t<div class=\"elementor-column elementor-col-100 elementor-top-column elementor-element elementor-element-46db329e\" data-id=\"46db329e\" data-element_type=\"column\" data-e-type=\"column\">\n\t\t\t<div class=\"elementor-widget-wrap elementor-element-populated\">\n\t\t\t\t\t\t<section class=\"elementor-section elementor-inner-section elementor-element elementor-element-6cea6484 elementor-section-boxed elementor-section-height-default elementor-section-height-default\" data-id=\"6cea6484\" data-element_type=\"section\" data-e-type=\"section\">\n\t\t\t\t\t\t<div class=\"elementor-container elementor-column-gap-default\">\n\t\t\t\t\t<div class=\"elementor-column elementor-col-100 elementor-inner-column elementor-element elementor-element-db87278\" data-id=\"db87278\" data-element_type=\"column\" data-e-type=\"column\">\n\t\t\t<div class=\"elementor-widget-wrap elementor-element-populated\">\n\t\t\t\t\t\t<div class=\"elementor-element elementor-element-5f8c706c forbidden elementor-widget elementor-widget-text-editor\" data-id=\"5f8c706c\" data-element_type=\"widget\" data-e-type=\"widget\" data-widget_type=\"text-editor.default\">\n\t\t\t\t<div class=\"elementor-widget-container\">\n\t\t\t\t\t\t\t\t\t<p>Bei QUBYX respektieren und sch\u00e4tzen wir Ihre Privatsph\u00e4re. Diese Richtlinie beschreibt die Ma\u00dfnahmen, die wir ergreifen, um die Informationen zu sch\u00fctzen, die Sie uns w\u00e4hrend Ihrer Besuche auf unserer Website mitteilen. Sammlung und Sicherheit personenbezogener Daten  <\/p><p>QUBYX verpflichtet sich, Ihre pers\u00f6nlichen Daten wie Name, Adresse und Beruf sicher und vertraulich zu halten. Wir ergreifen angemessene Ma\u00dfnahmen, um die personenbezogenen Daten, die wir von einzelnen Kunden sammeln, zu sch\u00fctzen und vor unbefugtem Zugriff oder Offenlegung zu sch\u00fctzen. Nutzung und Weitergabe pers\u00f6nlicher Informationen  <\/p><p>QUBYX verkauft oder teilt keine pers\u00f6nlichen Daten einzelner Kunden mit externen Organisationen zu Marketing- oder Werbezwecken. Wir k\u00f6nnen diese Informationen jedoch ausschlie\u00dflich vertrauensw\u00fcrdigen Agenten, Auftragnehmern oder Partnern zug\u00e4nglich machen, um QUBYX-Produkte und -Dienstleistungen anzubieten. Kommunikationspr\u00e4ferenzen  <\/p><p>Von Zeit zu Zeit senden wir Ihnen m\u00f6glicherweise Updates zu Produkten oder Dienstleistungen, von denen wir glauben, dass sie f\u00fcr Sie von Interesse sein k\u00f6nnten. Wenn Sie diese Mitteilungen nicht erhalten m\u00f6chten oder glauben, dass Sie sie irrt\u00fcmlich erhalten, kontaktieren Sie uns bitte, um von unserer Mailingliste entfernt zu werden. Sie erreichen uns \u00fcber [Kontaktmethode einf\u00fcgen, z. B. E-Mail oder Telefon].  <\/p><p><strong>Online-Shopping und Kreditkartensicherheit  <\/strong><\/p><p>Der Online-Einkaufswagen von QUBYX wird sicher in unserem Netzwerk gehostet, mit Ma\u00dfnahmen zum Schutz Ihrer Kreditkartendaten und zur Wahrung des Datenschutzes Ihrer Transaktionen.<\/p><p><strong>Cookies und Datenverfolgung  <\/strong><\/p><p>Wir nutzen &#8222;Cookie&#8220;-Technologie, um Ihr Browsing-Erlebnis zu verbessern und n\u00fctzliche Gesch\u00e4fts- und technische Daten zu sammeln. Cookies helfen uns, zu analysieren, wie Nutzer mit unserer Seite interagieren, etwa durch das Verfolgen von Navigationspfaden und Besuchermustern. Zus\u00e4tzlich nutzen wir Serverprotokolle f\u00fcr \u00e4hnliche Zwecke.  <\/p><p>Wenn Sie keine Cookies verwenden m\u00f6chten, erlauben die meisten Internetbrowser, diese \u00fcber die Browsereinstellungen zu deaktivieren. Bitte beachten Sie, dass das Deaktivieren von Cookies die Funktionalit\u00e4t bestimmter Website-Funktionen beeintr\u00e4chtigen kann.   <\/p><p><strong>Drittanbieter-Links  <\/strong><\/p><p>QUBYX kann gelegentlich Links zu Drittanbieter-Websites enthalten. Bitte beachten Sie, dass die Datenschutzpraktiken dieser Drittanbieter-Seiten nicht durch die Datenschutzrichtlinie von QUBYX abgedeckt sind. Daher geschieht die Nutzung dieser Seiten auf eigenes Risiko, und wir empfehlen Ihnen, ihre Datenschutzrichtlinien zu pr\u00fcfen, bevor Sie pers\u00f6nliche Informationen bereitstellen.  <\/p>\t\t\t\t\t\t\t\t<\/div>\n\t\t\t\t<\/div>\n\t\t\t\t\t<\/div>\n\t\t<\/div>\n\t\t\t\t\t<\/div>\n\t\t<\/section>\n\t\t\t\t\t<\/div>\n\t\t<\/div>\n\t\t\t\t\t<\/div>\n\t\t<\/section>\n\t\t\t\t<\/div>\n\t\t","protected":false},"excerpt":{"rendered":"<p>Datenschutzerkl\u00e4rung Heim Bei QUBYX respektieren und sch\u00e4tzen wir Ihre Privatsph\u00e4re. Diese Richtlinie beschreibt die Ma\u00dfnahmen, die wir ergreifen, um die [&hellip;]<\/p>\n","protected":false},"author":1,"featured_media":0,"parent":0,"menu_order":0,"comment_status":"closed","ping_status":"closed","template":"","meta":{"_acf_changed":false,"om_disable_all_campaigns":false,"_monsterinsights_skip_tracking":false,"_monsterinsights_sitenote_active":false,"_monsterinsights_sitenote_note":"","_monsterinsights_sitenote_category":0,"_uf_show_specific_survey":0,"_uf_disable_surveys":false,"site-sidebar-layout":"no-sidebar","site-content-layout":"","ast-site-content-layout":"full-width-container","site-content-style":"default","site-sidebar-style":"default","ast-global-header-display":"","ast-banner-title-visibility":"","ast-main-header-display":"","ast-hfb-above-header-display":"","ast-hfb-below-header-display":"","ast-hfb-mobile-header-display":"","site-post-title":"disabled","ast-breadcrumbs-content":"","ast-featured-img":"disabled","footer-sml-layout":"","ast-disable-related-posts":"","theme-transparent-header-meta":"","adv-header-id-meta":"","stick-header-meta":"","header-above-stick-meta":"","header-main-stick-meta":"","header-below-stick-meta":"","astra-migrate-meta-layouts":"default","ast-page-background-enabled":"default","ast-page-background-meta":{"desktop":{"background-color":"var(--ast-global-color-4)","background-image":"","background-repeat":"repeat","background-position":"center center","background-size":"auto","background-attachment":"scroll","background-type":"","background-media":"","overlay-type":"","overlay-color":"","overlay-opacity":"","overlay-gradient":""},"tablet":{"background-color":"","background-image":"","background-repeat":"repeat","background-position":"center center","background-size":"auto","background-attachment":"scroll","background-type":"","background-media":"","overlay-type":"","overlay-color":"","overlay-opacity":"","overlay-gradient":""},"mobile":{"background-color":"","background-image":"","background-repeat":"repeat","background-position":"center center","background-size":"auto","background-attachment":"scroll","background-type":"","background-media":"","overlay-type":"","overlay-color":"","overlay-opacity":"","overlay-gradient":""}},"ast-content-background-meta":{"desktop":{"background-color":"var(--ast-global-color-5)","background-image":"","background-repeat":"repeat","background-position":"center center","background-size":"auto","background-attachment":"scroll","background-type":"","background-media":"","overlay-type":"","overlay-color":"","overlay-opacity":"","overlay-gradient":""},"tablet":{"background-color":"var(--ast-global-color-5)","background-image":"","background-repeat":"repeat","background-position":"center center","background-size":"auto","background-attachment":"scroll","background-type":"","background-media":"","overlay-type":"","overlay-color":"","overlay-opacity":"","overlay-gradient":""},"mobile":{"background-color":"var(--ast-global-color-5)","background-image":"","background-repeat":"repeat","background-position":"center center","background-size":"auto","background-attachment":"scroll","background-type":"","background-media":"","overlay-type":"","overlay-color":"","overlay-opacity":"","overlay-gradient":""}},"footnotes":""},"class_list":["post-12564","page","type-page","status-publish","hentry"],"acf":[],"_links":{"self":[{"href":"https:\/\/qubyx.com\/de\/wp-json\/wp\/v2\/pages\/12564","targetHints":{"allow":["GET"]}}],"collection":[{"href":"https:\/\/qubyx.com\/de\/wp-json\/wp\/v2\/pages"}],"about":[{"href":"https:\/\/qubyx.com\/de\/wp-json\/wp\/v2\/types\/page"}],"author":[{"embeddable":true,"href":"https:\/\/qubyx.com\/de\/wp-json\/wp\/v2\/users\/1"}],"replies":[{"embeddable":true,"href":"https:\/\/qubyx.com\/de\/wp-json\/wp\/v2\/comments?post=12564"}],"version-history":[{"count":1,"href":"https:\/\/qubyx.com\/de\/wp-json\/wp\/v2\/pages\/12564\/revisions"}],"predecessor-version":[{"id":12567,"href":"https:\/\/qubyx.com\/de\/wp-json\/wp\/v2\/pages\/12564\/revisions\/12567"}],"wp:attachment":[{"href":"https:\/\/qubyx.com\/de\/wp-json\/wp\/v2\/media?parent=12564"}],"curies":[{"name":"wp","href":"https:\/\/api.w.org\/{rel}","templated":true}]}}