{"id":12552,"date":"2024-12-09T06:29:19","date_gmt":"2024-12-09T06:29:19","guid":{"rendered":"https:\/\/qubyx.com\/geschaefts-und-geschaeftsbedingungen\/"},"modified":"2025-12-15T18:52:12","modified_gmt":"2025-12-15T18:52:12","slug":"geschaefts-und-geschaeftsbedingungen","status":"publish","type":"page","link":"https:\/\/qubyx.com\/de\/geschaefts-und-geschaeftsbedingungen\/","title":{"rendered":"Gesch\u00e4fts- und Gesch\u00e4ftsbedingungen"},"content":{"rendered":"\t\t<div data-elementor-type=\"wp-page\" data-elementor-id=\"12552\" class=\"elementor elementor-12552 elementor-8025\" data-elementor-post-type=\"page\">\n\t\t\t\t\t\t<section class=\"elementor-section elementor-top-section elementor-element elementor-element-6db08564 elementor-section-height-min-height elementor-section-boxed elementor-section-height-default elementor-section-items-middle\" data-id=\"6db08564\" data-element_type=\"section\" data-e-type=\"section\" data-settings=\"{&quot;background_background&quot;:&quot;classic&quot;}\">\n\t\t\t\t\t\t<div class=\"elementor-container elementor-column-gap-no\">\n\t\t\t\t\t<div class=\"elementor-column elementor-col-100 elementor-top-column elementor-element elementor-element-6696c3bf\" data-id=\"6696c3bf\" data-element_type=\"column\" data-e-type=\"column\">\n\t\t\t<div class=\"elementor-widget-wrap elementor-element-populated\">\n\t\t\t\t\t\t<section class=\"elementor-section elementor-inner-section elementor-element elementor-element-15ea09a elementor-section-boxed elementor-section-height-default elementor-section-height-default\" data-id=\"15ea09a\" data-element_type=\"section\" data-e-type=\"section\">\n\t\t\t\t\t\t<div class=\"elementor-container elementor-column-gap-default\">\n\t\t\t\t\t<div class=\"elementor-column elementor-col-100 elementor-inner-column elementor-element elementor-element-672ab554\" data-id=\"672ab554\" data-element_type=\"column\" data-e-type=\"column\">\n\t\t\t<div class=\"elementor-widget-wrap elementor-element-populated\">\n\t\t\t\t\t\t<div class=\"elementor-element elementor-element-63b1036 elementor-widget elementor-widget-heading\" data-id=\"63b1036\" data-element_type=\"widget\" data-e-type=\"widget\" data-widget_type=\"heading.default\">\n\t\t\t\t<div class=\"elementor-widget-container\">\n\t\t\t\t\t<h2 class=\"elementor-heading-title elementor-size-default\">R\u00fcckerstattungen und Gesch\u00e4ftsbedingungen<\/h2>\t\t\t\t<\/div>\n\t\t\t\t<\/div>\n\t\t\t\t<div class=\"elementor-element elementor-element-123f8113 elementor-icon-list--layout-inline elementor-list-item-link-full_width elementor-widget elementor-widget-icon-list\" data-id=\"123f8113\" data-element_type=\"widget\" data-e-type=\"widget\" data-widget_type=\"icon-list.default\">\n\t\t\t\t<div class=\"elementor-widget-container\">\n\t\t\t\t\t\t\t<ul class=\"elementor-icon-list-items elementor-inline-items\">\n\t\t\t\t\t\t\t<li class=\"elementor-icon-list-item elementor-inline-item\">\n\t\t\t\t\t\t\t\t\t\t\t<a href=\"https:\/\/qubyx.com\/de\/\">\n\n\t\t\t\t\t\t\t\t\t\t\t<span class=\"elementor-icon-list-text\">Heim<\/span>\n\t\t\t\t\t\t\t\t\t\t\t<\/a>\n\t\t\t\t\t\t\t\t\t<\/li>\n\t\t\t\t\t\t\t\t<li class=\"elementor-icon-list-item elementor-inline-item\">\n\t\t\t\t\t\t\t\t\t\t\t<span class=\"elementor-icon-list-icon\">\n\t\t\t\t\t\t\t<svg xmlns=\"http:\/\/www.w3.org\/2000\/svg\" width=\"24\" height=\"25\" viewBox=\"0 0 24 25\" fill=\"none\"><path d=\"M16.0002 12.5001C16.0009 12.6317 15.9757 12.7621 15.926 12.884C15.8762 13.0058 15.8029 13.1166 15.7102 13.2101L9.71019 19.2101C9.52188 19.3984 9.26649 19.5042 9.00019 19.5042C8.73388 19.5042 8.47849 19.3984 8.29019 19.2101C8.10188 19.0218 7.99609 18.7664 7.99609 18.5001C7.99609 18.2338 8.10188 17.9784 8.29019 17.7901L13.5902 12.5001L8.30019 7.21006C8.13636 7.01876 8.05075 6.77268 8.06047 6.52101C8.07019 6.26933 8.17453 6.03059 8.35262 5.8525C8.53072 5.6744 8.76946 5.57007 9.02113 5.56035C9.27281 5.55063 9.51888 5.63623 9.71018 5.80006L15.7102 11.8001C15.8949 11.9863 15.9991 12.2377 16.0002 12.5001Z\" fill=\"white\"><\/path><\/svg>\t\t\t\t\t\t<\/span>\n\t\t\t\t\t\t\t\t\t\t<span class=\"elementor-icon-list-text\">R\u00fcckerstattungen und Gesch\u00e4ftsbedingungen<\/span>\n\t\t\t\t\t\t\t\t\t<\/li>\n\t\t\t\t\t\t<\/ul>\n\t\t\t\t\t\t<\/div>\n\t\t\t\t<\/div>\n\t\t\t\t\t<\/div>\n\t\t<\/div>\n\t\t\t\t\t<\/div>\n\t\t<\/section>\n\t\t\t\t\t<\/div>\n\t\t<\/div>\n\t\t\t\t\t<\/div>\n\t\t<\/section>\n\t\t\t\t<section class=\"elementor-section elementor-top-section elementor-element elementor-element-18b1d789 elementor-section-boxed elementor-section-height-default elementor-section-height-default\" data-id=\"18b1d789\" data-element_type=\"section\" data-e-type=\"section\">\n\t\t\t\t\t\t<div class=\"elementor-container elementor-column-gap-no\">\n\t\t\t\t\t<div class=\"elementor-column elementor-col-100 elementor-top-column elementor-element elementor-element-5ca05451\" data-id=\"5ca05451\" data-element_type=\"column\" data-e-type=\"column\">\n\t\t\t<div class=\"elementor-widget-wrap elementor-element-populated\">\n\t\t\t\t\t\t<section class=\"elementor-section elementor-inner-section elementor-element elementor-element-48b58a2d elementor-section-boxed elementor-section-height-default elementor-section-height-default\" data-id=\"48b58a2d\" data-element_type=\"section\" data-e-type=\"section\">\n\t\t\t\t\t\t<div class=\"elementor-container elementor-column-gap-default\">\n\t\t\t\t\t<div class=\"elementor-column elementor-col-100 elementor-inner-column elementor-element elementor-element-1f93f84\" data-id=\"1f93f84\" data-element_type=\"column\" data-e-type=\"column\">\n\t\t\t<div class=\"elementor-widget-wrap elementor-element-populated\">\n\t\t\t\t\t\t<div class=\"elementor-element elementor-element-d18d21b elementor-widget elementor-widget-heading\" data-id=\"d18d21b\" data-element_type=\"widget\" data-e-type=\"widget\" data-widget_type=\"heading.default\">\n\t\t\t\t<div class=\"elementor-widget-container\">\n\t\t\t\t\t<h3 class=\"elementor-heading-title elementor-size-default\">Rechtliche Vereinbarung zwischen Ihnen und QUBYX Limited\n (QUBYX)<\/h3>\t\t\t\t<\/div>\n\t\t\t\t<\/div>\n\t\t\t\t<div class=\"elementor-element elementor-element-29623da2 forbidden elementor-widget elementor-widget-text-editor\" data-id=\"29623da2\" data-element_type=\"widget\" data-e-type=\"widget\" data-widget_type=\"text-editor.default\">\n\t\t\t\t<div class=\"elementor-widget-container\">\n\t\t\t\t\t\t\t\t\t<p><strong>R\u00fcckerstattungen<\/strong><br>R\u00fcckerstattungen sind f\u00fcr Softwarek\u00e4ufe m\u00f6glich, sofern die Softwarelizenz nicht registriert wurde. Wenn Sie ein QUBYX-Softwareprodukt gekauft haben, aber die Lizenz nicht registriert haben, sind Sie berechtigt, eine vollst\u00e4ndige R\u00fcckerstattung zu beantragen. <\/p><p><strong>Berechtigung<\/strong><br>Um sich f\u00fcr eine R\u00fcckerstattung zu qualifizieren, m\u00fcssen Sie Ihren Antrag innerhalb von 30 Tagen nach dem Kaufdatum einreichen. Bitte legen Sie einen Kaufnachweis vor und stellen Sie sicher, dass die Softwarelizenz nicht registriert bleibt. Ablauf<br>Um eine R\u00fcckerstattung zu initiieren, wenden Sie sich bitte an unser Kundensupport-Team mit Ihren Kaufdaten. Sobald dies best\u00e4tigt ist, bearbeiten wir Ihre R\u00fcckerstattung umgehend.   <\/p><p><strong>Lizenz-Zur\u00fccksetzungsrichtlinie<\/strong><br>In Anerkennung technischer Probleme bietet QUBYX einen Lizenz-Reset-Service unter folgenden Bedingungen an:<\/p><p><strong>Zeitrahmen<\/strong><br>Lizenznummern k\u00f6nnen innerhalb der ersten zwei Jahre nach dem urspr\u00fcnglichen Kaufdatum zur\u00fcckgesetzt werden.<\/p><p><strong>Grenze<\/strong><br>Jede Lizenznummer ist innerhalb dieses zweij\u00e4hrigen Zeitraums maximal f\u00fcr zwei Zur\u00fccksetzungen berechtigt.<\/p><p><strong>Anfrage<\/strong><br>Um einen Lizenzreset zu beantragen, kontaktieren Sie bitte unser Support-Team mit Ihren Lizenzdaten und dem Grund f\u00fcr den Zur\u00fccksetzung. Unser Team begleitet Sie durch den gesamten Prozess.<br>Bitte beachten Sie: Diese Richtlinien k\u00f6nnen sich \u00e4ndern. Kunden werden ermutigt, die Gesch\u00e4ftsbedingungen regelm\u00e4\u00dfig zu pr\u00fcfen.  <\/p><h3>Nutzungsbedingungen<\/h3><p><strong>Zugang und Nutzung<\/strong> Ihr Zugriff auf und Ihre Nutzung der QUBYX-Website stellt die Zustimmung zu dieser Vereinbarung dar. Durch den Aufruf, das Durchst\u00f6bern und\/oder die Nutzung der Seite best\u00e4tigen Sie, dass Sie die Bedingungen gelesen, verstanden und ihnen ohne Einschr\u00e4nkung oder Einschr\u00e4nkung zugestimmt haben. Wenn Sie nicht zustimmen, verzichten Sie bitte darauf, die Seite zu nutzen.  <\/p><p><strong>Urheberrecht<\/strong> Alle Materialien auf der QUBYX-Seite sind geistiges Eigentum von QUBYX oder des urspr\u00fcnglichen Erstellers. Diese Materialien d\u00fcrfen ohne vorherige schriftliche Genehmigung von QUBYX nicht kopiert, reproduziert, verteilt, neu ver\u00f6ffentlicht, heruntergeladen, angezeigt, ver\u00f6ffentlicht oder \u00fcbertragen werden, es sei denn, es ist ausdr\u00fccklich in dieser Vereinbarung erlaubt. <\/p><p><strong>Haftung<\/strong> QUBYX garantiert nicht, dass die Nutzung der Materialien auf seiner Website keine Rechte Dritter verletzt. Dar\u00fcber hinaus lehnt QUBYX jegliche Haftung oder Verantwortung f\u00fcr Fehler, Auslassungen oder Ungenauigkeiten im Inhalt seiner Website aus. <\/p><p>QUBYX, seine Vertreter, Partner oder Partner haften unter keinen Umst\u00e4nden f\u00fcr direkte, zuf\u00e4llige, indirekte, indirekte, besondere, beispielhafte oder strafende Sch\u00e4den, die sich aus dem Zugriff auf, der Nutzung oder dem Surfen der QUBYX-Website ergeben. Diese Ausschl\u00fcsse umfassen, sind aber nicht beschr\u00e4nkt auf, Datenverlust, Gewinn oder Kosten im Zusammenhang mit Reparatur oder Korrektur von Ger\u00e4ten. <\/p><p>Einige Rechtsordnungen erlauben den Ausschluss oder die Begrenzung von nebens\u00e4chlichen oder folgenhaften Sch\u00e4den nicht. In solchen F\u00e4llen gelten diese Einschr\u00e4nkungen m\u00f6glicherweise nicht vollst\u00e4ndig f\u00fcr Sie. <\/p><p>Haftungsausschluss Die QUBYX-Seite wird &#8222;wie sie ist&#8220; bereitgestellt, ohne jegliche Garantie jeglicher Art, sei ausdr\u00fccklich oder stillschweigend. Dies umfasst, aber ist nicht beschr\u00e4nkt auf, Garantien auf Verkaufsf\u00e4higkeit, Eignung f\u00fcr einen bestimmten Zweck oder Nichtverletzung. <\/p><p>QUBYX lehnt jegliche Haftung f\u00fcr Sch\u00e4den ab, die durch Viren oder andere sch\u00e4dliche Komponenten verursacht werden, die w\u00e4hrend Ihrer Interaktion mit der QUBYX-Website Ihren Computer, Ihre Software oder Daten beeintr\u00e4chtigen k\u00f6nnten.<\/p><h3>Zus\u00e4tzliche Begriffe<\/h3><p><strong>Eingeschr\u00e4nkte Rechte:<\/strong> Der Inhalt der QUBYX-Seite unterliegt eingeschr\u00e4nkten Rechten. Jede Nutzung, Vervielf\u00e4ltigung oder Offenlegung durch die Regierung unterliegt den geltenden Beschr\u00e4nkungen, die die Eigentumsrechte von QUBYX anerkennen. <\/p><p><strong>Verbotene Handlungen:<\/strong> Du darfst keinen Teil des QUBYX-Inhalts auf einem anderen Server ohne ausdr\u00fcckliche Erlaubnis spiegeln.<\/p><p><strong>Preisgestaltung und technische Informationen:<\/strong> Alle auf der QUBYX-Seite aufgef\u00fchrten Preise k\u00f6nnen ohne Vorank\u00fcndigung ge\u00e4ndert werden. Ebenso werden technische Informationen ohne vorherige Vorank\u00fcndigung aktualisiert. <\/p><p><strong>\u00dcberarbeitungen:<\/strong> QUBYX kann diese Gesch\u00e4ftsbedingungen jederzeit durch Aktualisierung dieser Seite \u00fcberarbeiten. Indem Sie die QUBYX-Seite weiterhin nutzen, stimmen Sie zu, an die aktuellsten Gesch\u00e4ftsbedingungen gebunden zu sein. Bitte lesen Sie diese Seite regelm\u00e4\u00dfig f\u00fcr Updates.  <\/p>\t\t\t\t\t\t\t\t<\/div>\n\t\t\t\t<\/div>\n\t\t\t\t\t<\/div>\n\t\t<\/div>\n\t\t\t\t\t<\/div>\n\t\t<\/section>\n\t\t\t\t\t<\/div>\n\t\t<\/div>\n\t\t\t\t\t<\/div>\n\t\t<\/section>\n\t\t\t\t<\/div>\n\t\t","protected":false},"excerpt":{"rendered":"<p>R\u00fcckerstattungen und Gesch\u00e4ftsbedingungen Heim R\u00fcckerstattungen und Gesch\u00e4ftsbedingungen Rechtliche Vereinbarung zwischen Ihnen und QUBYX Limited (QUBYX) R\u00fcckerstattungenR\u00fcckerstattungen sind f\u00fcr Softwarek\u00e4ufe m\u00f6glich, [&hellip;]<\/p>\n","protected":false},"author":1,"featured_media":0,"parent":0,"menu_order":0,"comment_status":"closed","ping_status":"closed","template":"","meta":{"_acf_changed":false,"om_disable_all_campaigns":false,"_monsterinsights_skip_tracking":false,"_monsterinsights_sitenote_active":false,"_monsterinsights_sitenote_note":"","_monsterinsights_sitenote_category":0,"_uf_show_specific_survey":0,"_uf_disable_surveys":false,"site-sidebar-layout":"no-sidebar","site-content-layout":"","ast-site-content-layout":"full-width-container","site-content-style":"default","site-sidebar-style":"default","ast-global-header-display":"","ast-banner-title-visibility":"","ast-main-header-display":"","ast-hfb-above-header-display":"","ast-hfb-below-header-display":"","ast-hfb-mobile-header-display":"","site-post-title":"disabled","ast-breadcrumbs-content":"","ast-featured-img":"disabled","footer-sml-layout":"","ast-disable-related-posts":"","theme-transparent-header-meta":"","adv-header-id-meta":"","stick-header-meta":"","header-above-stick-meta":"","header-main-stick-meta":"","header-below-stick-meta":"","astra-migrate-meta-layouts":"default","ast-page-background-enabled":"default","ast-page-background-meta":{"desktop":{"background-color":"var(--ast-global-color-4)","background-image":"","background-repeat":"repeat","background-position":"center center","background-size":"auto","background-attachment":"scroll","background-type":"","background-media":"","overlay-type":"","overlay-color":"","overlay-opacity":"","overlay-gradient":""},"tablet":{"background-color":"","background-image":"","background-repeat":"repeat","background-position":"center center","background-size":"auto","background-attachment":"scroll","background-type":"","background-media":"","overlay-type":"","overlay-color":"","overlay-opacity":"","overlay-gradient":""},"mobile":{"background-color":"","background-image":"","background-repeat":"repeat","background-position":"center center","background-size":"auto","background-attachment":"scroll","background-type":"","background-media":"","overlay-type":"","overlay-color":"","overlay-opacity":"","overlay-gradient":""}},"ast-content-background-meta":{"desktop":{"background-color":"var(--ast-global-color-5)","background-image":"","background-repeat":"repeat","background-position":"center center","background-size":"auto","background-attachment":"scroll","background-type":"","background-media":"","overlay-type":"","overlay-color":"","overlay-opacity":"","overlay-gradient":""},"tablet":{"background-color":"var(--ast-global-color-5)","background-image":"","background-repeat":"repeat","background-position":"center center","background-size":"auto","background-attachment":"scroll","background-type":"","background-media":"","overlay-type":"","overlay-color":"","overlay-opacity":"","overlay-gradient":""},"mobile":{"background-color":"var(--ast-global-color-5)","background-image":"","background-repeat":"repeat","background-position":"center center","background-size":"auto","background-attachment":"scroll","background-type":"","background-media":"","overlay-type":"","overlay-color":"","overlay-opacity":"","overlay-gradient":""}},"footnotes":""},"class_list":["post-12552","page","type-page","status-publish","hentry"],"acf":[],"_links":{"self":[{"href":"https:\/\/qubyx.com\/de\/wp-json\/wp\/v2\/pages\/12552","targetHints":{"allow":["GET"]}}],"collection":[{"href":"https:\/\/qubyx.com\/de\/wp-json\/wp\/v2\/pages"}],"about":[{"href":"https:\/\/qubyx.com\/de\/wp-json\/wp\/v2\/types\/page"}],"author":[{"embeddable":true,"href":"https:\/\/qubyx.com\/de\/wp-json\/wp\/v2\/users\/1"}],"replies":[{"embeddable":true,"href":"https:\/\/qubyx.com\/de\/wp-json\/wp\/v2\/comments?post=12552"}],"version-history":[{"count":1,"href":"https:\/\/qubyx.com\/de\/wp-json\/wp\/v2\/pages\/12552\/revisions"}],"predecessor-version":[{"id":12556,"href":"https:\/\/qubyx.com\/de\/wp-json\/wp\/v2\/pages\/12552\/revisions\/12556"}],"wp:attachment":[{"href":"https:\/\/qubyx.com\/de\/wp-json\/wp\/v2\/media?parent=12552"}],"curies":[{"name":"wp","href":"https:\/\/api.w.org\/{rel}","templated":true}]}}